{"id":200138,"date":"2025-03-22T13:29:50","date_gmt":"2025-03-22T13:29:50","guid":{"rendered":"https:\/\/aromasentia.com\/product\/108-bead-mala-9-planet-astro\/"},"modified":"2025-06-22T03:25:55","modified_gmt":"2025-06-22T03:25:55","slug":"mala-med-108-perler-9-planet-astro","status":"publish","type":"product","link":"https:\/\/aromasentia.com\/da\/mala-med-108-perler-9-planet-astro\/","title":{"rendered":"Mala med 108 Perler &#8211; 9 Planet Astro"},"content":{"rendered":"<p><span style=\"color: rgb(75, 80, 88);\"><strong>Vi pr\u00e6senterer Perle Mala &#8211; 9 Planet Astro,<\/strong> et smukt og indviklet smykke, der ikke kun ser fantastisk ud, men ogs\u00e5 har stor betydning inden for astrologi.<\/span><\/p>\n<p><span style=\"color: rgb(75, 80, 88);\">Denne perlemala best\u00e5r af 108 perler, <strong>der hver repr\u00e6senterer en af de ni planeter inden for astrologi &#8211; Solen, M\u00e5nen, Mars, Merkur, Jupiter, Venus, Saturn, Rahu og Ketu.<\/strong><\/span><\/p>\n<p><span style=\"color: rgb(75, 80, 88);\">Denne mala er ikke kun et smukt tilbeh\u00f8r, men den kan ogs\u00e5 bruges i spirituelle praksisser s\u00e5som meditation og sang. Hver gang du bruger malaen, kan du fokusere p\u00e5 en specifik planet og dens energi, hvilket hj\u00e6lper med at justere og balancere din energi med universets.<\/span><\/p>\n<p><span style=\"color: rgb(75, 80, 88);\">Perle Mala &#8211; 9 Planet Astro er en <strong>perfekt gave til alle, der er interesserede i astrologi, spiritualitet<\/strong>, eller som blot leder efter et unikt og meningsfuldt smykke.<\/span><\/p>\n<p><span style=\"color: rgb(75, 80, 88);\"><strong>Bem\u00e6rk venligst:<\/strong> P\u00e5 grund af \u00e6delstenens natur kan hver mala-perles st\u00f8rrelse og l\u00e6ngde variere.<em>Perlernes st\u00f8rrelse er ca. 0,6 cm til 0,8 cm, og l\u00e6ngden er ca. 60 cm til 80 cm.<\/em><\/span><\/p>\n","protected":false},"excerpt":{"rendered":"<p>Vi pr\u00e6senterer Perle Mala &#8211; 9 Planet Astro, et smukt og indviklet smykke, der ikke kun ser fantastisk ud, men ogs\u00e5 har stor betydning inden for astrologi. Denne perlemala best\u00e5r af 108 perler, der hver repr\u00e6senterer en af de ni planeter inden for astrologi &#8211; Solen, M\u00e5nen, Mars, Merkur, Jupiter, Venus, Saturn, Rahu og Ketu. [&hellip;]<\/p>\n","protected":false},"featured_media":337100,"comment_status":"closed","ping_status":"open","template":"","meta":{"_angie_page":false},"product_brand":[],"product_cat":[6950,6243],"product_tag":[],"class_list":{"0":"post-200138","1":"product","2":"type-product","3":"status-publish","4":"has-post-thumbnail","6":"product_cat-aedelstens-smykker-og-accessories","7":"product_cat-esoteriske-gaver","8":"pa_collection-gemstone-mala-beads-da","9":"pa_made-in-indien","11":"first","12":"instock","13":"purchasable","14":"product-type-simple"},"supplier_id":null,"supplier_sku":"GMala-01","barcode":null,"atum_controlled":true,"out_stock_date":null,"out_stock_threshold":null,"inheritable":false,"inbound_stock":null,"stock_on_hold":0,"sold_today":0,"sales_last_days":0,"reserved_stock":null,"customer_returns":null,"warehouse_damage":null,"lost_in_post":null,"other_logs":null,"out_stock_days":0,"lost_sales":0,"has_location":null,"update_date":"2026-05-04T00:03:55","atum_locations":[],"atum_stock_status":"instock","restock_status":false,"low_stock_amount":"","sales_update_date":"2026-01-30T01:24:29","calc_backorders":null,"_links":{"self":[{"href":"https:\/\/aromasentia.com\/da\/wp-json\/wp\/v2\/product\/200138","targetHints":{"allow":["GET"]}}],"collection":[{"href":"https:\/\/aromasentia.com\/da\/wp-json\/wp\/v2\/product"}],"about":[{"href":"https:\/\/aromasentia.com\/da\/wp-json\/wp\/v2\/types\/product"}],"replies":[{"embeddable":true,"href":"https:\/\/aromasentia.com\/da\/wp-json\/wp\/v2\/comments?post=200138"}],"version-history":[{"count":0,"href":"https:\/\/aromasentia.com\/da\/wp-json\/wp\/v2\/product\/200138\/revisions"}],"wp:featuredmedia":[{"embeddable":true,"href":"https:\/\/aromasentia.com\/da\/wp-json\/wp\/v2\/media\/337100"}],"wp:attachment":[{"href":"https:\/\/aromasentia.com\/da\/wp-json\/wp\/v2\/media?parent=200138"}],"wp:term":[{"taxonomy":"product_brand","embeddable":true,"href":"https:\/\/aromasentia.com\/da\/wp-json\/wp\/v2\/product_brand?post=200138"},{"taxonomy":"product_cat","embeddable":true,"href":"https:\/\/aromasentia.com\/da\/wp-json\/wp\/v2\/product_cat?post=200138"},{"taxonomy":"product_tag","embeddable":true,"href":"https:\/\/aromasentia.com\/da\/wp-json\/wp\/v2\/product_tag?post=200138"}],"curies":[{"name":"wp","href":"https:\/\/api.w.org\/{rel}","templated":true}]}}