{"id":200137,"date":"2025-03-22T13:29:50","date_gmt":"2025-03-22T13:29:50","guid":{"rendered":"https:\/\/aromasentia.com\/product\/gemstone-faceted-healing-ball-stand-tigereye\/"},"modified":"2025-06-22T03:25:55","modified_gmt":"2025-06-22T03:25:55","slug":"facetsten-healende-kugle-og-stativ-tigereye","status":"publish","type":"product","link":"https:\/\/aromasentia.com\/da\/facetsten-healende-kugle-og-stativ-tigereye\/","title":{"rendered":"Facetsten Healende Kugle Og Stativ &#8211; Tigereye"},"content":{"rendered":"<p><strong>Wholesale Tiger Eye Faceted Healing Ball<\/strong> &#8211; Tiger\u00f8jet er kendt for sin gyldenbrune farve og glitrende b\u00e5nd, der ligner et tiger\u00f8je. Kuglen er ledsaget af tr\u00e6stativer i en lysebrun farve.<\/p>\n<p>Det handler om at fremme selvtillid og styrke. Denne \u00e6delsten er forbundet med rod- og solar plexus-chakraerne og giver dine kunder et boost af empowerment. Den er en fantastisk tilf\u00f8jelse til din spirituelle butik.<\/p>\n<p>N\u00e5r du fremviser disse \u00e6delsten, skal du s\u00f8rge for at placere dem strategisk i din butik. Deres levende farver og individuelle betydninger vil helt sikkert fange dine kunders opm\u00e6rksomhed.<\/p>\n<p>Dine kunder vil s\u00e6tte pris p\u00e5 denne holistiske m\u00e5de at forbedre deres velbefindende p\u00e5.<\/p>\n<p><strong>M\u00e5l:&nbsp;<\/strong>Kugle &#8211; ca. 5,5 cm; Kugle med stativ &#8211; ca. 10 cm<\/p>\n","protected":false},"excerpt":{"rendered":"<p>Wholesale Tiger Eye Faceted Healing Ball &#8211; Tiger\u00f8jet er kendt for sin gyldenbrune farve og glitrende b\u00e5nd, der ligner et tiger\u00f8je. Kuglen er ledsaget af tr\u00e6stativer i en lysebrun farve. Det handler om at fremme selvtillid og styrke. Denne \u00e6delsten er forbundet med rod- og solar plexus-chakraerne og giver dine kunder et boost af empowerment. [&hellip;]<\/p>\n","protected":false},"featured_media":337067,"comment_status":"closed","ping_status":"open","template":"","meta":{"_angie_page":false},"product_brand":[],"product_cat":[6243,25222,6869,25781],"product_tag":[],"class_list":{"0":"post-200137","1":"product","2":"type-product","3":"status-publish","4":"has-post-thumbnail","6":"product_cat-esoteriske-gaver","7":"product_cat-krystaller-og-sten","8":"product_cat-lommesten","9":"product_cat-tigeroje","10":"pa_collection-gemstone-healing-balls-with-stand-da","11":"pa_made-in-indien","13":"first","14":"instock","15":"purchasable","16":"product-type-simple"},"supplier_id":null,"supplier_sku":"GHB-05","barcode":null,"atum_controlled":true,"out_stock_date":null,"out_stock_threshold":null,"inheritable":false,"inbound_stock":null,"stock_on_hold":0,"sold_today":0,"sales_last_days":0,"reserved_stock":null,"customer_returns":null,"warehouse_damage":null,"lost_in_post":null,"other_logs":null,"out_stock_days":0,"lost_sales":0,"has_location":null,"update_date":"2026-04-27T07:05:41","atum_locations":[],"atum_stock_status":"instock","restock_status":false,"low_stock_amount":"","sales_update_date":"2026-01-30T01:24:49","calc_backorders":null,"_links":{"self":[{"href":"https:\/\/aromasentia.com\/da\/wp-json\/wp\/v2\/product\/200137","targetHints":{"allow":["GET"]}}],"collection":[{"href":"https:\/\/aromasentia.com\/da\/wp-json\/wp\/v2\/product"}],"about":[{"href":"https:\/\/aromasentia.com\/da\/wp-json\/wp\/v2\/types\/product"}],"replies":[{"embeddable":true,"href":"https:\/\/aromasentia.com\/da\/wp-json\/wp\/v2\/comments?post=200137"}],"version-history":[{"count":0,"href":"https:\/\/aromasentia.com\/da\/wp-json\/wp\/v2\/product\/200137\/revisions"}],"wp:featuredmedia":[{"embeddable":true,"href":"https:\/\/aromasentia.com\/da\/wp-json\/wp\/v2\/media\/337067"}],"wp:attachment":[{"href":"https:\/\/aromasentia.com\/da\/wp-json\/wp\/v2\/media?parent=200137"}],"wp:term":[{"taxonomy":"product_brand","embeddable":true,"href":"https:\/\/aromasentia.com\/da\/wp-json\/wp\/v2\/product_brand?post=200137"},{"taxonomy":"product_cat","embeddable":true,"href":"https:\/\/aromasentia.com\/da\/wp-json\/wp\/v2\/product_cat?post=200137"},{"taxonomy":"product_tag","embeddable":true,"href":"https:\/\/aromasentia.com\/da\/wp-json\/wp\/v2\/product_tag?post=200137"}],"curies":[{"name":"wp","href":"https:\/\/api.w.org\/{rel}","templated":true}]}}