{"id":200136,"date":"2025-03-22T13:29:50","date_gmt":"2025-03-22T13:29:50","guid":{"rendered":"https:\/\/aromasentia.com\/product\/gemstone-faceted-healing-ball-stand-rock-quartz\/"},"modified":"2025-06-22T03:25:54","modified_gmt":"2025-06-22T03:25:54","slug":"facetsten-healende-kugle-og-stativ-klippekvarts","status":"publish","type":"product","link":"https:\/\/aromasentia.com\/da\/facetsten-healende-kugle-og-stativ-klippekvarts\/","title":{"rendered":"Facetsten Healende Kugle Og Stativ &#8211; Klippekvarts"},"content":{"rendered":"<p><span style=\"color: rgb(75, 80, 88);\">Opdag <strong>Stenkvarts &#8211; \u00c6delstensfacetteret Helbredende Kugle<\/strong>, en harmonisk blanding af naturens fineste mineraler, hver med sin unikke symbolik og energi, pr\u00e6senteret sammen med deres charmerende tr\u00e6ledsagere i en beroligende lysebrun nuance.<\/span><\/p>\n<p><span style=\"color: rgb(75, 80, 88);\">Vores <strong>Stenkvarts Helbredende Kugle<\/strong> er en alsidig <strong>5 cm <\/strong>\u00e6delstenskugle, der kombineres med en 5 cm tr\u00e6ledsager.<\/span><\/p>\n<p><span style=\"color: rgb(75, 80, 88);\">Det er et must-have til din butik. Hvorfor? Den supercharger energier og intentioner, perfekt til energihealing, krystalgitre og opretholdelse af en klar stemning. Det er som et blankt l\u00e6rred for spirituelle s\u00f8gende, der passer ind i enhver esoterisk praksis.<\/span><\/p>\n<p><span style=\"color: rgb(75, 80, 88);\">N\u00e5r du viser disse \u00e6delsten, skal du huske at placere dem p\u00e5 strategiske steder i din butik. Deres str\u00e5lende farver og individuelle betydninger vil uden tvivl fange dine kunders opm\u00e6rksomhed.<\/span><\/p>\n<p><span style=\"color: rgb(75, 80, 88);\">\u00c6delstenskuglen m\u00e5ler <strong>5 cm<\/strong>, og med tr\u00e6foden m\u00e5ler dette lille \u00e6delstensmirakel <strong>10 cm<\/strong>.<\/span><\/p>\n<p><span style=\"color: rgb(75, 80, 88);\"><strong>Dine kunder vil elske denne holistiske tilgang til at have det godt.<\/strong><\/span><\/p>\n","protected":false},"excerpt":{"rendered":"<p>Opdag Stenkvarts &#8211; \u00c6delstensfacetteret Helbredende Kugle, en harmonisk blanding af naturens fineste mineraler, hver med sin unikke symbolik og energi, pr\u00e6senteret sammen med deres charmerende tr\u00e6ledsagere i en beroligende lysebrun nuance. Vores Stenkvarts Helbredende Kugle er en alsidig 5 cm \u00e6delstenskugle, der kombineres med en 5 cm tr\u00e6ledsager. Det er et must-have til din butik. [&hellip;]<\/p>\n","protected":false},"featured_media":337034,"comment_status":"closed","ping_status":"open","template":"","meta":{"_angie_page":false},"product_brand":[],"product_cat":[6243,25222,25736,6869],"product_tag":[],"class_list":{"0":"post-200136","1":"product","2":"type-product","3":"status-publish","4":"has-post-thumbnail","6":"product_cat-esoteriske-gaver","7":"product_cat-krystaller-og-sten","8":"product_cat-kvarts","9":"product_cat-lommesten","10":"pa_collection-gemstone-healing-balls-with-stand-da","11":"pa_made-in-indien","13":"first","14":"instock","15":"purchasable","16":"product-type-simple"},"supplier_id":null,"supplier_sku":"GHB-04","barcode":null,"atum_controlled":true,"out_stock_date":null,"out_stock_threshold":null,"inheritable":false,"inbound_stock":null,"stock_on_hold":0,"sold_today":0,"sales_last_days":0,"reserved_stock":null,"customer_returns":null,"warehouse_damage":null,"lost_in_post":null,"other_logs":null,"out_stock_days":0,"lost_sales":0,"has_location":null,"update_date":"2026-04-27T07:05:41","atum_locations":[],"atum_stock_status":"instock","restock_status":false,"low_stock_amount":"","sales_update_date":"2026-01-30T01:25:39","calc_backorders":null,"_links":{"self":[{"href":"https:\/\/aromasentia.com\/da\/wp-json\/wp\/v2\/product\/200136","targetHints":{"allow":["GET"]}}],"collection":[{"href":"https:\/\/aromasentia.com\/da\/wp-json\/wp\/v2\/product"}],"about":[{"href":"https:\/\/aromasentia.com\/da\/wp-json\/wp\/v2\/types\/product"}],"replies":[{"embeddable":true,"href":"https:\/\/aromasentia.com\/da\/wp-json\/wp\/v2\/comments?post=200136"}],"version-history":[{"count":0,"href":"https:\/\/aromasentia.com\/da\/wp-json\/wp\/v2\/product\/200136\/revisions"}],"wp:featuredmedia":[{"embeddable":true,"href":"https:\/\/aromasentia.com\/da\/wp-json\/wp\/v2\/media\/337034"}],"wp:attachment":[{"href":"https:\/\/aromasentia.com\/da\/wp-json\/wp\/v2\/media?parent=200136"}],"wp:term":[{"taxonomy":"product_brand","embeddable":true,"href":"https:\/\/aromasentia.com\/da\/wp-json\/wp\/v2\/product_brand?post=200136"},{"taxonomy":"product_cat","embeddable":true,"href":"https:\/\/aromasentia.com\/da\/wp-json\/wp\/v2\/product_cat?post=200136"},{"taxonomy":"product_tag","embeddable":true,"href":"https:\/\/aromasentia.com\/da\/wp-json\/wp\/v2\/product_tag?post=200136"}],"curies":[{"name":"wp","href":"https:\/\/api.w.org\/{rel}","templated":true}]}}