{"id":200135,"date":"2025-03-22T13:29:50","date_gmt":"2025-03-22T13:29:50","guid":{"rendered":"https:\/\/aromasentia.com\/product\/gemstone-faceted-healing-ball-stand-rose-quartz\/"},"modified":"2025-06-22T03:25:54","modified_gmt":"2025-06-22T03:25:54","slug":"facetsten-healende-kugle-og-stativ-rosenkvarts","status":"publish","type":"product","link":"https:\/\/aromasentia.com\/da\/facetsten-healende-kugle-og-stativ-rosenkvarts\/","title":{"rendered":"Facetsten Healende Kugle Og Stativ &#8211; Rosenkvarts"},"content":{"rendered":"<p><span style=\"color: rgb(75, 80, 88);\">Opdag <strong>Rosenkvarts &#8211; \u00c6delstensfacetteret Helbredende Kugle<\/strong>, en harmonisk blanding af naturens fineste mineraler, hver med sin unikke symbolik og energi, pr\u00e6senteret sammen med deres charmerende tr\u00e6ledsagere i en beroligende lysebrun nuance.<\/span><\/p>\n<p><span style=\"color: rgb(75, 80, 88);\">Leder du efter et strejf af k\u00e6rlighed og medf\u00f8lelse? Rosakvarts Helbredende Kuglen, <strong>5 cm<\/strong> i st\u00f8rrelse med sin egen tr\u00e6fod, er svaret.<\/span><\/p>\n<p><span style=\"color: rgb(75, 80, 88);\">Det er et fremragende valg til butikker med fokus p\u00e5 selvpleje og relationer. Rosakvartsens bl\u00f8de lyser\u00f8de vibrationer giver genlyd i hjertet og varme hjerter. Tilbyd den til k\u00e6rlighedsritualer, selvk\u00e6rlighed eller til dem, der s\u00f8ger lidt f\u00f8lelsesm\u00e6ssig heling.<\/span><\/p>\n<p><span style=\"color: rgb(75, 80, 88);\">N\u00e5r du viser disse \u00e6delsten, s\u00e5 husk at placere dem p\u00e5 strategiske steder i din butik. Deres str\u00e5lende farver og individuelle betydninger vil uden tvivl fange dine kunders opm\u00e6rksomhed.<\/span><\/p>\n<p><span style=\"color: rgb(75, 80, 88);\">\u00c6delstenskuglen m\u00e5ler <strong>5 cm<\/strong>, og med tr\u00e6foden m\u00e5ler dette lille \u00e6delstensmirakel <strong>10 cm<\/strong>.<\/span><\/p>\n<p><strong><span style=\"color: rgb(75, 80, 88);\">Dine kunder vil elske denne holistiske tilgang til at have det godt.<\/span><\/strong><\/p>\n","protected":false},"excerpt":{"rendered":"<p>Opdag Rosenkvarts &#8211; \u00c6delstensfacetteret Helbredende Kugle, en harmonisk blanding af naturens fineste mineraler, hver med sin unikke symbolik og energi, pr\u00e6senteret sammen med deres charmerende tr\u00e6ledsagere i en beroligende lysebrun nuance. Leder du efter et strejf af k\u00e6rlighed og medf\u00f8lelse? Rosakvarts Helbredende Kuglen, 5 cm i st\u00f8rrelse med sin egen tr\u00e6fod, er svaret. Det er [&hellip;]<\/p>\n","protected":false},"featured_media":337025,"comment_status":"closed","ping_status":"open","template":"","meta":{"_angie_page":false},"product_brand":[],"product_cat":[6243,25222,25736,6869,25747],"product_tag":[],"class_list":{"0":"post-200135","1":"product","2":"type-product","3":"status-publish","4":"has-post-thumbnail","6":"product_cat-esoteriske-gaver","7":"product_cat-krystaller-og-sten","8":"product_cat-kvarts","9":"product_cat-lommesten","10":"product_cat-rosenkvarts","11":"pa_collection-gemstone-healing-balls-with-stand-da","12":"pa_made-in-indien","14":"first","15":"instock","16":"purchasable","17":"product-type-simple"},"supplier_id":null,"supplier_sku":"GHB-03","barcode":null,"atum_controlled":true,"out_stock_date":null,"out_stock_threshold":null,"inheritable":false,"inbound_stock":null,"stock_on_hold":0,"sold_today":0,"sales_last_days":0,"reserved_stock":null,"customer_returns":null,"warehouse_damage":null,"lost_in_post":null,"other_logs":null,"out_stock_days":0,"lost_sales":0,"has_location":null,"update_date":"2026-04-27T07:05:41","atum_locations":[],"atum_stock_status":"instock","restock_status":false,"low_stock_amount":"","sales_update_date":"2026-01-30T01:24:26","calc_backorders":null,"_links":{"self":[{"href":"https:\/\/aromasentia.com\/da\/wp-json\/wp\/v2\/product\/200135","targetHints":{"allow":["GET"]}}],"collection":[{"href":"https:\/\/aromasentia.com\/da\/wp-json\/wp\/v2\/product"}],"about":[{"href":"https:\/\/aromasentia.com\/da\/wp-json\/wp\/v2\/types\/product"}],"replies":[{"embeddable":true,"href":"https:\/\/aromasentia.com\/da\/wp-json\/wp\/v2\/comments?post=200135"}],"version-history":[{"count":0,"href":"https:\/\/aromasentia.com\/da\/wp-json\/wp\/v2\/product\/200135\/revisions"}],"wp:featuredmedia":[{"embeddable":true,"href":"https:\/\/aromasentia.com\/da\/wp-json\/wp\/v2\/media\/337025"}],"wp:attachment":[{"href":"https:\/\/aromasentia.com\/da\/wp-json\/wp\/v2\/media?parent=200135"}],"wp:term":[{"taxonomy":"product_brand","embeddable":true,"href":"https:\/\/aromasentia.com\/da\/wp-json\/wp\/v2\/product_brand?post=200135"},{"taxonomy":"product_cat","embeddable":true,"href":"https:\/\/aromasentia.com\/da\/wp-json\/wp\/v2\/product_cat?post=200135"},{"taxonomy":"product_tag","embeddable":true,"href":"https:\/\/aromasentia.com\/da\/wp-json\/wp\/v2\/product_tag?post=200135"}],"curies":[{"name":"wp","href":"https:\/\/api.w.org\/{rel}","templated":true}]}}