{"id":200134,"date":"2025-03-22T13:29:50","date_gmt":"2025-03-22T13:29:50","guid":{"rendered":"https:\/\/aromasentia.com\/product\/gemstone-faceted-healing-ball-stand-amethyst\/"},"modified":"2025-06-22T03:25:53","modified_gmt":"2025-06-22T03:25:53","slug":"facetsten-healende-kugle-og-stativ-ametyst","status":"publish","type":"product","link":"https:\/\/aromasentia.com\/da\/facetsten-healende-kugle-og-stativ-ametyst\/","title":{"rendered":"Facetsten Healende Kugle Og Stativ &#8211; Ametyst"},"content":{"rendered":"<p><span style=\"color: rgb(75, 80, 88);\">Opdag <strong>Ametyst &#8211; \u00c6delstensfacetteret Helbredende Kugle<\/strong>, en harmonisk blanding af naturens fineste mineraler, hver med sin unikke symbolik og energi, pr\u00e6senteret sammen med deres charmerende tr\u00e6ledsagere i en beroligende lysebrun nuance.<\/span><\/p>\n<p><span style=\"color: rgb(75, 80, 88);\">Den dybe lilla farve af <strong>ametyst<\/strong> forbindes ofte med spiritualitet, ro og meditation. Det menes at have egenskaber, der fremmer afslapning og indre fred. Mange mennesker finder ametyst som et v\u00e6rdifuldt v\u00e6rkt\u00f8j til at forbedre deres meditationspraksis og generelle velv\u00e6re.<\/span><\/p>\n<p><\/p>\n<p><span style=\"color: rgb(75, 80, 88);\">N\u00e5r du viser disse \u00e6delsten, skal du huske at placere dem p\u00e5 strategiske steder i din butik. Deres str\u00e5lende farver og individuelle betydninger vil uden tvivl fange dine kunders opm\u00e6rksomhed.<\/span><\/p>\n<p><span style=\"color: rgb(75, 80, 88);\">\u00c6delstenskuglen m\u00e5ler <strong>5 cm<\/strong>, og med tr\u00e6foden m\u00e5ler dette lille \u00e6delstensmirakel <strong>10 cm<\/strong>.<\/span><\/p>\n<p><span style=\"color: rgb(75, 80, 88);\"><strong>Dine kunder vil elske denne holistiske tilgang til at have det godt.<\/strong><\/span><\/p>\n","protected":false},"excerpt":{"rendered":"<p>Opdag Ametyst &#8211; \u00c6delstensfacetteret Helbredende Kugle, en harmonisk blanding af naturens fineste mineraler, hver med sin unikke symbolik og energi, pr\u00e6senteret sammen med deres charmerende tr\u00e6ledsagere i en beroligende lysebrun nuance. Den dybe lilla farve af ametyst forbindes ofte med spiritualitet, ro og meditation. Det menes at have egenskaber, der fremmer afslapning og indre fred. [&hellip;]<\/p>\n","protected":false},"featured_media":337016,"comment_status":"closed","ping_status":"open","template":"","meta":{"_angie_page":false},"product_brand":[],"product_cat":[25544,6243,25222,6869],"product_tag":[],"class_list":{"0":"post-200134","1":"product","2":"type-product","3":"status-publish","4":"has-post-thumbnail","6":"product_cat-ametyst","7":"product_cat-esoteriske-gaver","8":"product_cat-krystaller-og-sten","9":"product_cat-lommesten","10":"pa_collection-gemstone-healing-balls-with-stand-da","11":"pa_made-in-indien","13":"first","14":"instock","15":"purchasable","16":"product-type-simple"},"supplier_id":null,"supplier_sku":"GHB-02","barcode":null,"atum_controlled":true,"out_stock_date":null,"out_stock_threshold":null,"inheritable":false,"inbound_stock":null,"stock_on_hold":0,"sold_today":0,"sales_last_days":0,"reserved_stock":null,"customer_returns":null,"warehouse_damage":null,"lost_in_post":null,"other_logs":null,"out_stock_days":0,"lost_sales":0,"has_location":null,"update_date":"2026-04-27T07:05:41","atum_locations":[],"atum_stock_status":"instock","restock_status":false,"low_stock_amount":"","sales_update_date":"2026-01-30T01:25:27","calc_backorders":null,"_links":{"self":[{"href":"https:\/\/aromasentia.com\/da\/wp-json\/wp\/v2\/product\/200134","targetHints":{"allow":["GET"]}}],"collection":[{"href":"https:\/\/aromasentia.com\/da\/wp-json\/wp\/v2\/product"}],"about":[{"href":"https:\/\/aromasentia.com\/da\/wp-json\/wp\/v2\/types\/product"}],"replies":[{"embeddable":true,"href":"https:\/\/aromasentia.com\/da\/wp-json\/wp\/v2\/comments?post=200134"}],"version-history":[{"count":0,"href":"https:\/\/aromasentia.com\/da\/wp-json\/wp\/v2\/product\/200134\/revisions"}],"wp:featuredmedia":[{"embeddable":true,"href":"https:\/\/aromasentia.com\/da\/wp-json\/wp\/v2\/media\/337016"}],"wp:attachment":[{"href":"https:\/\/aromasentia.com\/da\/wp-json\/wp\/v2\/media?parent=200134"}],"wp:term":[{"taxonomy":"product_brand","embeddable":true,"href":"https:\/\/aromasentia.com\/da\/wp-json\/wp\/v2\/product_brand?post=200134"},{"taxonomy":"product_cat","embeddable":true,"href":"https:\/\/aromasentia.com\/da\/wp-json\/wp\/v2\/product_cat?post=200134"},{"taxonomy":"product_tag","embeddable":true,"href":"https:\/\/aromasentia.com\/da\/wp-json\/wp\/v2\/product_tag?post=200134"}],"curies":[{"name":"wp","href":"https:\/\/api.w.org\/{rel}","templated":true}]}}