{"id":200130,"date":"2025-03-22T13:29:50","date_gmt":"2025-03-22T13:29:50","guid":{"rendered":"https:\/\/aromasentia.com\/product\/yellow-jade-planet-on-a-sola-goldstone-stand-40mm-30x15mm-stand\/"},"modified":"2025-06-22T03:25:52","modified_gmt":"2025-06-22T03:25:52","slug":"gul-jade-planet-paa-en-sola-goldstone-stander-40mm-30x15mm-stander","status":"publish","type":"product","link":"https:\/\/aromasentia.com\/da\/gul-jade-planet-paa-en-sola-goldstone-stander-40mm-30x15mm-stander\/","title":{"rendered":"gul Jade Planet P\u00e5 En Sola Goldstone Stander &#8211; 40mm (30X15mm Stander)"},"content":{"rendered":"<p><strong><span style=\"color: rgb(75, 80, 88);\">SATURN \u00c6DELSTEN PLANET:<\/span><\/strong><\/p>\n<p><span style=\"color: rgb(75, 80, 88);\"><strong>T\u00c5LMODIGHED &#8211; FOKUS &#8211; DISCIPLIN<\/strong><\/span><\/p>\n<p><span style=\"color: rgb(75, 80, 88);\">Gul Jade, der resonerer med Saturns disciplinerede energi, er en sten med stabil styrke og jordforbindelse. Ligesom Saturn repr\u00e6senterer struktur og udholdenhed,<\/span><\/p>\n<p><span style=\"color: rgb(75, 80, 88);\">Gul Jade hj\u00e6lper med at dyrke disciplin, ansvarlighed og beslutsomhed i dine bestr\u00e6belser. Denne sten handler om at l\u00e6gge fundamentet for langsigtet succes og opbygge en arv, der varer ved.<\/span><\/p>\n<p><span style=\"color: rgb(75, 80, 88);\">Omfavn Gul Jades stabiliserende energi for at forblive fokuseret p\u00e5 m\u00e5l, navigere udfordringer med modstandsdygtighed og g\u00f8re gennemt\u00e6nkte, bevidste fremskridt.<\/span><\/p>\n<p><span style=\"color: rgb(75, 80, 88);\">Uanset om den bruges i meditation, b\u00e6res som st\u00f8tte eller placeres i et arbejdsmilj\u00f8, kanaliserer Gul Jade Saturns visdom og vejleder dig mod varig pr\u00e6station og personlig v\u00e6kst.<\/span><\/p>\n<p><span style=\"color: rgb(75, 80, 88);\"><strong>Den Sol\u00e6re Guldstensstander, inspireret af de kosmiske dybder, giver et jordforbindelsesgrundlag for den Gule Jadesf\u00e6re.<\/strong><\/span><\/p>\n<p><span style=\"color: rgb(75, 80, 88);\"><strong>Planetst\u00f8rrelse: 40 mm<\/strong><\/span><\/p>\n<p><strong><span style=\"color: rgb(75, 80, 88);\">Stativst\u00f8rrelse: 3&#215;15 mm<\/span><\/strong><\/p>\n","protected":false},"excerpt":{"rendered":"<p>SATURN \u00c6DELSTEN PLANET: T\u00c5LMODIGHED &#8211; FOKUS &#8211; DISCIPLIN Gul Jade, der resonerer med Saturns disciplinerede energi, er en sten med stabil styrke og jordforbindelse. Ligesom Saturn repr\u00e6senterer struktur og udholdenhed, Gul Jade hj\u00e6lper med at dyrke disciplin, ansvarlighed og beslutsomhed i dine bestr\u00e6belser. Denne sten handler om at l\u00e6gge fundamentet for langsigtet succes og opbygge [&hellip;]<\/p>\n","protected":false},"featured_media":336876,"comment_status":"closed","ping_status":"open","template":"","meta":{"_angie_page":false},"product_brand":[],"product_cat":[6243,25610,25634,25222,6869],"product_tag":[],"class_list":{"0":"post-200130","1":"product","2":"type-product","3":"status-publish","4":"has-post-thumbnail","6":"product_cat-esoteriske-gaver","7":"product_cat-guldsten","8":"product_cat-jade","9":"product_cat-krystaller-og-sten","10":"product_cat-lommesten","11":"pa_collection-gemstone-planets-on-a-goldstone-stand-da","12":"pa_made-in-kina","14":"first","15":"instock","16":"purchasable","17":"product-type-simple"},"supplier_id":null,"supplier_sku":"GemPL-06","barcode":null,"atum_controlled":true,"out_stock_date":null,"out_stock_threshold":null,"inheritable":false,"inbound_stock":null,"stock_on_hold":0,"sold_today":0,"sales_last_days":0,"reserved_stock":null,"customer_returns":null,"warehouse_damage":null,"lost_in_post":null,"other_logs":null,"out_stock_days":0,"lost_sales":0,"has_location":null,"update_date":"2026-04-27T07:05:32","atum_locations":[],"atum_stock_status":"instock","restock_status":false,"low_stock_amount":"","sales_update_date":"2026-01-30T01:25:02","calc_backorders":null,"_links":{"self":[{"href":"https:\/\/aromasentia.com\/da\/wp-json\/wp\/v2\/product\/200130","targetHints":{"allow":["GET"]}}],"collection":[{"href":"https:\/\/aromasentia.com\/da\/wp-json\/wp\/v2\/product"}],"about":[{"href":"https:\/\/aromasentia.com\/da\/wp-json\/wp\/v2\/types\/product"}],"replies":[{"embeddable":true,"href":"https:\/\/aromasentia.com\/da\/wp-json\/wp\/v2\/comments?post=200130"}],"version-history":[{"count":0,"href":"https:\/\/aromasentia.com\/da\/wp-json\/wp\/v2\/product\/200130\/revisions"}],"wp:featuredmedia":[{"embeddable":true,"href":"https:\/\/aromasentia.com\/da\/wp-json\/wp\/v2\/media\/336876"}],"wp:attachment":[{"href":"https:\/\/aromasentia.com\/da\/wp-json\/wp\/v2\/media?parent=200130"}],"wp:term":[{"taxonomy":"product_brand","embeddable":true,"href":"https:\/\/aromasentia.com\/da\/wp-json\/wp\/v2\/product_brand?post=200130"},{"taxonomy":"product_cat","embeddable":true,"href":"https:\/\/aromasentia.com\/da\/wp-json\/wp\/v2\/product_cat?post=200130"},{"taxonomy":"product_tag","embeddable":true,"href":"https:\/\/aromasentia.com\/da\/wp-json\/wp\/v2\/product_tag?post=200130"}],"curies":[{"name":"wp","href":"https:\/\/api.w.org\/{rel}","templated":true}]}}