{"id":200128,"date":"2025-03-22T13:29:50","date_gmt":"2025-03-22T13:29:50","guid":{"rendered":"https:\/\/aromasentia.com\/product\/white-howlite-planet-on-a-sola-goldstone-stand-40mm-30x15mm-stand\/"},"modified":"2025-06-22T03:25:51","modified_gmt":"2025-06-22T03:25:51","slug":"hvid-howlite-planet-paa-en-sola-goldstone-stander-40mm-30x15mm-stander","status":"publish","type":"product","link":"https:\/\/aromasentia.com\/da\/hvid-howlite-planet-paa-en-sola-goldstone-stander-40mm-30x15mm-stander\/","title":{"rendered":"Hvid Howlite Planet P\u00e5 En Sola Goldstone Stander &#8211; 40mm (30X15mm Stander)"},"content":{"rendered":"<p><strong><span style=\"color: rgb(75, 80, 88);\">M\u00c5NE\u00c6DELSTEN PLANET:<\/span><\/strong><\/p>\n<p><span style=\"color: rgb(75, 80, 88);\"><strong>FRED &#8211; FORANDRING &#8211; RO<\/strong><\/span><\/p>\n<p><span style=\"color: rgb(75, 80, 88);\">Hvid Howlit, der repr\u00e6senterer M\u00e5nens fredfyldte energi, er en sten af ro og f\u00f8lelsesm\u00e6ssig balance. Dens blide hvide nuancer afspejler M\u00e5nens beroligende indflydelse og hj\u00e6lper med at berolige et overaktivt sind og fremme en dyb f\u00f8lelse af fred.<\/span><\/p>\n<p><span style=\"color: rgb(75, 80, 88);\">Hvid Howlit er t\u00e6t forbundet med t\u00e5lmodighed og indre refleksion, hvilket g\u00f8r den til en ideel sten for dem, der s\u00f8ger at udforske deres indre verden og begive sig ud p\u00e5 en rejse med selvopdagelse.<\/span><\/p>\n<p><span style=\"color: rgb(75, 80, 88);\">Denne sten forbedrer meditation, opfordrer til mindfulness og underst\u00f8tter f\u00f8lelsesm\u00e6ssig heling ved at fremme en dybere forbindelse til ens egne tanker og f\u00f8lelser.<\/span><\/p>\n<p><span style=\"color: rgb(75, 80, 88);\">Uanset om den bruges i daglige ritualer, b\u00e6res som en beroligende talisman eller placeres i et afslappende rum, kanaliserer Hvid Howlit M\u00e5nens n\u00e6rende energi og vejleder mod st\u00f8rre selvbevidsthed og f\u00f8lelsesm\u00e6ssig harmoni.<\/span><\/p>\n<p><span style=\"color: rgb(75, 80, 88);\"><strong>Den sol\u00e6re guldstensstander, inspireret af de kosmiske dybder, giver en jordforbindelse til den hvide howlitsf\u00e6re.<\/strong><\/span><\/p>\n<p><span style=\"color: rgb(75, 80, 88);\"><strong>Planetst\u00f8rrelse: 40 mm<\/strong><\/span><\/p>\n<p><strong><span style=\"color: rgb(75, 80, 88);\">Stativst\u00f8rrelse: 3&#215;15 mm<\/span><\/strong><\/p>\n","protected":false},"excerpt":{"rendered":"<p>M\u00c5NE\u00c6DELSTEN PLANET: FRED &#8211; FORANDRING &#8211; RO Hvid Howlit, der repr\u00e6senterer M\u00e5nens fredfyldte energi, er en sten af ro og f\u00f8lelsesm\u00e6ssig balance. Dens blide hvide nuancer afspejler M\u00e5nens beroligende indflydelse og hj\u00e6lper med at berolige et overaktivt sind og fremme en dyb f\u00f8lelse af fred. Hvid Howlit er t\u00e6t forbundet med t\u00e5lmodighed og indre refleksion, [&hellip;]<\/p>\n","protected":false},"featured_media":336706,"comment_status":"closed","ping_status":"open","template":"","meta":[],"product_brand":[],"product_cat":[6243,25610,25630,25222,6869],"product_tag":[],"class_list":{"0":"post-200128","1":"product","2":"type-product","3":"status-publish","4":"has-post-thumbnail","6":"product_cat-esoteriske-gaver","7":"product_cat-guldsten","8":"product_cat-howlite","9":"product_cat-krystaller-og-sten","10":"product_cat-lommesten","11":"pa_collection-gemstone-planets-on-a-goldstone-stand-da","12":"pa_made-in-kina","14":"first","15":"instock","16":"purchasable","17":"product-type-simple"},"supplier_id":null,"supplier_sku":"GemPL-04","barcode":null,"atum_controlled":true,"out_stock_date":null,"out_stock_threshold":null,"inheritable":false,"inbound_stock":null,"stock_on_hold":0,"sold_today":0,"sales_last_days":0,"reserved_stock":null,"customer_returns":null,"warehouse_damage":null,"lost_in_post":null,"other_logs":null,"out_stock_days":0,"lost_sales":0,"has_location":null,"update_date":"2026-02-06T00:01:41","atum_locations":[],"atum_stock_status":"instock","restock_status":false,"low_stock_amount":"","sales_update_date":"2026-02-06T00:01:41","calc_backorders":null,"_links":{"self":[{"href":"https:\/\/aromasentia.com\/da\/wp-json\/wp\/v2\/product\/200128","targetHints":{"allow":["GET"]}}],"collection":[{"href":"https:\/\/aromasentia.com\/da\/wp-json\/wp\/v2\/product"}],"about":[{"href":"https:\/\/aromasentia.com\/da\/wp-json\/wp\/v2\/types\/product"}],"replies":[{"embeddable":true,"href":"https:\/\/aromasentia.com\/da\/wp-json\/wp\/v2\/comments?post=200128"}],"version-history":[{"count":0,"href":"https:\/\/aromasentia.com\/da\/wp-json\/wp\/v2\/product\/200128\/revisions"}],"wp:featuredmedia":[{"embeddable":true,"href":"https:\/\/aromasentia.com\/da\/wp-json\/wp\/v2\/media\/336706"}],"wp:attachment":[{"href":"https:\/\/aromasentia.com\/da\/wp-json\/wp\/v2\/media?parent=200128"}],"wp:term":[{"taxonomy":"product_brand","embeddable":true,"href":"https:\/\/aromasentia.com\/da\/wp-json\/wp\/v2\/product_brand?post=200128"},{"taxonomy":"product_cat","embeddable":true,"href":"https:\/\/aromasentia.com\/da\/wp-json\/wp\/v2\/product_cat?post=200128"},{"taxonomy":"product_tag","embeddable":true,"href":"https:\/\/aromasentia.com\/da\/wp-json\/wp\/v2\/product_tag?post=200128"}],"curies":[{"name":"wp","href":"https:\/\/api.w.org\/{rel}","templated":true}]}}