{"id":200126,"date":"2025-03-22T13:29:50","date_gmt":"2025-03-22T13:29:50","guid":{"rendered":"https:\/\/aromasentia.com\/product\/ametyst-planet-on-a-sola-goldstone-stand-40mm-30x15mm-stand\/"},"modified":"2025-06-22T03:25:50","modified_gmt":"2025-06-22T03:25:50","slug":"ametyst-planet-paa-et-sola-goldstone-stativ-40-mm-30x15-mm-stativ","status":"publish","type":"product","link":"https:\/\/aromasentia.com\/da\/ametyst-planet-paa-et-sola-goldstone-stativ-40-mm-30x15-mm-stativ\/","title":{"rendered":"Ametyst Planet P\u00e5 Et Sola Goldstone-Stativ &#8211; 40 mm (30X15 mm Stativ)"},"content":{"rendered":"<p><strong><span style=\"color: rgb(75, 80, 88);\">JUPITER \u00c6DELSTEN PLANET:<\/span><\/strong><\/p>\n<p><span style=\"color: rgb(75, 80, 88);\"><strong>VISDOM &#8211; KRAFT &#8211; VIDEN<\/strong><\/span><\/p>\n<p><span style=\"color: rgb(75, 80, 88);\">Ametyst, der resonerer med Jupiters ekspansive og kongelige energi, er \u00e6ret for sin dybe lilla farvetone og kraftfulde spirituelle egenskaber. Denne sten er t\u00e6t forbundet med kronechakraet, hvilket g\u00f8r den til et vigtigt redskab til at fremme spirituel v\u00e6kst, klar t\u00e6nkning og roligt fokus.<\/span><\/p>\n<p><span style=\"color: rgb(75, 80, 88);\">Ametystens forbindelse til Jupiter bringer visdom, ambition og en f\u00f8lelse af indre fred, der hj\u00e6lper med at guide dig gennem livets udfordringer med klarhed og ynde. Ametyst bruges ofte i meditation og fungerer ogs\u00e5 som en beskyttende sten, der beskytter mod negative energier, samtidig med at den fremmer en f\u00f8lelse af sindsro og h\u00f8jere forst\u00e5else.<\/span><\/p>\n<p><span style=\"color: rgb(75, 80, 88);\">Uanset om den er indarbejdet i daglige \u00f8velser eller bruges som et dekorativt stykke, repr\u00e6senterer ametyst Jupiters visdom og styrke og fremmer en afbalanceret og oplyst tilgang til livet.<\/span><\/p>\n<p><span style=\"color: rgb(75, 80, 88);\"><strong>Solguldstensstativet giver et jordforbindelsesgrundlag for ametystkuglen, der afspejler kosmos&#8217; g\u00e5defulde sk\u00f8nhed.<\/strong><\/span><\/p>\n<p><span style=\"color: rgb(75, 80, 88);\"><strong>Planetst\u00f8rrelse: 40 mm<\/strong><\/span><\/p>\n<p><strong><span style=\"color: rgb(75, 80, 88);\">Stativst\u00f8rrelse: 3x15mm<\/p>\n","protected":false},"excerpt":{"rendered":"<p>JUPITER \u00c6DELSTEN PLANET: VISDOM &#8211; KRAFT &#8211; VIDEN Ametyst, der resonerer med Jupiters ekspansive og kongelige energi, er \u00e6ret for sin dybe lilla farvetone og kraftfulde spirituelle egenskaber. Denne sten er t\u00e6t forbundet med kronechakraet, hvilket g\u00f8r den til et vigtigt redskab til at fremme spirituel v\u00e6kst, klar t\u00e6nkning og roligt fokus. Ametystens forbindelse til [&hellip;]<\/p>\n","protected":false},"featured_media":336536,"comment_status":"closed","ping_status":"open","template":"","meta":[],"product_brand":[],"product_cat":[6243,25610,25222,6869],"product_tag":[],"class_list":{"0":"post-200126","1":"product","2":"type-product","3":"status-publish","4":"has-post-thumbnail","6":"product_cat-esoteriske-gaver","7":"product_cat-guldsten","8":"product_cat-krystaller-og-sten","9":"product_cat-lommesten","10":"pa_collection-gemstone-planets-on-a-goldstone-stand-da","11":"pa_made-in-kina","13":"first","14":"instock","15":"purchasable","16":"product-type-simple"},"supplier_id":null,"supplier_sku":"GemPL-02","barcode":null,"atum_controlled":true,"out_stock_date":null,"out_stock_threshold":null,"inheritable":false,"inbound_stock":null,"stock_on_hold":0,"sold_today":0,"sales_last_days":0,"reserved_stock":null,"customer_returns":null,"warehouse_damage":null,"lost_in_post":null,"other_logs":null,"out_stock_days":0,"lost_sales":0,"has_location":null,"update_date":"2026-02-06T00:01:41","atum_locations":[],"atum_stock_status":"instock","restock_status":false,"low_stock_amount":"","sales_update_date":"2026-02-06T00:01:41","calc_backorders":null,"_links":{"self":[{"href":"https:\/\/aromasentia.com\/da\/wp-json\/wp\/v2\/product\/200126","targetHints":{"allow":["GET"]}}],"collection":[{"href":"https:\/\/aromasentia.com\/da\/wp-json\/wp\/v2\/product"}],"about":[{"href":"https:\/\/aromasentia.com\/da\/wp-json\/wp\/v2\/types\/product"}],"replies":[{"embeddable":true,"href":"https:\/\/aromasentia.com\/da\/wp-json\/wp\/v2\/comments?post=200126"}],"version-history":[{"count":0,"href":"https:\/\/aromasentia.com\/da\/wp-json\/wp\/v2\/product\/200126\/revisions"}],"wp:featuredmedia":[{"embeddable":true,"href":"https:\/\/aromasentia.com\/da\/wp-json\/wp\/v2\/media\/336536"}],"wp:attachment":[{"href":"https:\/\/aromasentia.com\/da\/wp-json\/wp\/v2\/media?parent=200126"}],"wp:term":[{"taxonomy":"product_brand","embeddable":true,"href":"https:\/\/aromasentia.com\/da\/wp-json\/wp\/v2\/product_brand?post=200126"},{"taxonomy":"product_cat","embeddable":true,"href":"https:\/\/aromasentia.com\/da\/wp-json\/wp\/v2\/product_cat?post=200126"},{"taxonomy":"product_tag","embeddable":true,"href":"https:\/\/aromasentia.com\/da\/wp-json\/wp\/v2\/product_tag?post=200126"}],"curies":[{"name":"wp","href":"https:\/\/api.w.org\/{rel}","templated":true}]}}