{"id":200124,"date":"2025-03-22T13:29:50","date_gmt":"2025-03-22T13:29:50","guid":{"rendered":"https:\/\/aromasentia.com\/product\/lingam-shaped-gemstone-pendulum-rose-quartz\/"},"modified":"2025-06-22T03:25:49","modified_gmt":"2025-06-22T03:25:49","slug":"lingam-formet-aedelstenspendel-rosenkvarts","status":"publish","type":"product","link":"https:\/\/aromasentia.com\/da\/lingam-formet-aedelstenspendel-rosenkvarts\/","title":{"rendered":"Lingam-Formet \u00c6delstenspendel &#8211; Rosenkvarts"},"content":{"rendered":"<h6><strong><span style=\"color: rgb(235, 107, 86);\">&nbsp;3x Rose Quartz Lingam Shaped Pendulums<\/span><\/strong><\/h6>\n<p>Tiltr\u00e6k kunder, der s\u00f8ger k\u00e6rlighed, medf\u00f8lelse og en st\u00e6rk forbindelse, med disse fortryllende <strong>Rose Quartz Lingam Pendulums.<\/strong><\/p>\n<p>Hvert pendul har en <strong>\u00e6gte rosakvarts \u00e6delsten<\/strong>, omhyggeligt formet og poleret til en lingam-form. <strong>Lingamformen symboliserer maskulin energi og menes at styrke selvk\u00e6rlighed og selvtillid,<\/strong> mens selve rosakvarts-\u00e6delstenen er kendt for sin tilknytning til <strong>k\u00e6rlighed, medf\u00f8lelse og f\u00f8lelsesm\u00e6ssig healing.<\/strong><\/p>\n<p><strong>Produktegenskaber:<\/strong><\/p>\n<p>\u00e2-\u00aa\u00ef\u00b8 \u00c6gte rosenkvarts-\u00e6delsten<\/p>\n<p>\u00e2-\u00aa\u00ef\u00b8 Lingam-formet for \u00f8get kreativitet<\/p>\n<p>\u00e2-\u00aa\u00ef\u00b8 Glat, poleret finish<\/p>\n<p>.\u00e2-\u00aa\u00ef\u00b8 S\u00f8lvbelagt k\u00e6de (ca. 170 mm lang) og \u00e6delstenskugle&nbsp;<\/p>\n<p>\u00e2-\u00aa\u00ef\u00b8 Stort parti med 3 stk<\/p>\n<p><strong>Styrk dine kunder til at dyrke selvk\u00e6rlighed, tiltr\u00e6kke sunde relationer og udstr\u00e5le medf\u00f8lelse. Tilf\u00f8j Rose Quartz Lingam Pendulums til din beholdning i dag!<\/strong> <\/p>\n","protected":false},"excerpt":{"rendered":"<p>&nbsp;3x Rose Quartz Lingam Shaped Pendulums Tiltr\u00e6k kunder, der s\u00f8ger k\u00e6rlighed, medf\u00f8lelse og en st\u00e6rk forbindelse, med disse fortryllende Rose Quartz Lingam Pendulums. Hvert pendul har en \u00e6gte rosakvarts \u00e6delsten, omhyggeligt formet og poleret til en lingam-form. Lingamformen symboliserer maskulin energi og menes at styrke selvk\u00e6rlighed og selvtillid, mens selve rosakvarts-\u00e6delstenen er kendt for sin [&hellip;]<\/p>\n","protected":false},"featured_media":336478,"comment_status":"closed","ping_status":"open","template":"","meta":{"_angie_page":false},"product_brand":[],"product_cat":[5591,6920,25222,25736,25747,25754,6902],"product_tag":[],"class_list":{"0":"post-200124","1":"product","2":"type-product","3":"status-publish","4":"has-post-thumbnail","6":"product_cat-hjem-og-have","7":"product_cat-inspiration","8":"product_cat-krystaller-og-sten","9":"product_cat-kvarts","10":"product_cat-rosenkvarts","11":"product_cat-shiva-lingam","12":"product_cat-vedhaeng-og-runesten","13":"pa_collection-gemstone-magic-pendulums-da","14":"pa_made-in-indien","16":"first","17":"instock","18":"purchasable","19":"product-type-simple"},"supplier_id":null,"supplier_sku":"GemMP-33","barcode":null,"atum_controlled":true,"out_stock_date":null,"out_stock_threshold":null,"inheritable":false,"inbound_stock":null,"stock_on_hold":0,"sold_today":0,"sales_last_days":0,"reserved_stock":null,"customer_returns":null,"warehouse_damage":null,"lost_in_post":null,"other_logs":null,"out_stock_days":0,"lost_sales":0,"has_location":null,"update_date":"2026-04-27T07:05:23","atum_locations":[],"atum_stock_status":"instock","restock_status":false,"low_stock_amount":"","sales_update_date":"2026-01-30T01:26:04","calc_backorders":null,"_links":{"self":[{"href":"https:\/\/aromasentia.com\/da\/wp-json\/wp\/v2\/product\/200124","targetHints":{"allow":["GET"]}}],"collection":[{"href":"https:\/\/aromasentia.com\/da\/wp-json\/wp\/v2\/product"}],"about":[{"href":"https:\/\/aromasentia.com\/da\/wp-json\/wp\/v2\/types\/product"}],"replies":[{"embeddable":true,"href":"https:\/\/aromasentia.com\/da\/wp-json\/wp\/v2\/comments?post=200124"}],"version-history":[{"count":0,"href":"https:\/\/aromasentia.com\/da\/wp-json\/wp\/v2\/product\/200124\/revisions"}],"wp:featuredmedia":[{"embeddable":true,"href":"https:\/\/aromasentia.com\/da\/wp-json\/wp\/v2\/media\/336478"}],"wp:attachment":[{"href":"https:\/\/aromasentia.com\/da\/wp-json\/wp\/v2\/media?parent=200124"}],"wp:term":[{"taxonomy":"product_brand","embeddable":true,"href":"https:\/\/aromasentia.com\/da\/wp-json\/wp\/v2\/product_brand?post=200124"},{"taxonomy":"product_cat","embeddable":true,"href":"https:\/\/aromasentia.com\/da\/wp-json\/wp\/v2\/product_cat?post=200124"},{"taxonomy":"product_tag","embeddable":true,"href":"https:\/\/aromasentia.com\/da\/wp-json\/wp\/v2\/product_tag?post=200124"}],"curies":[{"name":"wp","href":"https:\/\/api.w.org\/{rel}","templated":true}]}}