{"id":200122,"date":"2025-03-22T13:29:50","date_gmt":"2025-03-22T13:29:50","guid":{"rendered":"https:\/\/aromasentia.com\/product\/lingam-shaped-gemstone-pendulum-amethyst\/"},"modified":"2025-06-22T03:25:48","modified_gmt":"2025-06-22T03:25:48","slug":"lingam-formet-aedelstenspendel-ametyst","status":"publish","type":"product","link":"https:\/\/aromasentia.com\/da\/lingam-formet-aedelstenspendel-ametyst\/","title":{"rendered":"Lingam-Formet \u00c6delstenspendel &#8211; Ametyst"},"content":{"rendered":"<h6><strong><span style=\"color: rgb(147, 101, 184);\">&nbsp;3x Amethyst Lingam Shaped Pendulums<\/span><\/strong><\/h6>\n<p>Tiltr\u00e6k kunder, der s\u00f8ger spirituel styrke og kreativt flow med disse smukke <strong>Amethyst Lingam Pendulums.<\/strong><\/p>\n<p>Hvert pendul har en<strong>&nbsp;\u00e6gte ametyst-\u00e6delsten<\/strong>, omhyggeligt formet og poleret til en lingam-form. <strong>Lingamformen symboliserer maskulin energi og menes at \u00f8ge kreativiteten,<\/strong> mens selve ametyst-\u00e6delstenen er kendt for sin tilknytning til <strong>helbredelse, spirituel bevidsthed og intuition.<\/strong><\/p>\n<p><strong>Produktegenskaber:<\/strong><\/p>\n<p>\u00e2-\u00aa\u00ef\u00b8 \u00c6gte ametyst-\u00e6delsten<\/p>\n<p>\u00e2-\u00aa\u00ef\u00b8 Lingam-formet for \u00f8get kreativitet<\/p>\n<p>\u00e2-\u00aa\u00ef\u00b8 Glat, poleret finish<\/p>\n<p>.\u00e2-\u00aa\u00ef\u00b8 S\u00f8lvbelagt k\u00e6de (ca. 170 mm lang) og \u00e6delstenskugle&nbsp;<\/p>\n<p>\u00e2-\u00aa\u00ef\u00b8 Engros parti p\u00e5 3<\/p>\n<p><strong>Styrk dine kunder p\u00e5 deres spirituelle rejse, og t\u00e6nd deres kreativitet. F\u00f8j Amethyst Lingam Pendulums til dit lager i dag!<\/strong> <\/p>\n","protected":false},"excerpt":{"rendered":"<p>&nbsp;3x Amethyst Lingam Shaped Pendulums Tiltr\u00e6k kunder, der s\u00f8ger spirituel styrke og kreativt flow med disse smukke Amethyst Lingam Pendulums. Hvert pendul har en&nbsp;\u00e6gte ametyst-\u00e6delsten, omhyggeligt formet og poleret til en lingam-form. Lingamformen symboliserer maskulin energi og menes at \u00f8ge kreativiteten, mens selve ametyst-\u00e6delstenen er kendt for sin tilknytning til helbredelse, spirituel bevidsthed og intuition. [&hellip;]<\/p>\n","protected":false},"featured_media":336444,"comment_status":"closed","ping_status":"open","template":"","meta":{"_angie_page":false},"product_brand":[],"product_cat":[25544,5591,6920,25222,25754,6902],"product_tag":[],"class_list":{"0":"post-200122","1":"product","2":"type-product","3":"status-publish","4":"has-post-thumbnail","6":"product_cat-ametyst","7":"product_cat-hjem-og-have","8":"product_cat-inspiration","9":"product_cat-krystaller-og-sten","10":"product_cat-shiva-lingam","11":"product_cat-vedhaeng-og-runesten","12":"pa_collection-gemstone-magic-pendulums-da","13":"pa_made-in-indien","15":"first","16":"instock","17":"purchasable","18":"product-type-simple"},"supplier_id":null,"supplier_sku":"GemMP-31","barcode":null,"atum_controlled":true,"out_stock_date":null,"out_stock_threshold":null,"inheritable":false,"inbound_stock":null,"stock_on_hold":0,"sold_today":0,"sales_last_days":0,"reserved_stock":null,"customer_returns":null,"warehouse_damage":null,"lost_in_post":null,"other_logs":null,"out_stock_days":0,"lost_sales":0,"has_location":null,"update_date":"2026-05-04T00:03:55","atum_locations":[],"atum_stock_status":"instock","restock_status":false,"low_stock_amount":"","sales_update_date":"2026-01-30T01:24:56","calc_backorders":null,"_links":{"self":[{"href":"https:\/\/aromasentia.com\/da\/wp-json\/wp\/v2\/product\/200122","targetHints":{"allow":["GET"]}}],"collection":[{"href":"https:\/\/aromasentia.com\/da\/wp-json\/wp\/v2\/product"}],"about":[{"href":"https:\/\/aromasentia.com\/da\/wp-json\/wp\/v2\/types\/product"}],"replies":[{"embeddable":true,"href":"https:\/\/aromasentia.com\/da\/wp-json\/wp\/v2\/comments?post=200122"}],"version-history":[{"count":0,"href":"https:\/\/aromasentia.com\/da\/wp-json\/wp\/v2\/product\/200122\/revisions"}],"wp:featuredmedia":[{"embeddable":true,"href":"https:\/\/aromasentia.com\/da\/wp-json\/wp\/v2\/media\/336444"}],"wp:attachment":[{"href":"https:\/\/aromasentia.com\/da\/wp-json\/wp\/v2\/media?parent=200122"}],"wp:term":[{"taxonomy":"product_brand","embeddable":true,"href":"https:\/\/aromasentia.com\/da\/wp-json\/wp\/v2\/product_brand?post=200122"},{"taxonomy":"product_cat","embeddable":true,"href":"https:\/\/aromasentia.com\/da\/wp-json\/wp\/v2\/product_cat?post=200122"},{"taxonomy":"product_tag","embeddable":true,"href":"https:\/\/aromasentia.com\/da\/wp-json\/wp\/v2\/product_tag?post=200122"}],"curies":[{"name":"wp","href":"https:\/\/api.w.org\/{rel}","templated":true}]}}