{"id":200118,"date":"2025-03-22T13:29:50","date_gmt":"2025-03-22T13:29:50","guid":{"rendered":"https:\/\/aromasentia.com\/product\/magic-pendulum-seven-chakra-rose-quartz\/"},"modified":"2025-06-22T03:25:45","modified_gmt":"2025-06-22T03:25:45","slug":"magisk-pendul-syv-chakraer-rosenkvarts","status":"publish","type":"product","link":"https:\/\/aromasentia.com\/da\/magisk-pendul-syv-chakraer-rosenkvarts\/","title":{"rendered":"Magisk Pendul &#8211; Syv Chakraer &#8211; Rosenkvarts"},"content":{"rendered":"<p><span style=\"color: rgb(75, 80, 88);\">Disse krystalpendler er unikke, forskellige slibninger, forskellige sten&#8230; forskellig energi. Monteret med en metalk\u00e6de og \u00e6delstensperler i toppen har de virkelig noget ret magisk over sig.<\/span><\/p>\n<p><span style=\"color: rgb(75, 80, 88);\">\u00c6delstenspendler i h\u00f8j kvalitet med en r\u00e6kke forskellige sten.<\/span><\/p>\n<p><span style=\"color: rgb(75, 80, 88);\">Fastgjort til en k\u00e6de p\u00e5 ca. 200 mm med en \u00e6delstenskugle for enden af k\u00e6den, der er fastgjort til rosakvarts-\u00e6delsten med forskellige \u00e6delstensperler for enden. K\u00e6del\u00e6ngde &#8211; ca. 180 mm.<\/span><\/p>\n<p><span style=\"color: rgb(75, 80, 88);\"><strong>BEM\u00c6RK VENLIGST:<\/strong>Disse pendler er h\u00e5ndlavede af et naturprodukt. P\u00e5 grund af dette kan st\u00f8rrelserne p\u00e5 \u00e6delstenene variere.<\/span><\/p>\n<p><span style=\"color: rgb(75, 80, 88);\">En \u00e6delsten? af et krystalpendul.<\/span><\/p>\n","protected":false},"excerpt":{"rendered":"<p>Disse krystalpendler er unikke, forskellige slibninger, forskellige sten&#8230; forskellig energi. Monteret med en metalk\u00e6de og \u00e6delstensperler i toppen har de virkelig noget ret magisk over sig. \u00c6delstenspendler i h\u00f8j kvalitet med en r\u00e6kke forskellige sten. Fastgjort til en k\u00e6de p\u00e5 ca. 200 mm med en \u00e6delstenskugle for enden af k\u00e6den, der er fastgjort til rosakvarts-\u00e6delsten [&hellip;]<\/p>\n","protected":false},"featured_media":336312,"comment_status":"closed","ping_status":"open","template":"","meta":{"_angie_page":false},"product_brand":[],"product_cat":[5591,6920,25222,25736,25747,6902],"product_tag":[],"class_list":{"0":"post-200118","1":"product","2":"type-product","3":"status-publish","4":"has-post-thumbnail","6":"product_cat-hjem-og-have","7":"product_cat-inspiration","8":"product_cat-krystaller-og-sten","9":"product_cat-kvarts","10":"product_cat-rosenkvarts","11":"product_cat-vedhaeng-og-runesten","12":"pa_collection-gemstone-magic-pendulums-da","13":"pa_made-in-indien","15":"first","16":"instock","17":"purchasable","18":"product-type-simple"},"supplier_id":null,"supplier_sku":"GemMP-27","barcode":null,"atum_controlled":true,"out_stock_date":null,"out_stock_threshold":null,"inheritable":false,"inbound_stock":null,"stock_on_hold":0,"sold_today":0,"sales_last_days":0,"reserved_stock":null,"customer_returns":null,"warehouse_damage":null,"lost_in_post":null,"other_logs":null,"out_stock_days":0,"lost_sales":0,"has_location":null,"update_date":"2026-04-27T07:05:23","atum_locations":[],"atum_stock_status":"instock","restock_status":false,"low_stock_amount":"","sales_update_date":"2026-02-06T00:02:09","calc_backorders":null,"_links":{"self":[{"href":"https:\/\/aromasentia.com\/da\/wp-json\/wp\/v2\/product\/200118","targetHints":{"allow":["GET"]}}],"collection":[{"href":"https:\/\/aromasentia.com\/da\/wp-json\/wp\/v2\/product"}],"about":[{"href":"https:\/\/aromasentia.com\/da\/wp-json\/wp\/v2\/types\/product"}],"replies":[{"embeddable":true,"href":"https:\/\/aromasentia.com\/da\/wp-json\/wp\/v2\/comments?post=200118"}],"version-history":[{"count":0,"href":"https:\/\/aromasentia.com\/da\/wp-json\/wp\/v2\/product\/200118\/revisions"}],"wp:featuredmedia":[{"embeddable":true,"href":"https:\/\/aromasentia.com\/da\/wp-json\/wp\/v2\/media\/336312"}],"wp:attachment":[{"href":"https:\/\/aromasentia.com\/da\/wp-json\/wp\/v2\/media?parent=200118"}],"wp:term":[{"taxonomy":"product_brand","embeddable":true,"href":"https:\/\/aromasentia.com\/da\/wp-json\/wp\/v2\/product_brand?post=200118"},{"taxonomy":"product_cat","embeddable":true,"href":"https:\/\/aromasentia.com\/da\/wp-json\/wp\/v2\/product_cat?post=200118"},{"taxonomy":"product_tag","embeddable":true,"href":"https:\/\/aromasentia.com\/da\/wp-json\/wp\/v2\/product_tag?post=200118"}],"curies":[{"name":"wp","href":"https:\/\/api.w.org\/{rel}","templated":true}]}}