{"id":200106,"date":"2025-03-22T13:29:58","date_gmt":"2025-03-22T13:29:58","guid":{"rendered":"https:\/\/aromasentia.com\/product\/madagascar-labradorite-leaf-stones-approx-13-20gms-40-50mm\/"},"modified":"2025-06-22T03:25:40","modified_gmt":"2025-06-22T03:25:40","slug":"madagaskar-labradorit-bladsten-ca-13-20g-40-50mm","status":"publish","type":"product","link":"https:\/\/aromasentia.com\/da\/madagaskar-labradorit-bladsten-ca-13-20g-40-50mm\/","title":{"rendered":"Madagaskar Labradorit Bladsten (Ca. 13-20g 40-50mm)"},"content":{"rendered":"<p>Indfang den \u00e6teriske sk\u00f8nhed i Madagaskars labradorit med disse bladsten. Hver sten, ca. 13-20 g og 40-50 mm, er dygtigt udhugget i en delikat bladform, der viser den fantastiske labradorescens &#8211; glimt af bl\u00e5t, gr\u00f8nt eller guld &#8211; som denne madagaskiske variant er v\u00e6rdsat for. Labradorit er en sten med magi, intuition og beskyttelse. Disse bladsten er perfekte til meditation, som talismaner eller som smukke, naturinspirerede tilf\u00f8jelser til din krystalsamling, der fremkalder transformation.<\/p>\n","protected":false},"excerpt":{"rendered":"<p>Indfang den \u00e6teriske sk\u00f8nhed i Madagaskars labradorit med disse bladsten. Hver sten, ca. 13-20 g og 40-50 mm, er dygtigt udhugget i en delikat bladform, der viser den fantastiske labradorescens &#8211; glimt af bl\u00e5t, gr\u00f8nt eller guld &#8211; som denne madagaskiske variant er v\u00e6rdsat for. Labradorit er en sten med magi, intuition og beskyttelse. Disse [&hellip;]<\/p>\n","protected":false},"featured_media":338519,"comment_status":"closed","ping_status":"open","template":"","meta":{"_angie_page":false},"product_brand":[],"product_cat":[6243,25222,25651,6869],"product_tag":[],"class_list":{"0":"post-200106","1":"product","2":"type-product","3":"status-publish","4":"has-post-thumbnail","6":"product_cat-esoteriske-gaver","7":"product_cat-krystaller-og-sten","8":"product_cat-labradorit","9":"product_cat-lommesten","10":"pa_collection-madagascar-labradorite-stones-da","11":"pa_made-in-kina","13":"first","14":"instock","15":"purchasable","16":"product-type-simple"},"supplier_id":null,"supplier_sku":"LBS-01","barcode":null,"atum_controlled":true,"out_stock_date":null,"out_stock_threshold":null,"inheritable":false,"inbound_stock":null,"stock_on_hold":0,"sold_today":0,"sales_last_days":0,"reserved_stock":null,"customer_returns":null,"warehouse_damage":null,"lost_in_post":null,"other_logs":null,"out_stock_days":0,"lost_sales":0,"has_location":null,"update_date":"2026-04-27T07:10:58","atum_locations":[],"atum_stock_status":"instock","restock_status":false,"low_stock_amount":"","sales_update_date":"2025-09-05T00:24:33","calc_backorders":null,"_links":{"self":[{"href":"https:\/\/aromasentia.com\/da\/wp-json\/wp\/v2\/product\/200106","targetHints":{"allow":["GET"]}}],"collection":[{"href":"https:\/\/aromasentia.com\/da\/wp-json\/wp\/v2\/product"}],"about":[{"href":"https:\/\/aromasentia.com\/da\/wp-json\/wp\/v2\/types\/product"}],"replies":[{"embeddable":true,"href":"https:\/\/aromasentia.com\/da\/wp-json\/wp\/v2\/comments?post=200106"}],"version-history":[{"count":0,"href":"https:\/\/aromasentia.com\/da\/wp-json\/wp\/v2\/product\/200106\/revisions"}],"wp:featuredmedia":[{"embeddable":true,"href":"https:\/\/aromasentia.com\/da\/wp-json\/wp\/v2\/media\/338519"}],"wp:attachment":[{"href":"https:\/\/aromasentia.com\/da\/wp-json\/wp\/v2\/media?parent=200106"}],"wp:term":[{"taxonomy":"product_brand","embeddable":true,"href":"https:\/\/aromasentia.com\/da\/wp-json\/wp\/v2\/product_brand?post=200106"},{"taxonomy":"product_cat","embeddable":true,"href":"https:\/\/aromasentia.com\/da\/wp-json\/wp\/v2\/product_cat?post=200106"},{"taxonomy":"product_tag","embeddable":true,"href":"https:\/\/aromasentia.com\/da\/wp-json\/wp\/v2\/product_tag?post=200106"}],"curies":[{"name":"wp","href":"https:\/\/api.w.org\/{rel}","templated":true}]}}