{"id":200096,"date":"2025-03-22T13:29:58","date_gmt":"2025-03-22T13:29:58","guid":{"rendered":"https:\/\/aromasentia.com\/product\/moss-agate-gemstone-tree-160-stones\/"},"modified":"2025-06-22T03:25:34","modified_gmt":"2025-06-22T03:25:34","slug":"moss-agate-aedelstenstrae-160-sten","status":"publish","type":"product","link":"https:\/\/aromasentia.com\/da\/moss-agate-aedelstenstrae-160-sten\/","title":{"rendered":"Moss Agate \u00c6delstenstr\u00e6 &#8211; 160 Sten"},"content":{"rendered":"<p>Disse indiske \u00e6delstenstr\u00e6er er h\u00e5ndlavede af \u00e6gte \u00e6delsten og monteret p\u00e5 baser af \u00e6delstenssten.<\/p>\n<p>Hvis du vil have wow-faktor, byg dig selv en \u00e6delstenskovsudstilling med information om de forskellige sten. Grenene kan kunstf\u00e6rdigt arrangeres, og de beh\u00f8ver naturligvis aldrig besk\u00e6ring eller vanding.<\/p>\n","protected":false},"excerpt":{"rendered":"<p>Disse indiske \u00e6delstenstr\u00e6er er h\u00e5ndlavede af \u00e6gte \u00e6delsten og monteret p\u00e5 baser af \u00e6delstenssten. Hvis du vil have wow-faktor, byg dig selv en \u00e6delstenskovsudstilling med information om de forskellige sten. Grenene kan kunstf\u00e6rdigt arrangeres, og de beh\u00f8ver naturligvis aldrig besk\u00e6ring eller vanding.<\/p>\n","protected":false},"featured_media":338277,"comment_status":"closed","ping_status":"open","template":"","meta":{"_angie_page":false},"product_brand":[],"product_cat":[25537,6950,6243,25222],"product_tag":[],"class_list":{"0":"post-200096","1":"product","2":"type-product","3":"status-publish","4":"has-post-thumbnail","6":"product_cat-achat","7":"product_cat-aedelstens-smykker-og-accessories","8":"product_cat-esoteriske-gaver","9":"product_cat-krystaller-og-sten","10":"pa_collection-indian-gemstone-trees-da","11":"pa_made-in-indien","13":"first","14":"instock","15":"purchasable","16":"product-type-simple"},"supplier_id":null,"supplier_sku":"IGemT-11","barcode":null,"atum_controlled":true,"out_stock_date":null,"out_stock_threshold":null,"inheritable":false,"inbound_stock":null,"stock_on_hold":0,"sold_today":0,"sales_last_days":0,"reserved_stock":null,"customer_returns":null,"warehouse_damage":null,"lost_in_post":null,"other_logs":null,"out_stock_days":0,"lost_sales":0,"has_location":null,"update_date":"2026-05-01T01:01:25","atum_locations":[],"atum_stock_status":"instock","restock_status":false,"low_stock_amount":"","sales_update_date":"2025-09-05T00:24:26","calc_backorders":null,"_links":{"self":[{"href":"https:\/\/aromasentia.com\/da\/wp-json\/wp\/v2\/product\/200096","targetHints":{"allow":["GET"]}}],"collection":[{"href":"https:\/\/aromasentia.com\/da\/wp-json\/wp\/v2\/product"}],"about":[{"href":"https:\/\/aromasentia.com\/da\/wp-json\/wp\/v2\/types\/product"}],"replies":[{"embeddable":true,"href":"https:\/\/aromasentia.com\/da\/wp-json\/wp\/v2\/comments?post=200096"}],"version-history":[{"count":0,"href":"https:\/\/aromasentia.com\/da\/wp-json\/wp\/v2\/product\/200096\/revisions"}],"wp:featuredmedia":[{"embeddable":true,"href":"https:\/\/aromasentia.com\/da\/wp-json\/wp\/v2\/media\/338277"}],"wp:attachment":[{"href":"https:\/\/aromasentia.com\/da\/wp-json\/wp\/v2\/media?parent=200096"}],"wp:term":[{"taxonomy":"product_brand","embeddable":true,"href":"https:\/\/aromasentia.com\/da\/wp-json\/wp\/v2\/product_brand?post=200096"},{"taxonomy":"product_cat","embeddable":true,"href":"https:\/\/aromasentia.com\/da\/wp-json\/wp\/v2\/product_cat?post=200096"},{"taxonomy":"product_tag","embeddable":true,"href":"https:\/\/aromasentia.com\/da\/wp-json\/wp\/v2\/product_tag?post=200096"}],"curies":[{"name":"wp","href":"https:\/\/api.w.org\/{rel}","templated":true}]}}