{"id":200074,"date":"2025-03-22T13:29:58","date_gmt":"2025-03-22T13:29:58","guid":{"rendered":"https:\/\/aromasentia.com\/product\/shiva-lingam-magic-wand-green-aventurine-happiness\/"},"modified":"2025-06-22T03:25:23","modified_gmt":"2025-06-22T03:25:23","slug":"shiva-lingam-stav-groen-aventurin-lykke","status":"publish","type":"product","link":"https:\/\/aromasentia.com\/da\/shiva-lingam-stav-groen-aventurin-lykke\/","title":{"rendered":"Shiva Lingam Stav &#8211; Gr\u00f8n Aventurin &#8211; Lykke"},"content":{"rendered":"<p>Begynd dig p\u00e5 en rejse mod gl\u00e6de og tilfredshed med denne fortryllende <strong>Wholesale Shiva Lingam Magic Wand med gr\u00f8n aventurin<\/strong> \u00e6delsten. Disse tryllestave er udformet til at rense, give energi og afbalancere subtile energier og er vigtige redskaber til \u00e5ndelig wellness.&nbsp;<\/p>\n<p>I hjertet ligger den hellige shiva lingam-sten, et <strong>symbol p\u00e5 guddommelig enhed og kosmisk balance<\/strong>. Med dybe r\u00f8dder i hinduistisk mytologi repr\u00e6senterer denne sten den <strong>harmoniske blanding af maskuline og feminine energier<\/strong>, hvilket fremmer indre fred og \u00e5ndelig ligev\u00e6gt.Gr\u00f8n aventurin er kendt som mulighedernes sten og inviterer <strong>velstand og held<\/strong> ind i din kundes liv, mens dens beroligende gr\u00f8nne nuancer fremkalder en f\u00f8lelse af harmoni og fornyelse.Denne stav m\u00e5ler <strong>19,5 cm i l\u00e6ngden<\/strong> og er designet til b\u00e5de \u00e6stetisk elegance og praktisk brug. Uanset om den bruges til <strong>meditation, energiarbejde eller som en dekorativ accent<\/strong>, fungerer Shiva Lingam Magic Wand &#8211; Green Aventurine som et kraftfuldt v\u00e6rkt\u00f8j til at kultivere lykke og opfyldelse i alle aspekter af dit liv.<\/p>\n<p>Udvid din samling i dag.&nbsp;<\/p>\n","protected":false},"excerpt":{"rendered":"<p>Begynd dig p\u00e5 en rejse mod gl\u00e6de og tilfredshed med denne fortryllende Wholesale Shiva Lingam Magic Wand med gr\u00f8n aventurin \u00e6delsten. Disse tryllestave er udformet til at rense, give energi og afbalancere subtile energier og er vigtige redskaber til \u00e5ndelig wellness.&nbsp; I hjertet ligger den hellige shiva lingam-sten, et symbol p\u00e5 guddommelig enhed og kosmisk [&hellip;]<\/p>\n","protected":false},"featured_media":338961,"comment_status":"closed","ping_status":"open","template":"","meta":{"_angie_page":false},"product_brand":[],"product_cat":[6950,25559,6243,25222,25754],"product_tag":[],"class_list":{"0":"post-200074","1":"product","2":"type-product","3":"status-publish","4":"has-post-thumbnail","6":"product_cat-aedelstens-smykker-og-accessories","7":"product_cat-aventurin","8":"product_cat-esoteriske-gaver","9":"product_cat-krystaller-og-sten","10":"product_cat-shiva-lingam","11":"pa_collection-gemstone-shiva-lingam-magic-wands-da","12":"pa_made-in-indien","14":"first","15":"instock","16":"purchasable","17":"product-type-simple"},"supplier_id":null,"supplier_sku":"LingW-06","barcode":null,"atum_controlled":true,"out_stock_date":null,"out_stock_threshold":null,"inheritable":false,"inbound_stock":null,"stock_on_hold":0,"sold_today":0,"sales_last_days":0,"reserved_stock":null,"customer_returns":null,"warehouse_damage":null,"lost_in_post":null,"other_logs":null,"out_stock_days":0,"lost_sales":0,"has_location":null,"update_date":"2026-04-27T07:11:14","atum_locations":[],"atum_stock_status":"instock","restock_status":false,"low_stock_amount":"","sales_update_date":"2026-01-30T01:26:22","calc_backorders":null,"_links":{"self":[{"href":"https:\/\/aromasentia.com\/da\/wp-json\/wp\/v2\/product\/200074","targetHints":{"allow":["GET"]}}],"collection":[{"href":"https:\/\/aromasentia.com\/da\/wp-json\/wp\/v2\/product"}],"about":[{"href":"https:\/\/aromasentia.com\/da\/wp-json\/wp\/v2\/types\/product"}],"replies":[{"embeddable":true,"href":"https:\/\/aromasentia.com\/da\/wp-json\/wp\/v2\/comments?post=200074"}],"version-history":[{"count":0,"href":"https:\/\/aromasentia.com\/da\/wp-json\/wp\/v2\/product\/200074\/revisions"}],"wp:featuredmedia":[{"embeddable":true,"href":"https:\/\/aromasentia.com\/da\/wp-json\/wp\/v2\/media\/338961"}],"wp:attachment":[{"href":"https:\/\/aromasentia.com\/da\/wp-json\/wp\/v2\/media?parent=200074"}],"wp:term":[{"taxonomy":"product_brand","embeddable":true,"href":"https:\/\/aromasentia.com\/da\/wp-json\/wp\/v2\/product_brand?post=200074"},{"taxonomy":"product_cat","embeddable":true,"href":"https:\/\/aromasentia.com\/da\/wp-json\/wp\/v2\/product_cat?post=200074"},{"taxonomy":"product_tag","embeddable":true,"href":"https:\/\/aromasentia.com\/da\/wp-json\/wp\/v2\/product_tag?post=200074"}],"curies":[{"name":"wp","href":"https:\/\/api.w.org\/{rel}","templated":true}]}}