{"id":200073,"date":"2025-03-22T13:29:58","date_gmt":"2025-03-22T13:29:58","guid":{"rendered":"https:\/\/aromasentia.com\/product\/shiva-lingam-magic-wand-rock-quartz-wisdom\/"},"modified":"2025-06-22T03:25:23","modified_gmt":"2025-06-22T03:25:23","slug":"shiva-lingam-stav-stenkvarts-visdom","status":"publish","type":"product","link":"https:\/\/aromasentia.com\/da\/shiva-lingam-stav-stenkvarts-visdom\/","title":{"rendered":"Shiva Lingam Stav &#8211; Stenkvarts &#8211; Visdom"},"content":{"rendered":"<p><span style=\"color: rgb(75, 80, 88);\">Dyk ned i den mystiske verden af vores <strong>\u00c6delsten Shiva Lingam Tryllestave<\/strong>, hvor hvert stykke er en rejse ind i hjertet af \u00e6ldgammel visdom og naturlig sk\u00f8nhed.<\/span><\/p>\n<p><span style=\"color: rgb(75, 80, 88);\"><strong>H\u00e5ndlavet i Indien<\/strong>, f\u00f8destedet for \u00e6delstensoverlevering og den \u00e6rede Shiva Lingam, b\u00e6rer disse tryllestave \u00e5nden af \u00e5rhundredgamle traditioner, klar til at styrke, helbrede og forsk\u00f8nne. Uanset om de bruges i *Reiki*, *meditation* eller som et fantastisk dekorationsstykke, er de en port til en verden, hvor energien flyder frit, og magi er \u00e6gte.<\/span><\/p>\n<p><span style=\"color: rgb(75, 80, 88);\">Forst\u00e6rk intentionerne med *Rock Quartz Shiva Lingam Magic Wand*. Rock Quartz, mesterhealeren, *forst\u00e6rker* energi og tanker, s\u00e5vel som virkningerne af andre krystaller.<\/span><\/p>\n<p><span style=\"color: rgb(75, 80, 88);\"><strong>Den absorberer, lagrer, frigiver og regulerer energi, hvilket g\u00f8r den utrolig alsidig til enhver healingspraksis. N\u00e5r den kombineres med <\/span><a href=\"https:\/\/aromasentia.com\/ling\"><span style=\"color: rgb(149, 122, 101);\"><strong>Shiva Lingam-stenen<\/strong><\/span><\/a><span style=\"color: rgb(75, 80, 88);\">, bliver denne tryllestav et kraftfuldt v\u00e6rkt\u00f8j til at regulere og oph\u00e6ve blokeringer i energistr\u00f8mmen.<\/span><\/p>\n<p><span style=\"color: rgb(75, 80, 88);\">Velegnet til alle, der \u00f8nsker at <strong>forbedre<\/strong> deres <strong>helbredende evner<\/strong>, <strong>klare deres sind eller forst\u00e6rke energierne omkring dem.<\/strong><\/span><\/p>\n<p><span style=\"color: rgb(141, 186, 216);\"><strong>Fortryll dine kunder med noget helt s\u00e6rligt, bestil i dag.<\/strong><\/span><\/p>\n","protected":false},"excerpt":{"rendered":"<p>Dyk ned i den mystiske verden af vores \u00c6delsten Shiva Lingam Tryllestave, hvor hvert stykke er en rejse ind i hjertet af \u00e6ldgammel visdom og naturlig sk\u00f8nhed. H\u00e5ndlavet i Indien, f\u00f8destedet for \u00e6delstensoverlevering og den \u00e6rede Shiva Lingam, b\u00e6rer disse tryllestave \u00e5nden af \u00e5rhundredgamle traditioner, klar til at styrke, helbrede og forsk\u00f8nne. Uanset om de [&hellip;]<\/p>\n","protected":false},"featured_media":338944,"comment_status":"closed","ping_status":"open","template":"","meta":{"_angie_page":false},"product_brand":[],"product_cat":[6950,6243,25222,25736,25754],"product_tag":[],"class_list":{"0":"post-200073","1":"product","2":"type-product","3":"status-publish","4":"has-post-thumbnail","6":"product_cat-aedelstens-smykker-og-accessories","7":"product_cat-esoteriske-gaver","8":"product_cat-krystaller-og-sten","9":"product_cat-kvarts","10":"product_cat-shiva-lingam","11":"pa_collection-gemstone-shiva-lingam-magic-wands-da","12":"pa_made-in-indien","14":"first","15":"instock","16":"purchasable","17":"product-type-simple"},"supplier_id":null,"supplier_sku":"LingW-05","barcode":null,"atum_controlled":true,"out_stock_date":null,"out_stock_threshold":null,"inheritable":false,"inbound_stock":null,"stock_on_hold":0,"sold_today":0,"sales_last_days":0,"reserved_stock":null,"customer_returns":null,"warehouse_damage":null,"lost_in_post":null,"other_logs":null,"out_stock_days":0,"lost_sales":0,"has_location":null,"update_date":"2026-04-27T07:11:14","atum_locations":[],"atum_stock_status":"instock","restock_status":false,"low_stock_amount":"","sales_update_date":"2026-01-30T01:26:18","calc_backorders":null,"_links":{"self":[{"href":"https:\/\/aromasentia.com\/da\/wp-json\/wp\/v2\/product\/200073","targetHints":{"allow":["GET"]}}],"collection":[{"href":"https:\/\/aromasentia.com\/da\/wp-json\/wp\/v2\/product"}],"about":[{"href":"https:\/\/aromasentia.com\/da\/wp-json\/wp\/v2\/types\/product"}],"replies":[{"embeddable":true,"href":"https:\/\/aromasentia.com\/da\/wp-json\/wp\/v2\/comments?post=200073"}],"version-history":[{"count":0,"href":"https:\/\/aromasentia.com\/da\/wp-json\/wp\/v2\/product\/200073\/revisions"}],"wp:featuredmedia":[{"embeddable":true,"href":"https:\/\/aromasentia.com\/da\/wp-json\/wp\/v2\/media\/338944"}],"wp:attachment":[{"href":"https:\/\/aromasentia.com\/da\/wp-json\/wp\/v2\/media?parent=200073"}],"wp:term":[{"taxonomy":"product_brand","embeddable":true,"href":"https:\/\/aromasentia.com\/da\/wp-json\/wp\/v2\/product_brand?post=200073"},{"taxonomy":"product_cat","embeddable":true,"href":"https:\/\/aromasentia.com\/da\/wp-json\/wp\/v2\/product_cat?post=200073"},{"taxonomy":"product_tag","embeddable":true,"href":"https:\/\/aromasentia.com\/da\/wp-json\/wp\/v2\/product_tag?post=200073"}],"curies":[{"name":"wp","href":"https:\/\/api.w.org\/{rel}","templated":true}]}}