{"id":200071,"date":"2025-03-22T13:29:58","date_gmt":"2025-03-22T13:29:58","guid":{"rendered":"https:\/\/aromasentia.com\/product\/shiva-lingam-magic-wand-amethyst-success\/"},"modified":"2025-06-22T03:25:22","modified_gmt":"2025-06-22T03:25:22","slug":"shiva-lingam-stav-ametyst-succes","status":"publish","type":"product","link":"https:\/\/aromasentia.com\/da\/shiva-lingam-stav-ametyst-succes\/","title":{"rendered":"Shiva Lingam Stav &#8211; Ametyst &#8211; Succes"},"content":{"rendered":"<p><span style=\"color: rgb(75, 80, 88);\">Dyk ned i den mystiske verden af vores <strong>\u00c6delsten Shiva Lingam Tryllestave<\/strong>, hvor hvert stykke er en rejse ind i hjertet af \u00e6ldgammel visdom og naturlig sk\u00f8nhed.<\/span><\/p>\n<p><span style=\"color: rgb(75, 80, 88);\"><strong>H\u00e5ndlavet i Indien<\/strong>, f\u00f8destedet for \u00e6delstensoverlevering og den \u00e6rede Shiva Lingam, b\u00e6rer disse tryllestave \u00e5nden af \u00e5rhundredgamle traditioner, klar til at styrke, helbrede og forsk\u00f8nne. Uanset om de bruges i *Reiki*, *meditation* eller som et fantastisk dekorationsstykke, er de en port til en verden, hvor energien flyder frit, og magi er \u00e6gte.<\/span><\/p>\n<p><span style=\"color: rgb(75, 80, 88);\">Tr\u00e6d ind i en tilstand af fredfyldt ro med *Amethyst Shiva Lingam Magic Wand*.<\/strong><\/span><\/p>\n<p><span style=\"color: rgb(75, 80, 88);\">Amethyst, med sin violette essens, *er* et naturligt beroligende middel, der lindrer stress og belastning, opl\u00f8ser negativitet* og *fremmer spirituel visdom*. Den forst\u00e6rker intuition og psykiske evner, hvilket g\u00f8r den <strong>perfekt til meditation og spirituelt arbejde.<\/strong><\/span><\/p>\n<p><span style=\"color: rgb(75, 80, 88);\">&nbsp;<\/span><a href=\"https:\/\/aromasentia.com\/ling\"><span style=\"color: rgb(149, 122, 101);\"><strong>Shiva Lingam-stenens<\/strong><\/span><\/a><span style=\"color: rgb(75, 80, 88);\">energien forst\u00e6rker disse kvaliteter, hvilket g\u00f8r denne tryllestav til en st\u00e6rk allieret for alle, der \u00f8nsker at <strong>uddybe deres spirituelle vej, finde indre fred<\/strong> eller blot skabe et roligt og fredeligt milj\u00f8.<\/span><\/p>\n<p><span style=\"color: rgb(141, 186, 216);\"><strong>Fortryll dine kunder med noget helt s\u00e6rligt, bestil i dag.<\/strong><\/span><\/p>\n","protected":false},"excerpt":{"rendered":"<p>Dyk ned i den mystiske verden af vores \u00c6delsten Shiva Lingam Tryllestave, hvor hvert stykke er en rejse ind i hjertet af \u00e6ldgammel visdom og naturlig sk\u00f8nhed. H\u00e5ndlavet i Indien, f\u00f8destedet for \u00e6delstensoverlevering og den \u00e6rede Shiva Lingam, b\u00e6rer disse tryllestave \u00e5nden af \u00e5rhundredgamle traditioner, klar til at styrke, helbrede og forsk\u00f8nne. Uanset om de [&hellip;]<\/p>\n","protected":false},"featured_media":338910,"comment_status":"closed","ping_status":"open","template":"","meta":{"_angie_page":false},"product_brand":[],"product_cat":[6950,25544,6243,25222,25754],"product_tag":[],"class_list":{"0":"post-200071","1":"product","2":"type-product","3":"status-publish","4":"has-post-thumbnail","6":"product_cat-aedelstens-smykker-og-accessories","7":"product_cat-ametyst","8":"product_cat-esoteriske-gaver","9":"product_cat-krystaller-og-sten","10":"product_cat-shiva-lingam","11":"pa_collection-gemstone-shiva-lingam-magic-wands-da","12":"pa_made-in-indien","14":"first","15":"instock","16":"purchasable","17":"product-type-simple"},"supplier_id":null,"supplier_sku":"LingW-03","barcode":null,"atum_controlled":true,"out_stock_date":null,"out_stock_threshold":null,"inheritable":false,"inbound_stock":null,"stock_on_hold":0,"sold_today":0,"sales_last_days":0,"reserved_stock":null,"customer_returns":null,"warehouse_damage":null,"lost_in_post":null,"other_logs":null,"out_stock_days":0,"lost_sales":0,"has_location":null,"update_date":"2026-04-27T07:11:14","atum_locations":[],"atum_stock_status":"instock","restock_status":false,"low_stock_amount":"","sales_update_date":"2026-01-30T01:26:10","calc_backorders":null,"_links":{"self":[{"href":"https:\/\/aromasentia.com\/da\/wp-json\/wp\/v2\/product\/200071","targetHints":{"allow":["GET"]}}],"collection":[{"href":"https:\/\/aromasentia.com\/da\/wp-json\/wp\/v2\/product"}],"about":[{"href":"https:\/\/aromasentia.com\/da\/wp-json\/wp\/v2\/types\/product"}],"replies":[{"embeddable":true,"href":"https:\/\/aromasentia.com\/da\/wp-json\/wp\/v2\/comments?post=200071"}],"version-history":[{"count":0,"href":"https:\/\/aromasentia.com\/da\/wp-json\/wp\/v2\/product\/200071\/revisions"}],"wp:featuredmedia":[{"embeddable":true,"href":"https:\/\/aromasentia.com\/da\/wp-json\/wp\/v2\/media\/338910"}],"wp:attachment":[{"href":"https:\/\/aromasentia.com\/da\/wp-json\/wp\/v2\/media?parent=200071"}],"wp:term":[{"taxonomy":"product_brand","embeddable":true,"href":"https:\/\/aromasentia.com\/da\/wp-json\/wp\/v2\/product_brand?post=200071"},{"taxonomy":"product_cat","embeddable":true,"href":"https:\/\/aromasentia.com\/da\/wp-json\/wp\/v2\/product_cat?post=200071"},{"taxonomy":"product_tag","embeddable":true,"href":"https:\/\/aromasentia.com\/da\/wp-json\/wp\/v2\/product_tag?post=200071"}],"curies":[{"name":"wp","href":"https:\/\/api.w.org\/{rel}","templated":true}]}}