{"id":200069,"date":"2025-03-22T13:29:58","date_gmt":"2025-03-22T13:29:58","guid":{"rendered":"https:\/\/aromasentia.com\/product\/shiva-lingam-magic-wand-rose-quartz-love\/"},"modified":"2025-06-22T03:25:21","modified_gmt":"2025-06-22T03:25:21","slug":"shiva-lingam-stav-rosakvarts-kaerlighed","status":"publish","type":"product","link":"https:\/\/aromasentia.com\/da\/shiva-lingam-stav-rosakvarts-kaerlighed\/","title":{"rendered":"Shiva Lingam Stav &#8211; Rosakvarts &#8211; K\u00e6rlighed"},"content":{"rendered":"<p><span style=\"color: rgb(75, 80, 88);\">Dyk ned i den mystiske verden af vores <strong>\u00c6delsten Shiva Lingam Tryllestave<\/strong>, hvor hvert stykke er en rejse ind i hjertet af \u00e6ldgammel visdom og naturlig sk\u00f8nhed.<\/span><\/p>\n<p><span style=\"color: rgb(75, 80, 88);\"><strong>H\u00e5ndlavet i Indien<\/strong>, f\u00f8destedet for \u00e6delstensoverlevering og den \u00e6rede Shiva Lingam, b\u00e6rer disse tryllestave \u00e5nden af \u00e5rhundredgamle traditioner, klar til at styrke, helbrede og forsk\u00f8nne. Uanset om de bruges i *Reiki*, *meditation* eller som et fantastisk dekorationsstykke, er de en port til en verden, hvor energien flyder frit, og magi er \u00e6gte.<\/span><\/p>\n<p><span style=\"color: rgb(75, 80, 88);\"><strong>Omfavn k\u00e6rlighedens \u00f8mme omfavnelse med vores Rosakvarts Shiva Lingam Tryllestav.<\/strong> Rosakvarts, der er \u00e6ret som stenen for ubetinget k\u00e6rlighed, \u00e5bner hjertet for alle former for k\u00e6rlighed: selvk\u00e6rlighed, famili\u00e6r k\u00e6rlighed, platonisk k\u00e6rlighed og romantisk k\u00e6rlighed.<\/span><\/p>\n<p><span style=\"color: rgb(75, 80, 88);\">Denne tryllestav er med sine bl\u00f8de lyser\u00f8de nuancer et **kraftfuldt v\u00e6rkt\u00f8j til at tiltr\u00e6kke k\u00e6rlighed, berolige f\u00f8lelsesm\u00e6ssige s\u00e5r og fremme fred og ro*. Kombinationen med&nbsp;<\/span><a href=\"https:\/\/aromasentia.com\/ling\"><span style=\"color: rgb(149, 122, 101);\"><strong>Shiva Lingam-stenen<\/strong><\/span><\/a><span style=\"color: rgb(75, 80, 88);\"> forst\u00e6rker rosenkvarts&#8217; n\u00e6rende energi, hvilket g\u00f8r denne tryllestav til et fyrt\u00e5rn af medf\u00f8lelse og harmoni.&nbsp;<\/span><\/p>\n<p><span style=\"color: rgb(75, 80, 88);\"><strong>Den er perfekt til alle, der s\u00f8ger at uddybe deres forhold eller finde tr\u00f8st og selvaccept.<\/strong><\/span><\/p>\n<p><span style=\"color: rgb(141, 186, 216);\"><strong>Fortryll dine kunder med noget helt s\u00e6rligt, bestil i dag.<\/strong><\/span><\/p>\n","protected":false},"excerpt":{"rendered":"<p>Dyk ned i den mystiske verden af vores \u00c6delsten Shiva Lingam Tryllestave, hvor hvert stykke er en rejse ind i hjertet af \u00e6ldgammel visdom og naturlig sk\u00f8nhed. H\u00e5ndlavet i Indien, f\u00f8destedet for \u00e6delstensoverlevering og den \u00e6rede Shiva Lingam, b\u00e6rer disse tryllestave \u00e5nden af \u00e5rhundredgamle traditioner, klar til at styrke, helbrede og forsk\u00f8nne. Uanset om de [&hellip;]<\/p>\n","protected":false},"featured_media":338876,"comment_status":"closed","ping_status":"open","template":"","meta":{"_angie_page":false},"product_brand":[],"product_cat":[6950,6243,25222,25736,25747,25754],"product_tag":[],"class_list":{"0":"post-200069","1":"product","2":"type-product","3":"status-publish","4":"has-post-thumbnail","6":"product_cat-aedelstens-smykker-og-accessories","7":"product_cat-esoteriske-gaver","8":"product_cat-krystaller-og-sten","9":"product_cat-kvarts","10":"product_cat-rosenkvarts","11":"product_cat-shiva-lingam","12":"pa_collection-gemstone-shiva-lingam-magic-wands-da","13":"pa_made-in-indien","15":"first","16":"instock","17":"purchasable","18":"product-type-simple"},"supplier_id":null,"supplier_sku":"LingW-01","barcode":null,"atum_controlled":true,"out_stock_date":null,"out_stock_threshold":null,"inheritable":false,"inbound_stock":null,"stock_on_hold":0,"sold_today":0,"sales_last_days":0,"reserved_stock":null,"customer_returns":null,"warehouse_damage":null,"lost_in_post":null,"other_logs":null,"out_stock_days":0,"lost_sales":0,"has_location":null,"update_date":"2026-04-27T07:11:14","atum_locations":[],"atum_stock_status":"instock","restock_status":false,"low_stock_amount":"","sales_update_date":"2026-01-30T01:26:26","calc_backorders":null,"_links":{"self":[{"href":"https:\/\/aromasentia.com\/da\/wp-json\/wp\/v2\/product\/200069","targetHints":{"allow":["GET"]}}],"collection":[{"href":"https:\/\/aromasentia.com\/da\/wp-json\/wp\/v2\/product"}],"about":[{"href":"https:\/\/aromasentia.com\/da\/wp-json\/wp\/v2\/types\/product"}],"replies":[{"embeddable":true,"href":"https:\/\/aromasentia.com\/da\/wp-json\/wp\/v2\/comments?post=200069"}],"version-history":[{"count":0,"href":"https:\/\/aromasentia.com\/da\/wp-json\/wp\/v2\/product\/200069\/revisions"}],"wp:featuredmedia":[{"embeddable":true,"href":"https:\/\/aromasentia.com\/da\/wp-json\/wp\/v2\/media\/338876"}],"wp:attachment":[{"href":"https:\/\/aromasentia.com\/da\/wp-json\/wp\/v2\/media?parent=200069"}],"wp:term":[{"taxonomy":"product_brand","embeddable":true,"href":"https:\/\/aromasentia.com\/da\/wp-json\/wp\/v2\/product_brand?post=200069"},{"taxonomy":"product_cat","embeddable":true,"href":"https:\/\/aromasentia.com\/da\/wp-json\/wp\/v2\/product_cat?post=200069"},{"taxonomy":"product_tag","embeddable":true,"href":"https:\/\/aromasentia.com\/da\/wp-json\/wp\/v2\/product_tag?post=200069"}],"curies":[{"name":"wp","href":"https:\/\/api.w.org\/{rel}","templated":true}]}}