{"id":200067,"date":"2025-03-22T13:29:58","date_gmt":"2025-03-22T13:29:58","guid":{"rendered":"https:\/\/aromasentia.com\/product\/six-inch-lingam-stone-15cm\/"},"modified":"2025-06-22T03:25:21","modified_gmt":"2025-06-22T03:25:21","slug":"seks-tommer-lingam-sten-15-cm","status":"publish","type":"product","link":"https:\/\/aromasentia.com\/da\/seks-tommer-lingam-sten-15-cm\/","title":{"rendered":"Seks Tommer Lingam-Sten &#8211; 15 cm"},"content":{"rendered":"<p>Shiva Lingam-stenen er en hellig sten fra b\u00e5de den antikke og den moderne verden. De findes i Narmada-floden i Onkar Mandhata, et af de syv hellige steder i Indien. Disse sten fra Aroma Sentia-ping er lavet af kryptokrystallinsk kvarts, og legenden siger, at de blev dannet, da en meteorit faldt til jorden for flere millioner \u00e5r siden. Flodens naturlige bev\u00e6gelse menes at v\u00e6re med til at skabe stenenes \u00e6g- eller ovale form. De samles kun \u00e9n dag om \u00e5ret og h\u00e5ndpoleres for at give dem en glat og skinnende overflade. Lingam-sten siges at have en af de h\u00f8jeste frekvensvibrationer af alle sten p\u00e5 jorden. De udsender en vibration, der vil rense dit hellige rum.<\/p>\n<p><span style=\"color: rgb(184, 49, 47);\"><strong>De viste dimensioner er pr. enkelt sten.<\/strong><\/span><\/p>\n<p><strong>Hver Shiva Lingam-sten er helt unik!<\/strong><\/p>\n","protected":false},"excerpt":{"rendered":"<p>Shiva Lingam-stenen er en hellig sten fra b\u00e5de den antikke og den moderne verden. De findes i Narmada-floden i Onkar Mandhata, et af de syv hellige steder i Indien. Disse sten fra Aroma Sentia-ping er lavet af kryptokrystallinsk kvarts, og legenden siger, at de blev dannet, da en meteorit faldt til jorden for flere millioner [&hellip;]<\/p>\n","protected":false},"featured_media":338858,"comment_status":"closed","ping_status":"open","template":"","meta":{"_angie_page":false},"product_brand":[],"product_cat":[6243,25222,6869,25754],"product_tag":[],"class_list":{"0":"post-200067","1":"product","2":"type-product","3":"status-publish","4":"has-post-thumbnail","6":"product_cat-esoteriske-gaver","7":"product_cat-krystaller-og-sten","8":"product_cat-lommesten","9":"product_cat-shiva-lingam","10":"pa_collection-shiva-lingam-stones-da","11":"pa_made-in-indien","13":"first","14":"instock","15":"purchasable","16":"product-type-simple"},"supplier_id":null,"supplier_sku":"Ling-04","barcode":null,"atum_controlled":true,"out_stock_date":null,"out_stock_threshold":null,"inheritable":false,"inbound_stock":null,"stock_on_hold":0,"sold_today":0,"sales_last_days":0,"reserved_stock":null,"customer_returns":null,"warehouse_damage":null,"lost_in_post":null,"other_logs":null,"out_stock_days":0,"lost_sales":0,"has_location":null,"update_date":"2026-04-27T07:11:14","atum_locations":[],"atum_stock_status":"instock","restock_status":false,"low_stock_amount":"","sales_update_date":"2026-01-30T01:25:50","calc_backorders":null,"_links":{"self":[{"href":"https:\/\/aromasentia.com\/da\/wp-json\/wp\/v2\/product\/200067","targetHints":{"allow":["GET"]}}],"collection":[{"href":"https:\/\/aromasentia.com\/da\/wp-json\/wp\/v2\/product"}],"about":[{"href":"https:\/\/aromasentia.com\/da\/wp-json\/wp\/v2\/types\/product"}],"replies":[{"embeddable":true,"href":"https:\/\/aromasentia.com\/da\/wp-json\/wp\/v2\/comments?post=200067"}],"version-history":[{"count":0,"href":"https:\/\/aromasentia.com\/da\/wp-json\/wp\/v2\/product\/200067\/revisions"}],"wp:featuredmedia":[{"embeddable":true,"href":"https:\/\/aromasentia.com\/da\/wp-json\/wp\/v2\/media\/338858"}],"wp:attachment":[{"href":"https:\/\/aromasentia.com\/da\/wp-json\/wp\/v2\/media?parent=200067"}],"wp:term":[{"taxonomy":"product_brand","embeddable":true,"href":"https:\/\/aromasentia.com\/da\/wp-json\/wp\/v2\/product_brand?post=200067"},{"taxonomy":"product_cat","embeddable":true,"href":"https:\/\/aromasentia.com\/da\/wp-json\/wp\/v2\/product_cat?post=200067"},{"taxonomy":"product_tag","embeddable":true,"href":"https:\/\/aromasentia.com\/da\/wp-json\/wp\/v2\/product_tag?post=200067"}],"curies":[{"name":"wp","href":"https:\/\/api.w.org\/{rel}","templated":true}]}}