{"id":200063,"date":"2025-03-22T13:30:06","date_gmt":"2025-03-22T13:30:06","guid":{"rendered":"https:\/\/aromasentia.com\/product\/carnelian-gemstone-chips-bulk-1kg\/"},"modified":"2025-06-22T03:25:19","modified_gmt":"2025-06-22T03:25:19","slug":"carnelian-aedelsten-chips-bulk-1kg","status":"publish","type":"product","link":"https:\/\/aromasentia.com\/da\/carnelian-aedelsten-chips-bulk-1kg\/","title":{"rendered":"Carnelian \u00c6delsten Chips Bulk &#8211; 1Kg"},"content":{"rendered":"<p>Tag et kig p\u00e5 vores fantastiske, smukke Aroma Sentia-ping blandede karneol \u00e6delstenschips i l\u00f8s v\u00e6gt &#8211; 1 kg! En smuk blanding af blandede farverige \u00e6delstenschips er ideel til dekorativ brug og endda til akvarier. Mulighederne er uendelige, og de vil helt sikkert blive et godt salg. V\u00e6r kreativ!<\/p>\n<p>Brug dem til at fylde vores smeltede glassk\u00e5le eller et bredt udvalg af glasterrarier og sk\u00e5le.<\/p>\n<p>Tilf\u00f8j dette produkt til dit tilbud i dag for at f\u00e5 de fleste af disse fantastiske blandede \u00e6delstenschips i din e-shop. Dine kunder vil elske dem.<\/p>\n","protected":false},"excerpt":{"rendered":"<p>Tag et kig p\u00e5 vores fantastiske, smukke Aroma Sentia-ping blandede karneol \u00e6delstenschips i l\u00f8s v\u00e6gt &#8211; 1 kg! En smuk blanding af blandede farverige \u00e6delstenschips er ideel til dekorativ brug og endda til akvarier. Mulighederne er uendelige, og de vil helt sikkert blive et godt salg. V\u00e6r kreativ! Brug dem til at fylde vores smeltede [&hellip;]<\/p>\n","protected":false},"featured_media":341985,"comment_status":"closed","ping_status":"open","template":"","meta":[],"product_brand":[],"product_cat":[6243,25581,25222,6869],"product_tag":[],"class_list":{"0":"post-200063","1":"product","2":"type-product","3":"status-publish","4":"has-post-thumbnail","6":"product_cat-esoteriske-gaver","7":"product_cat-karneol","8":"product_cat-krystaller-og-sten","9":"product_cat-lommesten","10":"pa_collection-mixed-gemstones-da","11":"pa_made-in-indien","13":"first","14":"instock","15":"purchasable","16":"product-type-simple"},"supplier_id":null,"supplier_sku":"NMGC-14","barcode":null,"atum_controlled":true,"out_stock_date":null,"out_stock_threshold":null,"inheritable":false,"inbound_stock":null,"stock_on_hold":0,"sold_today":0,"sales_last_days":0,"reserved_stock":null,"customer_returns":null,"warehouse_damage":null,"lost_in_post":null,"other_logs":null,"out_stock_days":0,"lost_sales":0,"has_location":null,"update_date":"2026-02-03T09:15:07","atum_locations":[],"atum_stock_status":"instock","restock_status":false,"low_stock_amount":"","sales_update_date":"2025-09-05T00:24:57","calc_backorders":null,"_links":{"self":[{"href":"https:\/\/aromasentia.com\/da\/wp-json\/wp\/v2\/product\/200063","targetHints":{"allow":["GET"]}}],"collection":[{"href":"https:\/\/aromasentia.com\/da\/wp-json\/wp\/v2\/product"}],"about":[{"href":"https:\/\/aromasentia.com\/da\/wp-json\/wp\/v2\/types\/product"}],"replies":[{"embeddable":true,"href":"https:\/\/aromasentia.com\/da\/wp-json\/wp\/v2\/comments?post=200063"}],"version-history":[{"count":0,"href":"https:\/\/aromasentia.com\/da\/wp-json\/wp\/v2\/product\/200063\/revisions"}],"wp:featuredmedia":[{"embeddable":true,"href":"https:\/\/aromasentia.com\/da\/wp-json\/wp\/v2\/media\/341985"}],"wp:attachment":[{"href":"https:\/\/aromasentia.com\/da\/wp-json\/wp\/v2\/media?parent=200063"}],"wp:term":[{"taxonomy":"product_brand","embeddable":true,"href":"https:\/\/aromasentia.com\/da\/wp-json\/wp\/v2\/product_brand?post=200063"},{"taxonomy":"product_cat","embeddable":true,"href":"https:\/\/aromasentia.com\/da\/wp-json\/wp\/v2\/product_cat?post=200063"},{"taxonomy":"product_tag","embeddable":true,"href":"https:\/\/aromasentia.com\/da\/wp-json\/wp\/v2\/product_tag?post=200063"}],"curies":[{"name":"wp","href":"https:\/\/api.w.org\/{rel}","templated":true}]}}