{"id":200045,"date":"2025-03-22T13:30:06","date_gmt":"2025-03-22T13:30:06","guid":{"rendered":"https:\/\/aromasentia.com\/product\/mineral-specimens-galene-approx-80-pieces\/"},"modified":"2025-06-22T03:25:10","modified_gmt":"2025-06-22T03:25:10","slug":"mineralproever-galene-ca-80-stykker","status":"publish","type":"product","link":"https:\/\/aromasentia.com\/da\/mineralproever-galene-ca-80-stykker\/","title":{"rendered":"Mineralpr\u00f8ver &#8211; Galene (Ca. 80 Stykker)"},"content":{"rendered":"<p><span style=\"color: rgb(75, 80, 88);\">Galenasten hj\u00e6lper med at berolige intense f\u00f8lelser, s\u00e5som vrede, raserianfald og f\u00f8lelser af h\u00e6vn eller bitterhed. Mentalt underst\u00f8tter den afg\u00f8rende handling ved at fjerne parasitiske tanker og dv\u00e6lende kilder til n\u00f8d. Den tilbyder stabilitet og den struktur, der er n\u00f8dvendig for at n\u00e5 dine m\u00e5l. P\u00e5 et \u00e5ndeligt plan fungerer Galena som en st\u00e6rk guide til at navigere gennem m\u00f8rke, selvom den kan skabe en rigid tankegang og styrke overbevisninger og viden, hvis den bruges i l\u00e6ngere perioder under \u00e5ndelig udforskning. Det anbefales at forblive opm\u00e6rksom og opm\u00e6rksom p\u00e5 sit indre jeg.<\/span> <\/p>\n","protected":false},"excerpt":{"rendered":"<p>Galenasten hj\u00e6lper med at berolige intense f\u00f8lelser, s\u00e5som vrede, raserianfald og f\u00f8lelser af h\u00e6vn eller bitterhed. Mentalt underst\u00f8tter den afg\u00f8rende handling ved at fjerne parasitiske tanker og dv\u00e6lende kilder til n\u00f8d. Den tilbyder stabilitet og den struktur, der er n\u00f8dvendig for at n\u00e5 dine m\u00e5l. P\u00e5 et \u00e5ndeligt plan fungerer Galena som en st\u00e6rk guide [&hellip;]<\/p>\n","protected":false},"featured_media":341479,"comment_status":"closed","ping_status":"open","template":"","meta":{"_angie_page":false},"product_brand":[],"product_cat":[6243,6869],"product_tag":[],"class_list":{"0":"post-200045","1":"product","2":"type-product","3":"status-publish","4":"has-post-thumbnail","6":"product_cat-esoteriske-gaver","7":"product_cat-lommesten","8":"pa_collection-rare-mineral-specimens-da","9":"pa_made-in-marokko","11":"first","12":"instock","13":"purchasable","14":"product-type-simple"},"supplier_id":null,"supplier_sku":"MinSP-18","barcode":null,"atum_controlled":true,"out_stock_date":null,"out_stock_threshold":null,"inheritable":false,"inbound_stock":null,"stock_on_hold":0,"sold_today":0,"sales_last_days":0,"reserved_stock":null,"customer_returns":null,"warehouse_damage":null,"lost_in_post":null,"other_logs":null,"out_stock_days":0,"lost_sales":0,"has_location":null,"update_date":"2026-05-08T05:13:11","atum_locations":[],"atum_stock_status":"instock","restock_status":false,"low_stock_amount":"","sales_update_date":"2026-02-06T00:00:46","calc_backorders":null,"_links":{"self":[{"href":"https:\/\/aromasentia.com\/da\/wp-json\/wp\/v2\/product\/200045","targetHints":{"allow":["GET"]}}],"collection":[{"href":"https:\/\/aromasentia.com\/da\/wp-json\/wp\/v2\/product"}],"about":[{"href":"https:\/\/aromasentia.com\/da\/wp-json\/wp\/v2\/types\/product"}],"replies":[{"embeddable":true,"href":"https:\/\/aromasentia.com\/da\/wp-json\/wp\/v2\/comments?post=200045"}],"version-history":[{"count":0,"href":"https:\/\/aromasentia.com\/da\/wp-json\/wp\/v2\/product\/200045\/revisions"}],"wp:featuredmedia":[{"embeddable":true,"href":"https:\/\/aromasentia.com\/da\/wp-json\/wp\/v2\/media\/341479"}],"wp:attachment":[{"href":"https:\/\/aromasentia.com\/da\/wp-json\/wp\/v2\/media?parent=200045"}],"wp:term":[{"taxonomy":"product_brand","embeddable":true,"href":"https:\/\/aromasentia.com\/da\/wp-json\/wp\/v2\/product_brand?post=200045"},{"taxonomy":"product_cat","embeddable":true,"href":"https:\/\/aromasentia.com\/da\/wp-json\/wp\/v2\/product_cat?post=200045"},{"taxonomy":"product_tag","embeddable":true,"href":"https:\/\/aromasentia.com\/da\/wp-json\/wp\/v2\/product_tag?post=200045"}],"curies":[{"name":"wp","href":"https:\/\/api.w.org\/{rel}","templated":true}]}}