{"id":200037,"date":"2025-03-22T13:30:06","date_gmt":"2025-03-22T13:30:06","guid":{"rendered":"https:\/\/aromasentia.com\/product\/mineral-specimens-calcite-approx-32-pieces\/"},"modified":"2025-06-22T03:25:04","modified_gmt":"2025-06-22T03:25:04","slug":"mineralproever-calcit-ca-32-stykker","status":"publish","type":"product","link":"https:\/\/aromasentia.com\/da\/mineralproever-calcit-ca-32-stykker\/","title":{"rendered":"Mineralpr\u00f8ver &#8211; Calcit (Ca. 32 Stykker)"},"content":{"rendered":"<p><span style=\"color: rgb(75, 80, 88);\">Calcit er almindelig over hele verden og udg\u00f8r mere end 4% af jordskorpens samlede masse. Dette mineral kan findes i mange farver s\u00e5som r\u00f8d, orange, gr\u00f8n, gul, bl\u00e5 og brun. Der findes ogs\u00e5 farvel\u00f8se og hvide lospr\u00f8ver. Calcit fremst\u00e5r som en transparent eller uigennemsigtig krystal. De mest almindelige er pr\u00f8ver, der indeholder blandinger af mangan, jern og magnesium, strontium, barium, kobolt og bly. Calcit betragtes som balancens sten. Den har evnen til at styrke og rense energi.<\/span> <\/p>\n","protected":false},"excerpt":{"rendered":"<p>Calcit er almindelig over hele verden og udg\u00f8r mere end 4% af jordskorpens samlede masse. Dette mineral kan findes i mange farver s\u00e5som r\u00f8d, orange, gr\u00f8n, gul, bl\u00e5 og brun. Der findes ogs\u00e5 farvel\u00f8se og hvide lospr\u00f8ver. Calcit fremst\u00e5r som en transparent eller uigennemsigtig krystal. De mest almindelige er pr\u00f8ver, der indeholder blandinger af mangan, [&hellip;]<\/p>\n","protected":false},"featured_media":340887,"comment_status":"closed","ping_status":"open","template":"","meta":{"_angie_page":false},"product_brand":[],"product_cat":[25571,6243,25222,6869],"product_tag":[],"class_list":{"0":"post-200037","1":"product","2":"type-product","3":"status-publish","4":"has-post-thumbnail","6":"product_cat-calcit","7":"product_cat-esoteriske-gaver","8":"product_cat-krystaller-og-sten","9":"product_cat-lommesten","10":"pa_collection-rare-mineral-specimens-da","11":"pa_made-in-marokko","13":"first","14":"instock","15":"purchasable","16":"product-type-simple"},"supplier_id":null,"supplier_sku":"MinSP-10","barcode":null,"atum_controlled":true,"out_stock_date":null,"out_stock_threshold":null,"inheritable":false,"inbound_stock":null,"stock_on_hold":0,"sold_today":0,"sales_last_days":0,"reserved_stock":null,"customer_returns":null,"warehouse_damage":null,"lost_in_post":null,"other_logs":null,"out_stock_days":153,"lost_sales":0,"has_location":null,"update_date":"2026-04-27T07:13:06","atum_locations":[],"atum_stock_status":"instock","restock_status":false,"low_stock_amount":"","sales_update_date":"2026-02-06T00:01:04","calc_backorders":null,"_links":{"self":[{"href":"https:\/\/aromasentia.com\/da\/wp-json\/wp\/v2\/product\/200037","targetHints":{"allow":["GET"]}}],"collection":[{"href":"https:\/\/aromasentia.com\/da\/wp-json\/wp\/v2\/product"}],"about":[{"href":"https:\/\/aromasentia.com\/da\/wp-json\/wp\/v2\/types\/product"}],"replies":[{"embeddable":true,"href":"https:\/\/aromasentia.com\/da\/wp-json\/wp\/v2\/comments?post=200037"}],"version-history":[{"count":0,"href":"https:\/\/aromasentia.com\/da\/wp-json\/wp\/v2\/product\/200037\/revisions"}],"wp:featuredmedia":[{"embeddable":true,"href":"https:\/\/aromasentia.com\/da\/wp-json\/wp\/v2\/media\/340887"}],"wp:attachment":[{"href":"https:\/\/aromasentia.com\/da\/wp-json\/wp\/v2\/media?parent=200037"}],"wp:term":[{"taxonomy":"product_brand","embeddable":true,"href":"https:\/\/aromasentia.com\/da\/wp-json\/wp\/v2\/product_brand?post=200037"},{"taxonomy":"product_cat","embeddable":true,"href":"https:\/\/aromasentia.com\/da\/wp-json\/wp\/v2\/product_cat?post=200037"},{"taxonomy":"product_tag","embeddable":true,"href":"https:\/\/aromasentia.com\/da\/wp-json\/wp\/v2\/product_tag?post=200037"}],"curies":[{"name":"wp","href":"https:\/\/api.w.org\/{rel}","templated":true}]}}