{"id":200033,"date":"2025-03-22T13:30:06","date_gmt":"2025-03-22T13:30:06","guid":{"rendered":"https:\/\/aromasentia.com\/product\/mineral-specimens-azurite-malachite-approx-20-pieces\/"},"modified":"2025-06-22T03:25:03","modified_gmt":"2025-06-22T03:25:03","slug":"mineralproever-azurit-malakit-ca-20-stykker","status":"publish","type":"product","link":"https:\/\/aromasentia.com\/da\/mineralproever-azurit-malakit-ca-20-stykker\/","title":{"rendered":"Mineralpr\u00f8ver &#8211; Azurit Malakit (Ca. 20 Stykker)"},"content":{"rendered":"<p><span style=\"color: rgb(75, 80, 88);\">Azurit Malakit er en blanding af azurit og malakit, normalt i form af t\u00e6tte klynger. Den har en smuk bl\u00e5gr\u00f8n farve. Denne sten har en h\u00f8j samlerv\u00e6rdi, men if\u00f8lge litoterapi har den ogs\u00e5 en positiv effekt p\u00e5 den menneskelige krops og sj\u00e6ls tilstand. Meget ofte i esoteriske kredse kaldes azurit malakit en sten med positiv energi.<\/span> <\/p>\n","protected":false},"excerpt":{"rendered":"<p>Azurit Malakit er en blanding af azurit og malakit, normalt i form af t\u00e6tte klynger. Den har en smuk bl\u00e5gr\u00f8n farve. Denne sten har en h\u00f8j samlerv\u00e6rdi, men if\u00f8lge litoterapi har den ogs\u00e5 en positiv effekt p\u00e5 den menneskelige krops og sj\u00e6ls tilstand. Meget ofte i esoteriske kredse kaldes azurit malakit en sten med positiv [&hellip;]<\/p>\n","protected":false},"featured_media":340499,"comment_status":"closed","ping_status":"open","template":"","meta":{"_angie_page":false},"product_brand":[],"product_cat":[6243,25222,6869,25682],"product_tag":[],"class_list":{"0":"post-200033","1":"product","2":"type-product","3":"status-publish","4":"has-post-thumbnail","6":"product_cat-esoteriske-gaver","7":"product_cat-krystaller-og-sten","8":"product_cat-lommesten","9":"product_cat-malakit","10":"pa_collection-rare-mineral-specimens-da","11":"pa_made-in-marokko","13":"first","14":"instock","15":"purchasable","16":"product-type-simple"},"supplier_id":null,"supplier_sku":"MinSP-06","barcode":null,"atum_controlled":true,"out_stock_date":null,"out_stock_threshold":null,"inheritable":false,"inbound_stock":null,"stock_on_hold":0,"sold_today":0,"sales_last_days":0,"reserved_stock":null,"customer_returns":null,"warehouse_damage":null,"lost_in_post":null,"other_logs":null,"out_stock_days":0,"lost_sales":0,"has_location":null,"update_date":"2026-04-27T07:12:59","atum_locations":[],"atum_stock_status":"instock","restock_status":false,"low_stock_amount":"","sales_update_date":"2026-01-30T01:25:45","calc_backorders":null,"_links":{"self":[{"href":"https:\/\/aromasentia.com\/da\/wp-json\/wp\/v2\/product\/200033","targetHints":{"allow":["GET"]}}],"collection":[{"href":"https:\/\/aromasentia.com\/da\/wp-json\/wp\/v2\/product"}],"about":[{"href":"https:\/\/aromasentia.com\/da\/wp-json\/wp\/v2\/types\/product"}],"replies":[{"embeddable":true,"href":"https:\/\/aromasentia.com\/da\/wp-json\/wp\/v2\/comments?post=200033"}],"version-history":[{"count":0,"href":"https:\/\/aromasentia.com\/da\/wp-json\/wp\/v2\/product\/200033\/revisions"}],"wp:featuredmedia":[{"embeddable":true,"href":"https:\/\/aromasentia.com\/da\/wp-json\/wp\/v2\/media\/340499"}],"wp:attachment":[{"href":"https:\/\/aromasentia.com\/da\/wp-json\/wp\/v2\/media?parent=200033"}],"wp:term":[{"taxonomy":"product_brand","embeddable":true,"href":"https:\/\/aromasentia.com\/da\/wp-json\/wp\/v2\/product_brand?post=200033"},{"taxonomy":"product_cat","embeddable":true,"href":"https:\/\/aromasentia.com\/da\/wp-json\/wp\/v2\/product_cat?post=200033"},{"taxonomy":"product_tag","embeddable":true,"href":"https:\/\/aromasentia.com\/da\/wp-json\/wp\/v2\/product_tag?post=200033"}],"curies":[{"name":"wp","href":"https:\/\/api.w.org\/{rel}","templated":true}]}}