{"id":200031,"date":"2025-03-22T13:30:06","date_gmt":"2025-03-22T13:30:06","guid":{"rendered":"https:\/\/aromasentia.com\/product\/finger-quartz-min-5-pieces-per-1kg-pack\/"},"modified":"2025-06-22T03:25:02","modified_gmt":"2025-06-22T03:25:02","slug":"fingerkvarts-min-5-stk-pr-1kg-pakke","status":"publish","type":"product","link":"https:\/\/aromasentia.com\/da\/fingerkvarts-min-5-stk-pr-1kg-pakke\/","title":{"rendered":"Fingerkvarts (min. 5 Stk. Pr. 1Kg Pakke)"},"content":{"rendered":"<p>Vores sj\u00e6ldne mineralpr\u00f8ver er meget samlerv\u00e6rdige genstande. Hvis du er mineralsamler, b\u00f8r du have dem i din samling. Forskellige \u00e6delsten siges at have forskellige egenskaber, og i tusinder af \u00e5r er de blevet lavet til ringe, armb\u00e5nd, amuletter, brocher og vedh\u00e6ng for at indfange deres magi.<\/p>\n<p>En popul\u00e6r teori er, at \u00e6delsten indeholder vibrationsenergi. Ved at placere \u00e6delsten i en persons aura er det muligt at \u00e6ndre vibrationerne i denne aura. De kan hj\u00e6lpe dig med at absorbere negative tanker, fylde dig med mod og selvtillid eller forbedre din hukommelse.<\/p>\n<p>BEM\u00c6RK VENLIGST: Disse mineraler er et naturprodukt. P\u00e5 grund af dette kan st\u00f8rrelsen p\u00e5 \u00e6delstenene variere.<\/p>\n","protected":false},"excerpt":{"rendered":"<p>Vores sj\u00e6ldne mineralpr\u00f8ver er meget samlerv\u00e6rdige genstande. Hvis du er mineralsamler, b\u00f8r du have dem i din samling. Forskellige \u00e6delsten siges at have forskellige egenskaber, og i tusinder af \u00e5r er de blevet lavet til ringe, armb\u00e5nd, amuletter, brocher og vedh\u00e6ng for at indfange deres magi. En popul\u00e6r teori er, at \u00e6delsten indeholder vibrationsenergi. Ved [&hellip;]<\/p>\n","protected":false},"featured_media":340297,"comment_status":"closed","ping_status":"open","template":"","meta":{"_angie_page":false},"product_brand":[],"product_cat":[6243,25222,25736,6869],"product_tag":[],"class_list":{"0":"post-200031","1":"product","2":"type-product","3":"status-publish","4":"has-post-thumbnail","6":"product_cat-esoteriske-gaver","7":"product_cat-krystaller-og-sten","8":"product_cat-kvarts","9":"product_cat-lommesten","10":"pa_collection-rare-mineral-specimens-da","11":"pa_made-in-indien","13":"first","14":"instock","15":"purchasable","16":"product-type-simple"},"supplier_id":null,"supplier_sku":"MinSp-04","barcode":null,"atum_controlled":true,"out_stock_date":null,"out_stock_threshold":null,"inheritable":false,"inbound_stock":null,"stock_on_hold":0,"sold_today":0,"sales_last_days":0,"reserved_stock":null,"customer_returns":null,"warehouse_damage":null,"lost_in_post":null,"other_logs":null,"out_stock_days":0,"lost_sales":0,"has_location":null,"update_date":"2026-04-27T07:12:59","atum_locations":[],"atum_stock_status":"instock","restock_status":false,"low_stock_amount":"","sales_update_date":"2026-01-30T01:24:34","calc_backorders":null,"_links":{"self":[{"href":"https:\/\/aromasentia.com\/da\/wp-json\/wp\/v2\/product\/200031","targetHints":{"allow":["GET"]}}],"collection":[{"href":"https:\/\/aromasentia.com\/da\/wp-json\/wp\/v2\/product"}],"about":[{"href":"https:\/\/aromasentia.com\/da\/wp-json\/wp\/v2\/types\/product"}],"replies":[{"embeddable":true,"href":"https:\/\/aromasentia.com\/da\/wp-json\/wp\/v2\/comments?post=200031"}],"version-history":[{"count":0,"href":"https:\/\/aromasentia.com\/da\/wp-json\/wp\/v2\/product\/200031\/revisions"}],"wp:featuredmedia":[{"embeddable":true,"href":"https:\/\/aromasentia.com\/da\/wp-json\/wp\/v2\/media\/340297"}],"wp:attachment":[{"href":"https:\/\/aromasentia.com\/da\/wp-json\/wp\/v2\/media?parent=200031"}],"wp:term":[{"taxonomy":"product_brand","embeddable":true,"href":"https:\/\/aromasentia.com\/da\/wp-json\/wp\/v2\/product_brand?post=200031"},{"taxonomy":"product_cat","embeddable":true,"href":"https:\/\/aromasentia.com\/da\/wp-json\/wp\/v2\/product_cat?post=200031"},{"taxonomy":"product_tag","embeddable":true,"href":"https:\/\/aromasentia.com\/da\/wp-json\/wp\/v2\/product_tag?post=200031"}],"curies":[{"name":"wp","href":"https:\/\/api.w.org\/{rel}","templated":true}]}}