{"id":200017,"date":"2025-03-22T13:30:06","date_gmt":"2025-03-22T13:30:06","guid":{"rendered":"https:\/\/aromasentia.com\/product\/box-of-12-mini-gemstone-trees-on-orgonite-base-assorted-mix-15-stones\/"},"modified":"2025-06-22T03:24:53","modified_gmt":"2025-06-22T03:24:53","slug":"aeske-med-12-mini-aedelstenstraeer-paa-orgonitbund-assorteret-mix-15-sten","status":"publish","type":"product","link":"https:\/\/aromasentia.com\/da\/aeske-med-12-mini-aedelstenstraeer-paa-orgonitbund-assorteret-mix-15-sten\/","title":{"rendered":"\u00c6ske med 12 Mini \u00c6delstenstr\u00e6er P\u00e5 Orgonitbund &#8211; Assorteret mix (15 Sten)"},"content":{"rendered":"<p><span style=\"color: rgb(75, 80, 88);\"><strong>Produktdetaljer:<\/strong><\/span><\/p>\n<p><span style=\"color: rgb(75, 80, 88);\">&#8211; Denne assorterede blanding indeholder: Multisten, Rosakvarts, Tiger\u00f8je, Ametyst, Klippekvarts, Gr\u00f8n Aventurin, Sodalit, Sort Agat, Hvid Howlit, Gul Jaspis, R\u00f8d Jaspis <br \/><\/span><\/p>\n<p><span style=\"color: rgb(75, 80, 88);\">&#8211; Orgonitbase<\/span><\/p>\n<p><span style=\"color: rgb(75, 80, 88);\">&#8211; Pyntet med 15 \u00e6delsten<\/span><\/p>\n<p><span style=\"color: rgb(75, 80, 88);\">&#8211; Hvert tr\u00e6 er ca. 5 cm<\/span><\/p>\n<p><span style=\"color: rgb(75, 80, 88);\">&#8211; Fremstillet og leveret af en veletableret leverand\u00f8r i Indien<\/span><\/p>\n<p><span style=\"color: rgb(75, 80, 88);\">De plastikkasser, som disse tr\u00e6er leveres i, kan genbruges som samlerbokse eller genbruges p\u00e5 kreative m\u00e5der.<\/span><\/p>\n","protected":false},"excerpt":{"rendered":"<p>Produktdetaljer: &#8211; Denne assorterede blanding indeholder: Multisten, Rosakvarts, Tiger\u00f8je, Ametyst, Klippekvarts, Gr\u00f8n Aventurin, Sodalit, Sort Agat, Hvid Howlit, Gul Jaspis, R\u00f8d Jaspis &#8211; Orgonitbase &#8211; Pyntet med 15 \u00e6delsten &#8211; Hvert tr\u00e6 er ca. 5 cm &#8211; Fremstillet og leveret af en veletableret leverand\u00f8r i Indien De plastikkasser, som disse tr\u00e6er leveres i, kan genbruges [&hellip;]<\/p>\n","protected":false},"featured_media":339419,"comment_status":"closed","ping_status":"open","template":"","meta":{"_angie_page":false},"product_brand":[],"product_cat":[6950,6243],"product_tag":[],"class_list":{"0":"post-200017","1":"product","2":"type-product","3":"status-publish","4":"has-post-thumbnail","6":"product_cat-aedelstens-smykker-og-accessories","7":"product_cat-esoteriske-gaver","8":"pa_collection-mini-gemstone-trees-da","9":"pa_made-in-indien","11":"first","12":"instock","13":"purchasable","14":"product-type-simple"},"supplier_id":null,"supplier_sku":"MGemT-10","barcode":null,"atum_controlled":true,"out_stock_date":null,"out_stock_threshold":null,"inheritable":false,"inbound_stock":null,"stock_on_hold":0,"sold_today":0,"sales_last_days":0,"reserved_stock":null,"customer_returns":null,"warehouse_damage":null,"lost_in_post":null,"other_logs":null,"out_stock_days":0,"lost_sales":0,"has_location":null,"update_date":"2026-04-27T07:12:35","atum_locations":[],"atum_stock_status":"instock","restock_status":false,"low_stock_amount":"","sales_update_date":"2026-01-30T01:26:10","calc_backorders":null,"_links":{"self":[{"href":"https:\/\/aromasentia.com\/da\/wp-json\/wp\/v2\/product\/200017","targetHints":{"allow":["GET"]}}],"collection":[{"href":"https:\/\/aromasentia.com\/da\/wp-json\/wp\/v2\/product"}],"about":[{"href":"https:\/\/aromasentia.com\/da\/wp-json\/wp\/v2\/types\/product"}],"replies":[{"embeddable":true,"href":"https:\/\/aromasentia.com\/da\/wp-json\/wp\/v2\/comments?post=200017"}],"version-history":[{"count":0,"href":"https:\/\/aromasentia.com\/da\/wp-json\/wp\/v2\/product\/200017\/revisions"}],"wp:featuredmedia":[{"embeddable":true,"href":"https:\/\/aromasentia.com\/da\/wp-json\/wp\/v2\/media\/339419"}],"wp:attachment":[{"href":"https:\/\/aromasentia.com\/da\/wp-json\/wp\/v2\/media?parent=200017"}],"wp:term":[{"taxonomy":"product_brand","embeddable":true,"href":"https:\/\/aromasentia.com\/da\/wp-json\/wp\/v2\/product_brand?post=200017"},{"taxonomy":"product_cat","embeddable":true,"href":"https:\/\/aromasentia.com\/da\/wp-json\/wp\/v2\/product_cat?post=200017"},{"taxonomy":"product_tag","embeddable":true,"href":"https:\/\/aromasentia.com\/da\/wp-json\/wp\/v2\/product_tag?post=200017"}],"curies":[{"name":"wp","href":"https:\/\/api.w.org\/{rel}","templated":true}]}}