{"id":200003,"date":"2025-03-22T13:30:13","date_gmt":"2025-03-22T13:30:13","guid":{"rendered":"https:\/\/aromasentia.com\/product\/orgonite-power-keyring-buddha-seven-chakra\/"},"modified":"2025-06-22T03:24:48","modified_gmt":"2025-06-22T03:24:48","slug":"orgonite-power-noeglering-buddha-seven-chakra","status":"publish","type":"product","link":"https:\/\/aromasentia.com\/da\/orgonite-power-noeglering-buddha-seven-chakra\/","title":{"rendered":"Orgonite Power N\u00f8glering &#8211; Buddha Seven Chakra"},"content":{"rendered":"<p>Wow, det bliver ikke mere magisk eller esoterisk end dette. Disse Orgonite Power-n\u00f8gleringe, ogs\u00e5 kendt som Power Flow-objekter, er lavet med \u00e6delstenschips, kobber, metalsp\u00e5ner og har esoteriske genstande indeni. Orgonit er blevet meget popul\u00e6rt som et spirituelt helbredelsesv\u00e6rkt\u00f8j og som beskyttelse mod elektromagnetisk forurening.<\/p>\n<p>Mange mennesker bem\u00e6rker positive f\u00f8lelsesm\u00e6ssige effekter i n\u00e6rv\u00e6r af orgongeneratorer, hum\u00f8r og f\u00f8lelser har en tendens til at stige. Nogle mennesker rapporterer, at de kan sove bedre og mere trygt med en orgongenerator i sovev\u00e6relset.<\/p>\n<p>Orgonite-n\u00f8gleringe er alle h\u00e5ndlavede med spirituel inspiration, s\u00e5 design kan variere en smule fra dem, der er vist p\u00e5 billedet.<\/p>\n","protected":false},"excerpt":{"rendered":"<p>Wow, det bliver ikke mere magisk eller esoterisk end dette. Disse Orgonite Power-n\u00f8gleringe, ogs\u00e5 kendt som Power Flow-objekter, er lavet med \u00e6delstenschips, kobber, metalsp\u00e5ner og har esoteriske genstande indeni. Orgonit er blevet meget popul\u00e6rt som et spirituelt helbredelsesv\u00e6rkt\u00f8j og som beskyttelse mod elektromagnetisk forurening. Mange mennesker bem\u00e6rker positive f\u00f8lelsesm\u00e6ssige effekter i n\u00e6rv\u00e6r af orgongeneratorer, hum\u00f8r [&hellip;]<\/p>\n","protected":false},"featured_media":342953,"comment_status":"closed","ping_status":"open","template":"","meta":{"_angie_page":false},"product_brand":[],"product_cat":[5591,6931],"product_tag":[],"class_list":{"0":"post-200003","1":"product","2":"type-product","3":"status-publish","4":"has-post-thumbnail","6":"product_cat-hjem-og-have","7":"product_cat-orgonite","8":"pa_collection-orgonite-power-keyrings-da","9":"pa_made-in-indien","11":"first","12":"instock","13":"purchasable","14":"product-type-simple"},"supplier_id":null,"supplier_sku":"OrgK-03","barcode":null,"atum_controlled":true,"out_stock_date":null,"out_stock_threshold":null,"inheritable":false,"inbound_stock":null,"stock_on_hold":0,"sold_today":0,"sales_last_days":0,"reserved_stock":null,"customer_returns":null,"warehouse_damage":null,"lost_in_post":null,"other_logs":null,"out_stock_days":0,"lost_sales":0,"has_location":null,"update_date":"2026-04-27T07:17:12","atum_locations":[],"atum_stock_status":"instock","restock_status":false,"low_stock_amount":"","sales_update_date":"2026-01-30T01:24:50","calc_backorders":null,"_links":{"self":[{"href":"https:\/\/aromasentia.com\/da\/wp-json\/wp\/v2\/product\/200003","targetHints":{"allow":["GET"]}}],"collection":[{"href":"https:\/\/aromasentia.com\/da\/wp-json\/wp\/v2\/product"}],"about":[{"href":"https:\/\/aromasentia.com\/da\/wp-json\/wp\/v2\/types\/product"}],"replies":[{"embeddable":true,"href":"https:\/\/aromasentia.com\/da\/wp-json\/wp\/v2\/comments?post=200003"}],"version-history":[{"count":0,"href":"https:\/\/aromasentia.com\/da\/wp-json\/wp\/v2\/product\/200003\/revisions"}],"wp:featuredmedia":[{"embeddable":true,"href":"https:\/\/aromasentia.com\/da\/wp-json\/wp\/v2\/media\/342953"}],"wp:attachment":[{"href":"https:\/\/aromasentia.com\/da\/wp-json\/wp\/v2\/media?parent=200003"}],"wp:term":[{"taxonomy":"product_brand","embeddable":true,"href":"https:\/\/aromasentia.com\/da\/wp-json\/wp\/v2\/product_brand?post=200003"},{"taxonomy":"product_cat","embeddable":true,"href":"https:\/\/aromasentia.com\/da\/wp-json\/wp\/v2\/product_cat?post=200003"},{"taxonomy":"product_tag","embeddable":true,"href":"https:\/\/aromasentia.com\/da\/wp-json\/wp\/v2\/product_tag?post=200003"}],"curies":[{"name":"wp","href":"https:\/\/api.w.org\/{rel}","templated":true}]}}