{"id":199993,"date":"2025-03-22T13:30:13","date_gmt":"2025-03-22T13:30:13","guid":{"rendered":"https:\/\/aromasentia.com\/product\/orgonite-power-chakra-pendulum-green-aventurine\/"},"modified":"2025-06-22T03:24:42","modified_gmt":"2025-06-22T03:24:42","slug":"orgonite-power-chakra-pendul-groen-aventurin","status":"publish","type":"product","link":"https:\/\/aromasentia.com\/da\/orgonite-power-chakra-pendul-groen-aventurin\/","title":{"rendered":"Orgonite Power Chakra Pendul &#8211; Gr\u00f8n Aventurin"},"content":{"rendered":"<p>Orgonit er blevet meget popul\u00e6rt som et spirituelt helbredelsesv\u00e6rkt\u00f8j og som beskyttelse mod elektromagnetisk forurening. Orgonit bruges til at rense negativ energi og bruges ogs\u00e5 til at modvirke de virkninger, elektromagnetiske b\u00f8lger har p\u00e5 vores krop. Orgonit menes at hj\u00e6lpe med at forbedre dit liv fysisk, f\u00f8lelsesm\u00e6ssigt og \u00e5ndeligt.<\/p>\n<p>Orgonit er en blanding af katalyseret glasfiberharpiks med metalsp\u00e5ner, der h\u00e6ldes i forme. Krystaller, \u00e6teriske olier og h\u00f8jvibrerende organiske materialer kan tils\u00e6ttes blandingen for deres evne til at g\u00f8re energien mere sammenh\u00e6ngende eller for at forbedre orgonittens virkem\u00e5de.<\/p>\n<p>Kuglekastning eller radiestesi menes at g\u00e5 over seks tusind \u00e5r tilbage. Egypterne og de gamle kinesere var tidlige ud\u00f8vere. Orgonit \u00e6delstenskuglekastning kan udf\u00f8res p\u00e5 mange m\u00e5der, og det h\u00e6vdes at v\u00e6re til alle mulige form\u00e5l, s\u00e5som at finde vand, mineraler, savnede personer og endda mistede genstande. Det bruges ogs\u00e5 til healing, reiki og sp\u00e5domskunst.<\/p>\n","protected":false},"excerpt":{"rendered":"<p>Orgonit er blevet meget popul\u00e6rt som et spirituelt helbredelsesv\u00e6rkt\u00f8j og som beskyttelse mod elektromagnetisk forurening. Orgonit bruges til at rense negativ energi og bruges ogs\u00e5 til at modvirke de virkninger, elektromagnetiske b\u00f8lger har p\u00e5 vores krop. Orgonit menes at hj\u00e6lpe med at forbedre dit liv fysisk, f\u00f8lelsesm\u00e6ssigt og \u00e5ndeligt. Orgonit er en blanding af katalyseret [&hellip;]<\/p>\n","protected":false},"featured_media":342663,"comment_status":"closed","ping_status":"open","template":"","meta":{"_angie_page":false},"product_brand":[],"product_cat":[25559,5591,25222,6931,6902],"product_tag":[],"class_list":{"0":"post-199993","1":"product","2":"type-product","3":"status-publish","4":"has-post-thumbnail","6":"product_cat-aventurin","7":"product_cat-hjem-og-have","8":"product_cat-krystaller-og-sten","9":"product_cat-orgonite","10":"product_cat-vedhaeng-og-runesten","11":"pa_collection-orgonite-power-chakra-pendulums-da","12":"pa_made-in-indien","14":"first","15":"instock","16":"purchasable","17":"product-type-simple"},"supplier_id":null,"supplier_sku":"OrgCP-05","barcode":null,"atum_controlled":true,"out_stock_date":null,"out_stock_threshold":null,"inheritable":false,"inbound_stock":null,"stock_on_hold":0,"sold_today":0,"sales_last_days":0,"reserved_stock":null,"customer_returns":null,"warehouse_damage":null,"lost_in_post":null,"other_logs":null,"out_stock_days":0,"lost_sales":0,"has_location":null,"update_date":"2026-04-27T07:16:49","atum_locations":[],"atum_stock_status":"instock","restock_status":false,"low_stock_amount":"","sales_update_date":"2025-09-05T00:25:13","calc_backorders":null,"_links":{"self":[{"href":"https:\/\/aromasentia.com\/da\/wp-json\/wp\/v2\/product\/199993","targetHints":{"allow":["GET"]}}],"collection":[{"href":"https:\/\/aromasentia.com\/da\/wp-json\/wp\/v2\/product"}],"about":[{"href":"https:\/\/aromasentia.com\/da\/wp-json\/wp\/v2\/types\/product"}],"replies":[{"embeddable":true,"href":"https:\/\/aromasentia.com\/da\/wp-json\/wp\/v2\/comments?post=199993"}],"version-history":[{"count":0,"href":"https:\/\/aromasentia.com\/da\/wp-json\/wp\/v2\/product\/199993\/revisions"}],"wp:featuredmedia":[{"embeddable":true,"href":"https:\/\/aromasentia.com\/da\/wp-json\/wp\/v2\/media\/342663"}],"wp:attachment":[{"href":"https:\/\/aromasentia.com\/da\/wp-json\/wp\/v2\/media?parent=199993"}],"wp:term":[{"taxonomy":"product_brand","embeddable":true,"href":"https:\/\/aromasentia.com\/da\/wp-json\/wp\/v2\/product_brand?post=199993"},{"taxonomy":"product_cat","embeddable":true,"href":"https:\/\/aromasentia.com\/da\/wp-json\/wp\/v2\/product_cat?post=199993"},{"taxonomy":"product_tag","embeddable":true,"href":"https:\/\/aromasentia.com\/da\/wp-json\/wp\/v2\/product_tag?post=199993"}],"curies":[{"name":"wp","href":"https:\/\/api.w.org\/{rel}","templated":true}]}}