{"id":199986,"date":"2025-03-22T13:30:13","date_gmt":"2025-03-22T13:30:13","guid":{"rendered":"https:\/\/aromasentia.com\/product\/gemstone-tree-with-organite-base-320-stone-amethyst\/"},"modified":"2025-06-22T03:24:39","modified_gmt":"2025-06-22T03:24:39","slug":"aedelstenstrae-med-organitbase-320-sten-ametyst","status":"publish","type":"product","link":"https:\/\/aromasentia.com\/da\/aedelstenstrae-med-organitbase-320-sten-ametyst\/","title":{"rendered":"\u00c6delstenstr\u00e6 med Organitbase &#8211; 320 Sten &#8211; Ametyst"},"content":{"rendered":"<p>Velkommen til vores verden af fortryllelse og positiv energi med <strong>Amethyst Gemstone Tree with Orgonite Base<\/strong>, fyldt med <strong>320 fantastiske ametyststen.<\/strong> Denne uds\u00f8gte kreation er et sandt vidnesbyrd om naturens fascinerende sk\u00f8nhed og krystallenergiens kraft.<\/p>\n<p>Kendt som stenen for \u00e5ndelig v\u00e6kst og ro, er <strong>ametyst<\/strong> \u00e6ret for sine beroligende og rensende egenskaber. Dens fascinerende lilla nuancer udstr\u00e5ler beroligende vibrationer og skaber en atmosf\u00e6re af ro og afslapning.<\/p>\n<p>Det, der adskiller dette \u00e6delstenstr\u00e6, er dets storsl\u00e5ede&nbsp;<strong>orgonitpyramidebase<\/strong> fyldt med de samme naturlige ametystkrystaller som tr\u00e6et, hvilket giver mulighed for en problemfri integration af energier. Orgonit er kendt for sin evne til at afbalancere og forbedre energistr\u00f8mmen, hvilket g\u00f8r den til det perfekte supplement til \u00e6delstenstr\u00e6et.<\/p>\n<p>Dyk ned i de blide vibrationer fra disse uds\u00f8gte sten, og lad deres beroligende energi omslutte dit rum med ro og harmoni.<\/p>\n","protected":false},"excerpt":{"rendered":"<p>Velkommen til vores verden af fortryllelse og positiv energi med Amethyst Gemstone Tree with Orgonite Base, fyldt med 320 fantastiske ametyststen. Denne uds\u00f8gte kreation er et sandt vidnesbyrd om naturens fascinerende sk\u00f8nhed og krystallenergiens kraft. Kendt som stenen for \u00e5ndelig v\u00e6kst og ro, er ametyst \u00e6ret for sine beroligende og rensende egenskaber. Dens fascinerende lilla [&hellip;]<\/p>\n","protected":false},"featured_media":342536,"comment_status":"closed","ping_status":"open","template":"","meta":{"_angie_page":false},"product_brand":[],"product_cat":[25544,5591,25222,6931],"product_tag":[],"class_list":{"0":"post-199986","1":"product","2":"type-product","3":"status-publish","4":"has-post-thumbnail","6":"product_cat-ametyst","7":"product_cat-hjem-og-have","8":"product_cat-krystaller-og-sten","9":"product_cat-orgonite","10":"pa_collection-gemstone-trees-with-orgonite-base-da","11":"pa_made-in-indien","13":"first","14":"instock","15":"purchasable","16":"product-type-simple"},"supplier_id":null,"supplier_sku":"OGemT-10","barcode":null,"atum_controlled":true,"out_stock_date":null,"out_stock_threshold":null,"inheritable":false,"inbound_stock":null,"stock_on_hold":0,"sold_today":0,"sales_last_days":0,"reserved_stock":null,"customer_returns":null,"warehouse_damage":null,"lost_in_post":null,"other_logs":null,"out_stock_days":0,"lost_sales":0,"has_location":null,"update_date":"2026-05-04T00:03:59","atum_locations":[],"atum_stock_status":"instock","restock_status":false,"low_stock_amount":"","sales_update_date":"2026-01-30T01:24:54","calc_backorders":null,"_links":{"self":[{"href":"https:\/\/aromasentia.com\/da\/wp-json\/wp\/v2\/product\/199986","targetHints":{"allow":["GET"]}}],"collection":[{"href":"https:\/\/aromasentia.com\/da\/wp-json\/wp\/v2\/product"}],"about":[{"href":"https:\/\/aromasentia.com\/da\/wp-json\/wp\/v2\/types\/product"}],"replies":[{"embeddable":true,"href":"https:\/\/aromasentia.com\/da\/wp-json\/wp\/v2\/comments?post=199986"}],"version-history":[{"count":0,"href":"https:\/\/aromasentia.com\/da\/wp-json\/wp\/v2\/product\/199986\/revisions"}],"wp:featuredmedia":[{"embeddable":true,"href":"https:\/\/aromasentia.com\/da\/wp-json\/wp\/v2\/media\/342536"}],"wp:attachment":[{"href":"https:\/\/aromasentia.com\/da\/wp-json\/wp\/v2\/media?parent=199986"}],"wp:term":[{"taxonomy":"product_brand","embeddable":true,"href":"https:\/\/aromasentia.com\/da\/wp-json\/wp\/v2\/product_brand?post=199986"},{"taxonomy":"product_cat","embeddable":true,"href":"https:\/\/aromasentia.com\/da\/wp-json\/wp\/v2\/product_cat?post=199986"},{"taxonomy":"product_tag","embeddable":true,"href":"https:\/\/aromasentia.com\/da\/wp-json\/wp\/v2\/product_tag?post=199986"}],"curies":[{"name":"wp","href":"https:\/\/api.w.org\/{rel}","templated":true}]}}