{"id":199984,"date":"2025-03-22T13:30:13","date_gmt":"2025-03-22T13:30:13","guid":{"rendered":"https:\/\/aromasentia.com\/product\/gemstone-tree-with-organite-base-160-stone-moss-agate\/"},"modified":"2025-06-22T03:24:38","modified_gmt":"2025-06-22T03:24:38","slug":"aedelstenstrae-med-organitbase-160-sten-mosagat","status":"publish","type":"product","link":"https:\/\/aromasentia.com\/da\/aedelstenstrae-med-organitbase-160-sten-mosagat\/","title":{"rendered":"\u00c6delstenstr\u00e6 med Organitbase &#8211; 160 Sten &#8211; mosagat"},"content":{"rendered":"<p>Tr\u00e6d ind i en verden af naturlig sk\u00f8nhed og jordforbindelse med et <strong>Moss Agate Gemstone Tree with Orgonite Base<\/strong>, prydet med <strong>160 uds\u00f8gte moss agate stones<\/strong>. Denne bem\u00e6rkelsesv\u00e6rdige kreation kombinerer et \u00e6delstenstr\u00e6 med orgonits afbalancerende egenskaber, hvilket resulterer i et f\u00e6ngslende m\u00f8bel, der harmoniserer b\u00e5de \u00e6stetik og energi.<\/p>\n<p><strong>Mosagat<\/strong> er kendt for sine jordforbindelse og stabiliserende egenskaber, der forbinder os med jordens helbredende energi. Dens blide vibrationer fremmer v\u00e6kst, overflod og en dyb f\u00f8lelse af ro. &nbsp;<\/p>\n<p>Det, der adskiller dette \u00e6delstenstr\u00e6, er dets storsl\u00e5ede&nbsp;<strong>orgonitpyramidebase<\/strong> fyldt med de samme naturlige mosagatkrystaller som tr\u00e6et, hvilket giver mulighed for en problemfri integration af energier. Orgonit er kendt for sin evne til at afbalancere og forbedre energistr\u00f8mmen, hvilket g\u00f8r det til det perfekte supplement til \u00e6delstenstr\u00e6et.<\/p>\n<p>Uanset om det er til dig selv, en elsket eller en v\u00e6rdsat klient, symboliserer dette tr\u00e6 v\u00e6kst, stabilitet og en dyb forbindelse med jorden.&nbsp;<\/p>\n<p>Lad rolige vibrationer tilf\u00f8re dit rum balance, overflod og en dyb f\u00f8lelse af sindsro.<\/p>\n","protected":false},"excerpt":{"rendered":"<p>Tr\u00e6d ind i en verden af naturlig sk\u00f8nhed og jordforbindelse med et Moss Agate Gemstone Tree with Orgonite Base, prydet med 160 uds\u00f8gte moss agate stones. Denne bem\u00e6rkelsesv\u00e6rdige kreation kombinerer et \u00e6delstenstr\u00e6 med orgonits afbalancerende egenskaber, hvilket resulterer i et f\u00e6ngslende m\u00f8bel, der harmoniserer b\u00e5de \u00e6stetik og energi. Mosagat er kendt for sine jordforbindelse og [&hellip;]<\/p>\n","protected":false},"featured_media":342518,"comment_status":"closed","ping_status":"open","template":"","meta":{"_angie_page":false},"product_brand":[],"product_cat":[25537,5591,25222,6931],"product_tag":[],"class_list":{"0":"post-199984","1":"product","2":"type-product","3":"status-publish","4":"has-post-thumbnail","6":"product_cat-achat","7":"product_cat-hjem-og-have","8":"product_cat-krystaller-og-sten","9":"product_cat-orgonite","10":"pa_collection-gemstone-trees-with-orgonite-base-da","11":"pa_made-in-indien","13":"first","14":"outofstock","15":"purchasable","16":"product-type-simple"},"supplier_id":null,"supplier_sku":"OGemT-08","barcode":null,"atum_controlled":true,"out_stock_date":"2026-04-25 15:19:41","out_stock_threshold":null,"inheritable":false,"inbound_stock":null,"stock_on_hold":0,"sold_today":0,"sales_last_days":0,"reserved_stock":null,"customer_returns":null,"warehouse_damage":null,"lost_in_post":null,"other_logs":null,"out_stock_days":0,"lost_sales":0,"has_location":null,"update_date":"2026-04-27T07:16:35","atum_locations":[],"atum_stock_status":"outofstock","restock_status":false,"low_stock_amount":"","sales_update_date":"2026-01-30T01:24:41","calc_backorders":null,"_links":{"self":[{"href":"https:\/\/aromasentia.com\/da\/wp-json\/wp\/v2\/product\/199984","targetHints":{"allow":["GET"]}}],"collection":[{"href":"https:\/\/aromasentia.com\/da\/wp-json\/wp\/v2\/product"}],"about":[{"href":"https:\/\/aromasentia.com\/da\/wp-json\/wp\/v2\/types\/product"}],"replies":[{"embeddable":true,"href":"https:\/\/aromasentia.com\/da\/wp-json\/wp\/v2\/comments?post=199984"}],"version-history":[{"count":0,"href":"https:\/\/aromasentia.com\/da\/wp-json\/wp\/v2\/product\/199984\/revisions"}],"wp:featuredmedia":[{"embeddable":true,"href":"https:\/\/aromasentia.com\/da\/wp-json\/wp\/v2\/media\/342518"}],"wp:attachment":[{"href":"https:\/\/aromasentia.com\/da\/wp-json\/wp\/v2\/media?parent=199984"}],"wp:term":[{"taxonomy":"product_brand","embeddable":true,"href":"https:\/\/aromasentia.com\/da\/wp-json\/wp\/v2\/product_brand?post=199984"},{"taxonomy":"product_cat","embeddable":true,"href":"https:\/\/aromasentia.com\/da\/wp-json\/wp\/v2\/product_cat?post=199984"},{"taxonomy":"product_tag","embeddable":true,"href":"https:\/\/aromasentia.com\/da\/wp-json\/wp\/v2\/product_tag?post=199984"}],"curies":[{"name":"wp","href":"https:\/\/api.w.org\/{rel}","templated":true}]}}