{"id":199979,"date":"2025-03-22T13:30:13","date_gmt":"2025-03-22T13:30:13","guid":{"rendered":"https:\/\/aromasentia.com\/product\/gemstone-tree-with-organite-base-80-stone-rose-quartz\/"},"modified":"2025-06-22T03:24:33","modified_gmt":"2025-06-22T03:24:33","slug":"aedelstenstrae-med-organitbase-80-sten-rosenkvarts","status":"publish","type":"product","link":"https:\/\/aromasentia.com\/da\/aedelstenstrae-med-organitbase-80-sten-rosenkvarts\/","title":{"rendered":"\u00c6delstenstr\u00e6 med Organitbase &#8211; 80 Sten &#8211; Rosenkvarts"},"content":{"rendered":"<p>Velkommen til en verden af ro og k\u00e6rlighed med <strong>Rose Quartz Gemstone Tree with Orgonite Base<\/strong>, der indeholder <strong>80 smukke rosakvartssten.<\/strong> Denne enest\u00e5ende kreation kombinerer elegancen i et \u00e6delstentr\u00e6 med orgonits harmoniserende egenskaber og skaber et virkelig fortryllende v\u00e6rk, der udstr\u00e5ler positiv energi.<\/p>\n<p><strong>Rosekvarts,<\/strong> kendt som k\u00e6rlighedens sten, b\u00e6rer en kraftfuld energi, der fremmer medf\u00f8lelse, selvk\u00e6rlighed og f\u00f8lelsesm\u00e6ssig helbredelse. Dens tilstedev\u00e6relse bringer en f\u00f8lelse af ro og harmoni til ethvert rum. &nbsp;<\/p>\n<p>Det, der adskiller dette \u00e6delstenstr\u00e6, er dets storsl\u00e5ede <strong>orgonitpyramidebase<\/strong>, der er fyldt med de samme naturlige rosenkvartskrystaller som tr\u00e6et, hvilket giver mulighed for en problemfri integration af energier. Orgonit er kendt for sin evne til at afbalancere og forbedre energistr\u00f8mmen, hvilket g\u00f8r det til det perfekte supplement til \u00e6delstenstr\u00e6et.<\/p>\n<p>Uanset om det er til en elsket eller en v\u00e6rdsat klient, udtrykker dette tr\u00e6 k\u00e6rlighed og p\u00e5sk\u00f8nnelse, samtidig med at det tilbyder de dybe fordele ved krystallenergi.<\/p>\n<p>Lad rosenkvartsens beroligende vibrationer tilf\u00f8re dit rum ro, harmoni og ubetinget k\u00e6rlighed.&nbsp;<\/p>\n","protected":false},"excerpt":{"rendered":"<p>Velkommen til en verden af ro og k\u00e6rlighed med Rose Quartz Gemstone Tree with Orgonite Base, der indeholder 80 smukke rosakvartssten. Denne enest\u00e5ende kreation kombinerer elegancen i et \u00e6delstentr\u00e6 med orgonits harmoniserende egenskaber og skaber et virkelig fortryllende v\u00e6rk, der udstr\u00e5ler positiv energi. Rosekvarts, kendt som k\u00e6rlighedens sten, b\u00e6rer en kraftfuld energi, der fremmer medf\u00f8lelse, [&hellip;]<\/p>\n","protected":false},"featured_media":342473,"comment_status":"closed","ping_status":"open","template":"","meta":{"_angie_page":false},"product_brand":[],"product_cat":[5591,25222,25736,6931,25747],"product_tag":[],"class_list":{"0":"post-199979","1":"product","2":"type-product","3":"status-publish","4":"has-post-thumbnail","6":"product_cat-hjem-og-have","7":"product_cat-krystaller-og-sten","8":"product_cat-kvarts","9":"product_cat-orgonite","10":"product_cat-rosenkvarts","11":"pa_collection-gemstone-trees-with-orgonite-base-da","12":"pa_made-in-indien","14":"first","15":"instock","16":"purchasable","17":"product-type-simple"},"supplier_id":null,"supplier_sku":"OGemT-03","barcode":null,"atum_controlled":true,"out_stock_date":null,"out_stock_threshold":null,"inheritable":false,"inbound_stock":null,"stock_on_hold":0,"sold_today":0,"sales_last_days":0,"reserved_stock":null,"customer_returns":null,"warehouse_damage":null,"lost_in_post":null,"other_logs":null,"out_stock_days":0,"lost_sales":0,"has_location":null,"update_date":"2026-04-27T07:16:28","atum_locations":[],"atum_stock_status":"instock","restock_status":false,"low_stock_amount":"","sales_update_date":"2026-01-30T01:25:01","calc_backorders":null,"_links":{"self":[{"href":"https:\/\/aromasentia.com\/da\/wp-json\/wp\/v2\/product\/199979","targetHints":{"allow":["GET"]}}],"collection":[{"href":"https:\/\/aromasentia.com\/da\/wp-json\/wp\/v2\/product"}],"about":[{"href":"https:\/\/aromasentia.com\/da\/wp-json\/wp\/v2\/types\/product"}],"replies":[{"embeddable":true,"href":"https:\/\/aromasentia.com\/da\/wp-json\/wp\/v2\/comments?post=199979"}],"version-history":[{"count":0,"href":"https:\/\/aromasentia.com\/da\/wp-json\/wp\/v2\/product\/199979\/revisions"}],"wp:featuredmedia":[{"embeddable":true,"href":"https:\/\/aromasentia.com\/da\/wp-json\/wp\/v2\/media\/342473"}],"wp:attachment":[{"href":"https:\/\/aromasentia.com\/da\/wp-json\/wp\/v2\/media?parent=199979"}],"wp:term":[{"taxonomy":"product_brand","embeddable":true,"href":"https:\/\/aromasentia.com\/da\/wp-json\/wp\/v2\/product_brand?post=199979"},{"taxonomy":"product_cat","embeddable":true,"href":"https:\/\/aromasentia.com\/da\/wp-json\/wp\/v2\/product_cat?post=199979"},{"taxonomy":"product_tag","embeddable":true,"href":"https:\/\/aromasentia.com\/da\/wp-json\/wp\/v2\/product_tag?post=199979"}],"curies":[{"name":"wp","href":"https:\/\/api.w.org\/{rel}","templated":true}]}}