{"id":199977,"date":"2025-03-22T13:30:13","date_gmt":"2025-03-22T13:30:13","guid":{"rendered":"https:\/\/aromasentia.com\/product\/gemstone-tree-with-organite-base-80-stone-multi\/"},"modified":"2025-06-22T03:24:32","modified_gmt":"2025-06-22T03:24:32","slug":"aedelstenstrae-med-organitbase-80-sten-multi","status":"publish","type":"product","link":"https:\/\/aromasentia.com\/da\/aedelstenstrae-med-organitbase-80-sten-multi\/","title":{"rendered":"\u00c6delstenstr\u00e6 med Organitbase &#8211; 80 Sten &#8211; multi"},"content":{"rendered":"<p>Det uds\u00f8gte <strong>Edelstenstr\u00e6 med orgonitbase &#8211; Multi<\/strong> er et fantastisk kunstv\u00e6rk, der er udformet med omhu og designet til at harmonisere dit rum. Dette fortryllende \u00e6delstenstr\u00e6 har en bem\u00e6rkelsesv\u00e6rdig samling af <strong>80 natursten<\/strong>, omhyggeligt arrangeret for at skabe et fascinerende skue af farve og energi.<\/p>\n<p>Med et dejligt udvalg af <strong>flerfarvede \u00e6delsten<\/strong> er dette \u00e6delstenstr\u00e6 et sandt vidnesbyrd om naturens betagende palet. <\/p>\n<p>Det, der adskiller dette \u00e6delstenstr\u00e6 fra andre, er dets storsl\u00e5ede <strong>orgonitpyramidebase<\/strong>, der er fyldt med de samme naturlige krystaller som tr\u00e6et, hvilket giver mulighed for en problemfri integration af energier. Orgonit er kendt for sin evne til at afbalancere og forbedre energistr\u00f8mmen, hvilket g\u00f8r den til det perfekte supplement til \u00e6delstenstr\u00e6et.<\/p>\n<p>Dyk ned i den f\u00e6ngslende energi fra disse omhyggeligt udvalgte sten, og lad deres harmoniserende vibrationer fylde dine omgivelser med ro og positivitet.<\/p>\n<\/p>\n<p>Dyk ned i den f\u00e6ngslende energi fra disse omhyggeligt udvalgte sten, og lad deres harmoniserende vibrationer fylde dine omgivelser med ro og positivitet.<\/p>\n","protected":false},"excerpt":{"rendered":"<p>Det uds\u00f8gte Edelstenstr\u00e6 med orgonitbase &#8211; Multi er et fantastisk kunstv\u00e6rk, der er udformet med omhu og designet til at harmonisere dit rum. Dette fortryllende \u00e6delstenstr\u00e6 har en bem\u00e6rkelsesv\u00e6rdig samling af 80 natursten, omhyggeligt arrangeret for at skabe et fascinerende skue af farve og energi. Med et dejligt udvalg af flerfarvede \u00e6delsten er dette \u00e6delstenstr\u00e6 [&hellip;]<\/p>\n","protected":false},"featured_media":342447,"comment_status":"closed","ping_status":"open","template":"","meta":{"_angie_page":false},"product_brand":[],"product_cat":[5591,6931],"product_tag":[],"class_list":{"0":"post-199977","1":"product","2":"type-product","3":"status-publish","4":"has-post-thumbnail","6":"product_cat-hjem-og-have","7":"product_cat-orgonite","8":"pa_collection-gemstone-trees-with-orgonite-base-da","9":"pa_made-in-indien","11":"first","12":"instock","13":"purchasable","14":"product-type-simple"},"supplier_id":null,"supplier_sku":"OGemT-01","barcode":null,"atum_controlled":true,"out_stock_date":null,"out_stock_threshold":null,"inheritable":false,"inbound_stock":null,"stock_on_hold":0,"sold_today":0,"sales_last_days":0,"reserved_stock":null,"customer_returns":null,"warehouse_damage":null,"lost_in_post":null,"other_logs":null,"out_stock_days":0,"lost_sales":0,"has_location":null,"update_date":"2026-04-27T07:16:28","atum_locations":[],"atum_stock_status":"instock","restock_status":false,"low_stock_amount":"","sales_update_date":"2026-02-06T00:01:43","calc_backorders":null,"_links":{"self":[{"href":"https:\/\/aromasentia.com\/da\/wp-json\/wp\/v2\/product\/199977","targetHints":{"allow":["GET"]}}],"collection":[{"href":"https:\/\/aromasentia.com\/da\/wp-json\/wp\/v2\/product"}],"about":[{"href":"https:\/\/aromasentia.com\/da\/wp-json\/wp\/v2\/types\/product"}],"replies":[{"embeddable":true,"href":"https:\/\/aromasentia.com\/da\/wp-json\/wp\/v2\/comments?post=199977"}],"version-history":[{"count":0,"href":"https:\/\/aromasentia.com\/da\/wp-json\/wp\/v2\/product\/199977\/revisions"}],"wp:featuredmedia":[{"embeddable":true,"href":"https:\/\/aromasentia.com\/da\/wp-json\/wp\/v2\/media\/342447"}],"wp:attachment":[{"href":"https:\/\/aromasentia.com\/da\/wp-json\/wp\/v2\/media?parent=199977"}],"wp:term":[{"taxonomy":"product_brand","embeddable":true,"href":"https:\/\/aromasentia.com\/da\/wp-json\/wp\/v2\/product_brand?post=199977"},{"taxonomy":"product_cat","embeddable":true,"href":"https:\/\/aromasentia.com\/da\/wp-json\/wp\/v2\/product_cat?post=199977"},{"taxonomy":"product_tag","embeddable":true,"href":"https:\/\/aromasentia.com\/da\/wp-json\/wp\/v2\/product_tag?post=199977"}],"curies":[{"name":"wp","href":"https:\/\/api.w.org\/{rel}","templated":true}]}}