{"id":199973,"date":"2025-03-22T13:30:13","date_gmt":"2025-03-22T13:30:13","guid":{"rendered":"https:\/\/aromasentia.com\/product\/orgonite-desk-power-packs-hamsa-with-sellonite-med\/"},"modified":"2025-06-22T03:24:31","modified_gmt":"2025-06-22T03:24:31","slug":"orgonite-desk-power-packs-hamsa-med-sellonite-med","status":"publish","type":"product","link":"https:\/\/aromasentia.com\/da\/orgonite-desk-power-packs-hamsa-med-sellonite-med\/","title":{"rendered":"Orgonite Desk Power Packs &#8211; Hamsa med Sellonite &#8211; med"},"content":{"rendered":"<p>Orgonite skrivebordsbatterier er lavet med \u00e6delstenschips, kobber, metalsp\u00e5ner og har esoteriske genstande indeni &#8211; de er virkelig mystiske brevpressere eller bare dejlige dekorationer. En perfekt gave til enhver kontor- eller skrivebordsarbejder.<\/p>\n<p>Orgonit er blevet meget popul\u00e6rt som et spirituelt helbredelsesv\u00e6rkt\u00f8j og som beskyttelse mod elektromagnetisk forurening.<\/p>\n<p>Vores Orgonit er h\u00e5ndlavet med spirituel inspiration, s\u00e5 design kan variere en smule fra dem, der er vist.<\/p>\n<p>NB: P\u00e5 grund af varens natur og dens fremstillingsproces kan designene variere, og billederne er kun til illustrationsform\u00e5l.<\/p>\n<p>Tiltr\u00e6k et kraftfuldt ekstra salg med et fantastisk udvalg af disse Organite-ornamenter.<\/p>\n","protected":false},"excerpt":{"rendered":"<p>Orgonite skrivebordsbatterier er lavet med \u00e6delstenschips, kobber, metalsp\u00e5ner og har esoteriske genstande indeni &#8211; de er virkelig mystiske brevpressere eller bare dejlige dekorationer. En perfekt gave til enhver kontor- eller skrivebordsarbejder. Orgonit er blevet meget popul\u00e6rt som et spirituelt helbredelsesv\u00e6rkt\u00f8j og som beskyttelse mod elektromagnetisk forurening. Vores Orgonit er h\u00e5ndlavet med spirituel inspiration, s\u00e5 design [&hellip;]<\/p>\n","protected":false},"featured_media":342299,"comment_status":"closed","ping_status":"open","template":"","meta":{"_angie_page":false},"product_brand":[],"product_cat":[5591,6931],"product_tag":[],"class_list":{"0":"post-199973","1":"product","2":"type-product","3":"status-publish","4":"has-post-thumbnail","6":"product_cat-hjem-og-have","7":"product_cat-orgonite","8":"pa_collection-orgonite-desk-power-packs-da","9":"pa_made-in-indien","11":"first","12":"outofstock","13":"purchasable","14":"product-type-simple"},"supplier_id":null,"supplier_sku":"ODesk-05","barcode":null,"atum_controlled":true,"out_stock_date":"2025-09-05 02:03:55","out_stock_threshold":null,"inheritable":false,"inbound_stock":null,"stock_on_hold":0,"sold_today":0,"sales_last_days":0,"reserved_stock":null,"customer_returns":null,"warehouse_damage":null,"lost_in_post":null,"other_logs":null,"out_stock_days":0,"lost_sales":0,"has_location":null,"update_date":"2026-04-27T07:16:28","atum_locations":[],"atum_stock_status":"outofstock","restock_status":false,"low_stock_amount":"","sales_update_date":"2025-09-05T00:25:05","calc_backorders":null,"_links":{"self":[{"href":"https:\/\/aromasentia.com\/da\/wp-json\/wp\/v2\/product\/199973","targetHints":{"allow":["GET"]}}],"collection":[{"href":"https:\/\/aromasentia.com\/da\/wp-json\/wp\/v2\/product"}],"about":[{"href":"https:\/\/aromasentia.com\/da\/wp-json\/wp\/v2\/types\/product"}],"replies":[{"embeddable":true,"href":"https:\/\/aromasentia.com\/da\/wp-json\/wp\/v2\/comments?post=199973"}],"version-history":[{"count":0,"href":"https:\/\/aromasentia.com\/da\/wp-json\/wp\/v2\/product\/199973\/revisions"}],"wp:featuredmedia":[{"embeddable":true,"href":"https:\/\/aromasentia.com\/da\/wp-json\/wp\/v2\/media\/342299"}],"wp:attachment":[{"href":"https:\/\/aromasentia.com\/da\/wp-json\/wp\/v2\/media?parent=199973"}],"wp:term":[{"taxonomy":"product_brand","embeddable":true,"href":"https:\/\/aromasentia.com\/da\/wp-json\/wp\/v2\/product_brand?post=199973"},{"taxonomy":"product_cat","embeddable":true,"href":"https:\/\/aromasentia.com\/da\/wp-json\/wp\/v2\/product_cat?post=199973"},{"taxonomy":"product_tag","embeddable":true,"href":"https:\/\/aromasentia.com\/da\/wp-json\/wp\/v2\/product_tag?post=199973"}],"curies":[{"name":"wp","href":"https:\/\/api.w.org\/{rel}","templated":true}]}}