{"id":199950,"date":"2025-03-22T13:30:22","date_gmt":"2025-03-22T13:30:22","guid":{"rendered":"https:\/\/aromasentia.com\/product\/indian-runes-in-pouch-black-onyx\/"},"modified":"2025-06-22T03:24:19","modified_gmt":"2025-06-22T03:24:19","slug":"indiske-runer-i-pung-sort-onyx","status":"publish","type":"product","link":"https:\/\/aromasentia.com\/da\/indiske-runer-i-pung-sort-onyx\/","title":{"rendered":"Indiske Runer I Pung &#8211; Sort Onyx"},"content":{"rendered":"<p>Runesten er et af den mystiske verdens sande mysterier. Ingen kan v\u00e6re helt sikre p\u00e5, pr\u00e6cis hvor de kommer fra, og hvorn\u00e5r. Der er mange teorier om emnet, men nogle mener, at de f\u00f8rst blev brugt p\u00e5 et tidspunkt fra 2000 f.Kr. til 100 e.Kr. af stammer som goterne og andre germanske stammer.<\/p>\n<p>Hvert indisk runes\u00e6t indeholder 25 sten: 24 med runesymbol og \u00e9n uden.<\/p>\n<p>De er blevet en stadig mere popul\u00e6r genstand, virkelig en fantastisk gave til enhver lejlighed!<\/p>\n","protected":false},"excerpt":{"rendered":"<p>Runesten er et af den mystiske verdens sande mysterier. Ingen kan v\u00e6re helt sikre p\u00e5, pr\u00e6cis hvor de kommer fra, og hvorn\u00e5r. Der er mange teorier om emnet, men nogle mener, at de f\u00f8rst blev brugt p\u00e5 et tidspunkt fra 2000 f.Kr. til 100 e.Kr. af stammer som goterne og andre germanske stammer. Hvert indisk [&hellip;]<\/p>\n","protected":false},"featured_media":344208,"comment_status":"closed","ping_status":"open","template":"","meta":{"_angie_page":false},"product_brand":[],"product_cat":[5591,6920,25222,25702,6902],"product_tag":[],"class_list":{"0":"post-199950","1":"product","2":"type-product","3":"status-publish","4":"has-post-thumbnail","6":"product_cat-hjem-og-have","7":"product_cat-inspiration","8":"product_cat-krystaller-og-sten","9":"product_cat-onyx","10":"product_cat-vedhaeng-og-runesten","11":"pa_collection-indian-rune-sets-in-pouches-da","12":"pa_made-in-indien","14":"first","15":"instock","16":"purchasable","17":"product-type-simple"},"supplier_id":null,"supplier_sku":"Rune-32","barcode":null,"atum_controlled":true,"out_stock_date":null,"out_stock_threshold":null,"inheritable":false,"inbound_stock":null,"stock_on_hold":0,"sold_today":0,"sales_last_days":0,"reserved_stock":null,"customer_returns":null,"warehouse_damage":null,"lost_in_post":null,"other_logs":null,"out_stock_days":0,"lost_sales":0,"has_location":null,"update_date":"2026-04-27T07:20:05","atum_locations":[],"atum_stock_status":"instock","restock_status":false,"low_stock_amount":"","sales_update_date":"2025-09-05T00:25:32","calc_backorders":null,"_links":{"self":[{"href":"https:\/\/aromasentia.com\/da\/wp-json\/wp\/v2\/product\/199950","targetHints":{"allow":["GET"]}}],"collection":[{"href":"https:\/\/aromasentia.com\/da\/wp-json\/wp\/v2\/product"}],"about":[{"href":"https:\/\/aromasentia.com\/da\/wp-json\/wp\/v2\/types\/product"}],"replies":[{"embeddable":true,"href":"https:\/\/aromasentia.com\/da\/wp-json\/wp\/v2\/comments?post=199950"}],"version-history":[{"count":0,"href":"https:\/\/aromasentia.com\/da\/wp-json\/wp\/v2\/product\/199950\/revisions"}],"wp:featuredmedia":[{"embeddable":true,"href":"https:\/\/aromasentia.com\/da\/wp-json\/wp\/v2\/media\/344208"}],"wp:attachment":[{"href":"https:\/\/aromasentia.com\/da\/wp-json\/wp\/v2\/media?parent=199950"}],"wp:term":[{"taxonomy":"product_brand","embeddable":true,"href":"https:\/\/aromasentia.com\/da\/wp-json\/wp\/v2\/product_brand?post=199950"},{"taxonomy":"product_cat","embeddable":true,"href":"https:\/\/aromasentia.com\/da\/wp-json\/wp\/v2\/product_cat?post=199950"},{"taxonomy":"product_tag","embeddable":true,"href":"https:\/\/aromasentia.com\/da\/wp-json\/wp\/v2\/product_tag?post=199950"}],"curies":[{"name":"wp","href":"https:\/\/api.w.org\/{rel}","templated":true}]}}