{"id":199947,"date":"2025-03-22T13:30:22","date_gmt":"2025-03-22T13:30:22","guid":{"rendered":"https:\/\/aromasentia.com\/product\/raw-crystals-500gm-smoky-quartz\/"},"modified":"2025-06-22T03:24:18","modified_gmt":"2025-06-22T03:24:18","slug":"raa-krystaller-500gm-roegkvarts","status":"publish","type":"product","link":"https:\/\/aromasentia.com\/da\/raa-krystaller-500gm-roegkvarts\/","title":{"rendered":"R\u00e5 Krystaller (500gm) &#8211; R\u00f8gkvarts"},"content":{"rendered":"<p><span style=\"color: rgb(75, 80, 88);\">R\u00e5 r\u00f8gkvartskrystaller &#8211; Omfavn den guddommelige ro<\/span><\/p>\n<p><span style=\"color: rgb(75, 80, 88);\">R\u00f8gkvarts, en betagende \u00e6delsten kendt for sin mystiske charme, findes i overflod i jordens kerne.<\/span><\/p>\n<p><span style=\"color: rgb(75, 80, 88);\">\u2728 Jordet og stabil: R\u00f8gkvarts menes at tilbyde en stabiliserende og jordn\u00e6r tilstedev\u00e6relse. Det hj\u00e6lper med at forankre ens energi til Jorden, hvilket g\u00f8r det til et fremragende valg for dem, der s\u00f8ger ligev\u00e6gt og f\u00f8lelsesm\u00e6ssig stabilitet.<\/span><\/p>\n<p><span style=\"color: rgb(75, 80, 88);\">?&zwj;\u2640\ufe0f Rensning og afsk\u00e6rmning: Disse krystaller menes at absorbere og omdanne negative energier, hvilket g\u00f8r dem til et v\u00e6rdifuldt v\u00e6rkt\u00f8j til energisk renselse og beskyttelse.<\/span><\/p>\n<p><span style=\"color: rgb(75, 80, 88);\">? Naturens omfavnelse: At holde eller meditere med r\u00e5 r\u00f8gkvarts kan uddybe din forbindelse med naturen og fremme en f\u00f8lelse af harmoni og ro.<\/span><\/p>\n<p><span style=\"color: rgb(75, 80, 88);\">? Ut\u00e6mmede vidundere: Et udvalg af upolerede stykker, der fremviser den iboende sk\u00f8nhed og s\u00e6rpr\u00e6g ved r\u00f8gkvarts.<\/span><\/p>\n<p><span style=\"color: rgb(75, 80, 88);\">Uanset om du er en hengiven krystalentusiast eller en forhandler, der er ivrig efter at introducere andre til den fredfyldte tiltr\u00e6kningskraft ved r\u00f8gkvarts, er denne 500 g kollektion et ideelt valg.<\/span><\/p>\n","protected":false},"excerpt":{"rendered":"<p>R\u00e5 r\u00f8gkvartskrystaller &#8211; Omfavn den guddommelige ro R\u00f8gkvarts, en betagende \u00e6delsten kendt for sin mystiske charme, findes i overflod i jordens kerne. \u2728 Jordet og stabil: R\u00f8gkvarts menes at tilbyde en stabiliserende og jordn\u00e6r tilstedev\u00e6relse. Det hj\u00e6lper med at forankre ens energi til Jorden, hvilket g\u00f8r det til et fremragende valg for dem, der s\u00f8ger [&hellip;]<\/p>\n","protected":false},"featured_media":344109,"comment_status":"closed","ping_status":"open","template":"","meta":{"_angie_page":false},"product_brand":[],"product_cat":[6243,25222,25736,6869,25764],"product_tag":[],"class_list":{"0":"post-199947","1":"product","2":"type-product","3":"status-publish","4":"has-post-thumbnail","6":"product_cat-esoteriske-gaver","7":"product_cat-krystaller-og-sten","8":"product_cat-kvarts","9":"product_cat-lommesten","10":"product_cat-rogkvarts","11":"pa_collection-raw-crystals-da","12":"pa_made-in-kina","13":"pa_size-500g","15":"first","16":"instock","17":"purchasable","18":"product-type-simple"},"supplier_id":null,"supplier_sku":"RCry-08","barcode":null,"atum_controlled":true,"out_stock_date":null,"out_stock_threshold":null,"inheritable":false,"inbound_stock":null,"stock_on_hold":0,"sold_today":0,"sales_last_days":0,"reserved_stock":null,"customer_returns":null,"warehouse_damage":null,"lost_in_post":null,"other_logs":null,"out_stock_days":0,"lost_sales":0,"has_location":null,"update_date":"2026-04-27T07:19:10","atum_locations":[],"atum_stock_status":"instock","restock_status":false,"low_stock_amount":"","sales_update_date":"2025-09-05T00:25:32","calc_backorders":null,"_links":{"self":[{"href":"https:\/\/aromasentia.com\/da\/wp-json\/wp\/v2\/product\/199947","targetHints":{"allow":["GET"]}}],"collection":[{"href":"https:\/\/aromasentia.com\/da\/wp-json\/wp\/v2\/product"}],"about":[{"href":"https:\/\/aromasentia.com\/da\/wp-json\/wp\/v2\/types\/product"}],"replies":[{"embeddable":true,"href":"https:\/\/aromasentia.com\/da\/wp-json\/wp\/v2\/comments?post=199947"}],"version-history":[{"count":0,"href":"https:\/\/aromasentia.com\/da\/wp-json\/wp\/v2\/product\/199947\/revisions"}],"wp:featuredmedia":[{"embeddable":true,"href":"https:\/\/aromasentia.com\/da\/wp-json\/wp\/v2\/media\/344109"}],"wp:attachment":[{"href":"https:\/\/aromasentia.com\/da\/wp-json\/wp\/v2\/media?parent=199947"}],"wp:term":[{"taxonomy":"product_brand","embeddable":true,"href":"https:\/\/aromasentia.com\/da\/wp-json\/wp\/v2\/product_brand?post=199947"},{"taxonomy":"product_cat","embeddable":true,"href":"https:\/\/aromasentia.com\/da\/wp-json\/wp\/v2\/product_cat?post=199947"},{"taxonomy":"product_tag","embeddable":true,"href":"https:\/\/aromasentia.com\/da\/wp-json\/wp\/v2\/product_tag?post=199947"}],"curies":[{"name":"wp","href":"https:\/\/api.w.org\/{rel}","templated":true}]}}