{"id":199943,"date":"2025-03-22T13:30:22","date_gmt":"2025-03-22T13:30:22","guid":{"rendered":"https:\/\/aromasentia.com\/product\/raw-crystals-500gm-tigereye\/"},"modified":"2025-06-22T03:24:16","modified_gmt":"2025-06-22T03:24:16","slug":"raa-krystaller-500gm-tigereye","status":"publish","type":"product","link":"https:\/\/aromasentia.com\/da\/raa-krystaller-500gm-tigereye\/","title":{"rendered":"R\u00e5 Krystaller (500gm) &#8211; Tigereye"},"content":{"rendered":"<p><span style=\"color: rgb(75, 80, 88);\">R\u00e5 Tiger\u00f8je-krystaller &#8211; V\u00e6k indre modstandsdygtighed<\/span><\/p>\n<p><span style=\"color: rgb(75, 80, 88);\">En samling af f\u00e6ngslende sten, der udstr\u00e5ler essensen af indre modstandsdygtighed og styrke. Disse ubearbejdede krystaller, prydet med deres gyldenbrune glans og fascinerende pratsomme m\u00f8nstre, overg\u00e5r blot sk\u00f8nhed; de er symboler p\u00e5 styrke.<\/span><\/p>\n<p><span style=\"color: rgb(75, 80, 88);\">? Mod og selvtillid: Tiger\u00f8je er kendt for sin evne til at indgyde mod, \u00f8ge selvtillid og ant\u00e6nde indre styrke.<\/span><\/p>\n<p><span style=\"color: rgb(75, 80, 88);\">? Harmoniserende kr\u00e6fter: Omfavn Tiger Eyes harmoniserende egenskaber, da det beroliger f\u00f8lelser og fremmer et positivt perspektiv p\u00e5 livet.<\/span><\/p>\n<p><span style=\"color: rgb(75, 80, 88);\">? Assorterede skatte: Dette udvalg af r\u00e5 Tiger Eye-krystaller tilbyder en r\u00e6kke st\u00f8rrelser og former, der hver is\u00e6r har sin karakteristiske tiltr\u00e6kningskraft og vitalitet.<\/span><\/p>\n<p><span style=\"color: rgb(75, 80, 88);\">Uanset om du er en krystalentusiast, der er ivrig efter at udnytte Tiger Eyes indre styrke, eller en forhandler, der sigter mod at pr\u00e6sentere disse betagende sten for dine kunder, er dette udvalg et fornuftigt valg.<\/span><\/p>\n","protected":false},"excerpt":{"rendered":"<p>R\u00e5 Tiger\u00f8je-krystaller &#8211; V\u00e6k indre modstandsdygtighed En samling af f\u00e6ngslende sten, der udstr\u00e5ler essensen af indre modstandsdygtighed og styrke. Disse ubearbejdede krystaller, prydet med deres gyldenbrune glans og fascinerende pratsomme m\u00f8nstre, overg\u00e5r blot sk\u00f8nhed; de er symboler p\u00e5 styrke. ? Mod og selvtillid: Tiger\u00f8je er kendt for sin evne til at indgyde mod, \u00f8ge selvtillid [&hellip;]<\/p>\n","protected":false},"featured_media":343977,"comment_status":"closed","ping_status":"open","template":"","meta":{"_angie_page":false},"product_brand":[],"product_cat":[6243,25222,6869,25781],"product_tag":[],"class_list":{"0":"post-199943","1":"product","2":"type-product","3":"status-publish","4":"has-post-thumbnail","6":"product_cat-esoteriske-gaver","7":"product_cat-krystaller-og-sten","8":"product_cat-lommesten","9":"product_cat-tigeroje","10":"pa_collection-raw-crystals-da","11":"pa_made-in-kina","12":"pa_size-500g","14":"first","15":"instock","16":"purchasable","17":"product-type-simple"},"supplier_id":null,"supplier_sku":"RCry-04","barcode":null,"atum_controlled":true,"out_stock_date":null,"out_stock_threshold":null,"inheritable":false,"inbound_stock":null,"stock_on_hold":0,"sold_today":0,"sales_last_days":0,"reserved_stock":null,"customer_returns":null,"warehouse_damage":null,"lost_in_post":null,"other_logs":null,"out_stock_days":0,"lost_sales":0,"has_location":null,"update_date":"2026-05-04T00:04:58","atum_locations":[],"atum_stock_status":"instock","restock_status":false,"low_stock_amount":"","sales_update_date":"2025-09-05T00:25:29","calc_backorders":null,"_links":{"self":[{"href":"https:\/\/aromasentia.com\/da\/wp-json\/wp\/v2\/product\/199943","targetHints":{"allow":["GET"]}}],"collection":[{"href":"https:\/\/aromasentia.com\/da\/wp-json\/wp\/v2\/product"}],"about":[{"href":"https:\/\/aromasentia.com\/da\/wp-json\/wp\/v2\/types\/product"}],"replies":[{"embeddable":true,"href":"https:\/\/aromasentia.com\/da\/wp-json\/wp\/v2\/comments?post=199943"}],"version-history":[{"count":0,"href":"https:\/\/aromasentia.com\/da\/wp-json\/wp\/v2\/product\/199943\/revisions"}],"wp:featuredmedia":[{"embeddable":true,"href":"https:\/\/aromasentia.com\/da\/wp-json\/wp\/v2\/media\/343977"}],"wp:attachment":[{"href":"https:\/\/aromasentia.com\/da\/wp-json\/wp\/v2\/media?parent=199943"}],"wp:term":[{"taxonomy":"product_brand","embeddable":true,"href":"https:\/\/aromasentia.com\/da\/wp-json\/wp\/v2\/product_brand?post=199943"},{"taxonomy":"product_cat","embeddable":true,"href":"https:\/\/aromasentia.com\/da\/wp-json\/wp\/v2\/product_cat?post=199943"},{"taxonomy":"product_tag","embeddable":true,"href":"https:\/\/aromasentia.com\/da\/wp-json\/wp\/v2\/product_tag?post=199943"}],"curies":[{"name":"wp","href":"https:\/\/api.w.org\/{rel}","templated":true}]}}