{"id":199939,"date":"2025-03-22T13:30:22","date_gmt":"2025-03-22T13:30:22","guid":{"rendered":"https:\/\/aromasentia.com\/product\/guohua-picture-stones-large-landscape-150x250mm-approx-800gm\/"},"modified":"2025-06-22T03:24:12","modified_gmt":"2025-06-22T03:24:12","slug":"guohua-billedsten-stort-landskab-150x250mm-ca-800gm","status":"publish","type":"product","link":"https:\/\/aromasentia.com\/da\/guohua-billedsten-stort-landskab-150x250mm-ca-800gm\/","title":{"rendered":"Guohua Billedsten &#8211; Stort Landskab &#8211; 150X250mm (Ca. 800gm)"},"content":{"rendered":"<p><span style=\"color: rgb(75, 80, 88);\">Denne store landskabssten i Guohua-stil eksemplificerer den bem\u00e6rkelsesv\u00e6rdige sk\u00f8nhed i naturlig kunst. Med dimensioner p\u00e5 cirka 150&#215;250 mm og en betydelig v\u00e6gt p\u00e5 800 gram er dette sl\u00e5ende stykke en kraftfuld blanding af geologisk vidunder og \u00e6stetisk charme. Denne sten, der stammer fra de gamle terr\u00e6ner i Guangxi-provinsen i Kina, fungerer som en levende kr\u00f8nike om Jordens historie. Dens overflade er indviklet udsmykket med m\u00f8nstre dannet af mangan-dendritter, som har udviklet sig indviklet over \u00e5rtusinder i kalkstenen. Hver sten er et unikt mesterv\u00e6rk, der tilbyder en fantastisk udsigt over naturens kreative dygtighed. Den imponerende st\u00f8rrelse og v\u00e6gt af dette stykke sikrer, at det skiller sig ud som et imponerende midtpunkt. Dens storsl\u00e5ede tilstedev\u00e6relse kan dramatisk forbedre ethvert milj\u00f8 og tilf\u00f8je et strejf af naturlig pragt. Forestil dig den fredfyldte atmosf\u00e6re, denne sten bringer. Dens beroligende m\u00f8nstre og den naturlige tiltr\u00e6kningskraft i dens design inviterer til beundring og refleksion. Uanset om den er placeret i et minimalistisk rum eller som et i\u00f8jnefaldende element i en varieret indretning, er Guohua Picture Stone Large Landscape et tidl\u00f8st artefakt, der vil fortrylle og inspirere i mange \u00e5r fremover. Bem\u00e6rk: Hver sten er naturligt unik, og variationer i udseende kan forekomme. Tilg\u00e6ngeligheden er begr\u00e6nset.<\/span><\/p>\n","protected":false},"excerpt":{"rendered":"<p>Denne store landskabssten i Guohua-stil eksemplificerer den bem\u00e6rkelsesv\u00e6rdige sk\u00f8nhed i naturlig kunst. Med dimensioner p\u00e5 cirka 150&#215;250 mm og en betydelig v\u00e6gt p\u00e5 800 gram er dette sl\u00e5ende stykke en kraftfuld blanding af geologisk vidunder og \u00e6stetisk charme. Denne sten, der stammer fra de gamle terr\u00e6ner i Guangxi-provinsen i Kina, fungerer som en levende kr\u00f8nike [&hellip;]<\/p>\n","protected":false},"featured_media":343845,"comment_status":"closed","ping_status":"open","template":"","meta":{"_angie_page":false},"product_brand":[],"product_cat":[6243,6869],"product_tag":[],"class_list":{"0":"post-199939","1":"product","2":"type-product","3":"status-publish","4":"has-post-thumbnail","6":"product_cat-esoteriske-gaver","7":"product_cat-lommesten","8":"pa_collection-guohua-picture-stones-da","9":"pa_made-in-kina","11":"first","12":"instock","13":"purchasable","14":"product-type-simple"},"supplier_id":null,"supplier_sku":"PicSt-04","barcode":null,"atum_controlled":true,"out_stock_date":null,"out_stock_threshold":null,"inheritable":false,"inbound_stock":null,"stock_on_hold":0,"sold_today":0,"sales_last_days":0,"reserved_stock":null,"customer_returns":null,"warehouse_damage":null,"lost_in_post":null,"other_logs":null,"out_stock_days":0,"lost_sales":0,"has_location":null,"update_date":"2026-04-27T07:18:09","atum_locations":[],"atum_stock_status":"instock","restock_status":false,"low_stock_amount":"","sales_update_date":"2026-01-30T01:25:40","calc_backorders":null,"_links":{"self":[{"href":"https:\/\/aromasentia.com\/da\/wp-json\/wp\/v2\/product\/199939","targetHints":{"allow":["GET"]}}],"collection":[{"href":"https:\/\/aromasentia.com\/da\/wp-json\/wp\/v2\/product"}],"about":[{"href":"https:\/\/aromasentia.com\/da\/wp-json\/wp\/v2\/types\/product"}],"replies":[{"embeddable":true,"href":"https:\/\/aromasentia.com\/da\/wp-json\/wp\/v2\/comments?post=199939"}],"version-history":[{"count":0,"href":"https:\/\/aromasentia.com\/da\/wp-json\/wp\/v2\/product\/199939\/revisions"}],"wp:featuredmedia":[{"embeddable":true,"href":"https:\/\/aromasentia.com\/da\/wp-json\/wp\/v2\/media\/343845"}],"wp:attachment":[{"href":"https:\/\/aromasentia.com\/da\/wp-json\/wp\/v2\/media?parent=199939"}],"wp:term":[{"taxonomy":"product_brand","embeddable":true,"href":"https:\/\/aromasentia.com\/da\/wp-json\/wp\/v2\/product_brand?post=199939"},{"taxonomy":"product_cat","embeddable":true,"href":"https:\/\/aromasentia.com\/da\/wp-json\/wp\/v2\/product_cat?post=199939"},{"taxonomy":"product_tag","embeddable":true,"href":"https:\/\/aromasentia.com\/da\/wp-json\/wp\/v2\/product_tag?post=199939"}],"curies":[{"name":"wp","href":"https:\/\/api.w.org\/{rel}","templated":true}]}}