{"id":199938,"date":"2025-03-22T13:30:22","date_gmt":"2025-03-22T13:30:22","guid":{"rendered":"https:\/\/aromasentia.com\/product\/guohua-picture-stones-arch-145x110mm-approx-140gm\/"},"modified":"2025-06-22T03:24:11","modified_gmt":"2025-06-22T03:24:11","slug":"guohua-billedsten-bue-145x110mm-ca-140gm","status":"publish","type":"product","link":"https:\/\/aromasentia.com\/da\/guohua-billedsten-bue-145x110mm-ca-140gm\/","title":{"rendered":"Guohua Billedsten &#8211; Bue &#8211; 145X110mm (Ca. 140gm)"},"content":{"rendered":"<p><span style=\"color: rgb(75, 80, 88);\">Denne bueformede Guohua-billedsten, der m\u00e5ler cirka 145 x 110 mm og vejer omkring 140 gram, fremh\u00e6ver den fantastiske naturlige sk\u00f8nhed af mangan-dendritter i en finkornet kalkstensbase. I mods\u00e6tning til andre malede kunstv\u00e6rker blev disse indviklede m\u00f8nstre dannet gennem geologiske processer over millioner af \u00e5r, hvilket resulterede i unikke, naturlige mesterv\u00e6rker.<\/span><\/p>\n<p><span style=\"color: rgb(75, 80, 88);\">Disse sten, der stammer fra de mineralrige regioner i Guangxi-provinsen i Kina, fremh\u00e6ver naturens ekstraordin\u00e6re kunstneriske evner. Kombinationen af jernoxid og mangan-dendritter i kalkstenen skaber betagende scener, figurer og abstrakte m\u00f8nstre, hvor hver sten er en unik afspejling af Jordens geologiske historie.<\/span><\/p>\n<p><span style=\"color: rgb(75, 80, 88);\">Denne stens yndefulde bueform g\u00f8r den til et i\u00f8jnefaldende midtpunkt i enhver setting. Dens distinkte form og komplekse naturlige design tiltr\u00e6kker \u00f8jet og fungerer som et sl\u00e5ende blikfang. Perfekt til udstilling p\u00e5 en hylde, kaminhylde eller som et selvst\u00e6ndigt m\u00f8bel, bringer den et eksotisk pr\u00e6g til ethvert interi\u00f8r.<\/span><\/p>\n<p><span style=\"color: rgb(75, 80, 88);\">Disse unikke sten er yderst tiltalende for en bred vifte af kunder, herunder indretningsarkitekter, samlere og alle, der v\u00e6rds\u00e6tter naturens sk\u00f8nhed.<\/span><\/p>\n<p><span style=\"color: rgb(75, 80, 88);\">Bem\u00e6rk: Da hver sten er naturligt formet, m\u00e5 variationer i udseende forventes. Tilg\u00e6ngeligheden er begr\u00e6nset.<\/span><\/p>\n","protected":false},"excerpt":{"rendered":"<p>Denne bueformede Guohua-billedsten, der m\u00e5ler cirka 145 x 110 mm og vejer omkring 140 gram, fremh\u00e6ver den fantastiske naturlige sk\u00f8nhed af mangan-dendritter i en finkornet kalkstensbase. I mods\u00e6tning til andre malede kunstv\u00e6rker blev disse indviklede m\u00f8nstre dannet gennem geologiske processer over millioner af \u00e5r, hvilket resulterede i unikke, naturlige mesterv\u00e6rker. Disse sten, der stammer fra [&hellip;]<\/p>\n","protected":false},"featured_media":343812,"comment_status":"closed","ping_status":"open","template":"","meta":{"_angie_page":false},"product_brand":[],"product_cat":[6243,6869],"product_tag":[],"class_list":{"0":"post-199938","1":"product","2":"type-product","3":"status-publish","4":"has-post-thumbnail","6":"product_cat-esoteriske-gaver","7":"product_cat-lommesten","8":"pa_collection-guohua-picture-stones-da","9":"pa_made-in-kina","11":"first","12":"instock","13":"purchasable","14":"product-type-simple"},"supplier_id":null,"supplier_sku":"PicSt-03","barcode":null,"atum_controlled":true,"out_stock_date":null,"out_stock_threshold":null,"inheritable":false,"inbound_stock":null,"stock_on_hold":0,"sold_today":0,"sales_last_days":0,"reserved_stock":null,"customer_returns":null,"warehouse_damage":null,"lost_in_post":null,"other_logs":null,"out_stock_days":0,"lost_sales":0,"has_location":null,"update_date":"2026-04-27T07:18:09","atum_locations":[],"atum_stock_status":"instock","restock_status":false,"low_stock_amount":"","sales_update_date":"2026-01-30T01:26:08","calc_backorders":null,"_links":{"self":[{"href":"https:\/\/aromasentia.com\/da\/wp-json\/wp\/v2\/product\/199938","targetHints":{"allow":["GET"]}}],"collection":[{"href":"https:\/\/aromasentia.com\/da\/wp-json\/wp\/v2\/product"}],"about":[{"href":"https:\/\/aromasentia.com\/da\/wp-json\/wp\/v2\/types\/product"}],"replies":[{"embeddable":true,"href":"https:\/\/aromasentia.com\/da\/wp-json\/wp\/v2\/comments?post=199938"}],"version-history":[{"count":0,"href":"https:\/\/aromasentia.com\/da\/wp-json\/wp\/v2\/product\/199938\/revisions"}],"wp:featuredmedia":[{"embeddable":true,"href":"https:\/\/aromasentia.com\/da\/wp-json\/wp\/v2\/media\/343812"}],"wp:attachment":[{"href":"https:\/\/aromasentia.com\/da\/wp-json\/wp\/v2\/media?parent=199938"}],"wp:term":[{"taxonomy":"product_brand","embeddable":true,"href":"https:\/\/aromasentia.com\/da\/wp-json\/wp\/v2\/product_brand?post=199938"},{"taxonomy":"product_cat","embeddable":true,"href":"https:\/\/aromasentia.com\/da\/wp-json\/wp\/v2\/product_cat?post=199938"},{"taxonomy":"product_tag","embeddable":true,"href":"https:\/\/aromasentia.com\/da\/wp-json\/wp\/v2\/product_tag?post=199938"}],"curies":[{"name":"wp","href":"https:\/\/api.w.org\/{rel}","templated":true}]}}