{"id":199936,"date":"2025-03-22T13:30:22","date_gmt":"2025-03-22T13:30:22","guid":{"rendered":"https:\/\/aromasentia.com\/product\/guohua-picture-stones-landscape-140x80mm-aprox-100gm\/"},"modified":"2025-06-22T03:24:10","modified_gmt":"2025-06-22T03:24:10","slug":"guohua-billedsten-landskab-140x80mm-aprox-100gm","status":"publish","type":"product","link":"https:\/\/aromasentia.com\/da\/guohua-billedsten-landskab-140x80mm-aprox-100gm\/","title":{"rendered":"Guohua Billedsten &#8211; Landskab &#8211; 140X80mm (Aprox 100gm)"},"content":{"rendered":"<p><span style=\"color: rgb(75, 80, 88);\">Denne landskabssten Guohua er en fantastisk naturlig kreation, der afspejler \u00e5nden i gammel kinesisk landskabskunst. Hver sten m\u00e5ler cirka 140&#215;80 mm og vejer omkring 100 gram.<\/span><\/p>\n<p><span style=\"color: rgb(75, 80, 88);\">De bem\u00e6rkelsesv\u00e6rdige m\u00f8nstre p\u00e5 disse sten er naturligt forekommende og dannet over millioner af \u00e5r uden menneskelig indgriben. Denne finkornede kalksten, der stammer fra Guangxi-provinsen, indeholder jernoxid og har indviklede mangan-dendritformationer. Disse m\u00f8nstre har en sl\u00e5ende lighed med traditionelle kinesiske landskabsmalerier, hvilket giver hvert stykke en f\u00f8lelse af historisk og kulturel dybde.<\/span><\/p>\n<p><span style=\"color: rgb(75, 80, 88);\">Disse sten tilbyder en unik m\u00e5de at introducere naturens sk\u00f8nhed i ethvert hjem eller kontor. De delikate m\u00f8nstre og naturlige farver skaber et beroligende og roligt milj\u00f8. Landskabs-Guohua-billedstenen er ikke kun et uds\u00f8gt dekorativt stykke, men ogs\u00e5 en god samtalestarter, der kan inspirere til kreativitet og p\u00e5sk\u00f8nnelse af naturens kunstneriske v\u00e6rker. Den er en bet\u00e6nksom gave til naturelskere, kunstentusiaster eller alle, der v\u00e6rds\u00e6tter unikke og smukke genstande.<\/span><\/p>\n<p><span style=\"color: rgb(75, 80, 88);\">Bem\u00e6rk: P\u00e5 grund af den naturlige variation i disse sten er hvert stykke unikt og kan variere en smule i udseende. Tilg\u00e6ngeligheden er begr\u00e6nset.<\/span><\/p>\n","protected":false},"excerpt":{"rendered":"<p>Denne landskabssten Guohua er en fantastisk naturlig kreation, der afspejler \u00e5nden i gammel kinesisk landskabskunst. Hver sten m\u00e5ler cirka 140&#215;80 mm og vejer omkring 100 gram. De bem\u00e6rkelsesv\u00e6rdige m\u00f8nstre p\u00e5 disse sten er naturligt forekommende og dannet over millioner af \u00e5r uden menneskelig indgriben. Denne finkornede kalksten, der stammer fra Guangxi-provinsen, indeholder jernoxid og har [&hellip;]<\/p>\n","protected":false},"featured_media":343762,"comment_status":"closed","ping_status":"open","template":"","meta":{"_angie_page":false},"product_brand":[],"product_cat":[6243,6869],"product_tag":[],"class_list":{"0":"post-199936","1":"product","2":"type-product","3":"status-publish","4":"has-post-thumbnail","6":"product_cat-esoteriske-gaver","7":"product_cat-lommesten","8":"pa_collection-guohua-picture-stones-da","9":"pa_made-in-kina","11":"first","12":"instock","13":"purchasable","14":"product-type-simple"},"supplier_id":null,"supplier_sku":"PicSt-01","barcode":null,"atum_controlled":true,"out_stock_date":null,"out_stock_threshold":null,"inheritable":false,"inbound_stock":null,"stock_on_hold":0,"sold_today":0,"sales_last_days":0,"reserved_stock":null,"customer_returns":null,"warehouse_damage":null,"lost_in_post":null,"other_logs":null,"out_stock_days":0,"lost_sales":0,"has_location":null,"update_date":"2026-04-27T07:18:09","atum_locations":[],"atum_stock_status":"instock","restock_status":false,"low_stock_amount":"","sales_update_date":"2026-02-06T00:00:46","calc_backorders":null,"_links":{"self":[{"href":"https:\/\/aromasentia.com\/da\/wp-json\/wp\/v2\/product\/199936","targetHints":{"allow":["GET"]}}],"collection":[{"href":"https:\/\/aromasentia.com\/da\/wp-json\/wp\/v2\/product"}],"about":[{"href":"https:\/\/aromasentia.com\/da\/wp-json\/wp\/v2\/types\/product"}],"replies":[{"embeddable":true,"href":"https:\/\/aromasentia.com\/da\/wp-json\/wp\/v2\/comments?post=199936"}],"version-history":[{"count":0,"href":"https:\/\/aromasentia.com\/da\/wp-json\/wp\/v2\/product\/199936\/revisions"}],"wp:featuredmedia":[{"embeddable":true,"href":"https:\/\/aromasentia.com\/da\/wp-json\/wp\/v2\/media\/343762"}],"wp:attachment":[{"href":"https:\/\/aromasentia.com\/da\/wp-json\/wp\/v2\/media?parent=199936"}],"wp:term":[{"taxonomy":"product_brand","embeddable":true,"href":"https:\/\/aromasentia.com\/da\/wp-json\/wp\/v2\/product_brand?post=199936"},{"taxonomy":"product_cat","embeddable":true,"href":"https:\/\/aromasentia.com\/da\/wp-json\/wp\/v2\/product_cat?post=199936"},{"taxonomy":"product_tag","embeddable":true,"href":"https:\/\/aromasentia.com\/da\/wp-json\/wp\/v2\/product_tag?post=199936"}],"curies":[{"name":"wp","href":"https:\/\/api.w.org\/{rel}","templated":true}]}}