{"id":199926,"date":"2025-03-22T13:30:22","date_gmt":"2025-03-22T13:30:22","guid":{"rendered":"https:\/\/aromasentia.com\/product\/orgonite-cone-selenite-and-black-toumaline-copper-90-mm\/"},"modified":"2025-06-22T03:24:07","modified_gmt":"2025-06-22T03:24:07","slug":"orgonitkegle-selenit-og-sort-toumalin-kobber-90-mm","status":"publish","type":"product","link":"https:\/\/aromasentia.com\/da\/orgonitkegle-selenit-og-sort-toumalin-kobber-90-mm\/","title":{"rendered":"Orgonitkegle &#8211; Selenit Og Sort Toumalin Kobber &#8211; 90 mm"},"content":{"rendered":"<p>Orgonit er en blanding af katalyseret glasfiberharpiks med metalsp\u00e5ner, partikler eller pulver, der h\u00e6ldes i forme.<\/p>\n<p>Orgonit er blevet meget popul\u00e6rt som et spirituelt helbredelsesv\u00e6rkt\u00f8j og som beskyttelse mod elektromagnetisk forurening.<\/p>\n","protected":false},"excerpt":{"rendered":"<p>Orgonit er en blanding af katalyseret glasfiberharpiks med metalsp\u00e5ner, partikler eller pulver, der h\u00e6ldes i forme. Orgonit er blevet meget popul\u00e6rt som et spirituelt helbredelsesv\u00e6rkt\u00f8j og som beskyttelse mod elektromagnetisk forurening.<\/p>\n","protected":false},"featured_media":343624,"comment_status":"closed","ping_status":"open","template":"","meta":{"_angie_page":false},"product_brand":[],"product_cat":[5591,25222,6931,6912],"product_tag":[],"class_list":{"0":"post-199926","1":"product","2":"type-product","3":"status-publish","4":"has-post-thumbnail","6":"product_cat-hjem-og-have","7":"product_cat-krystaller-og-sten","8":"product_cat-orgonite","9":"product_cat-selenit","10":"pa_collection-orgonite-objects-da","11":"pa_made-in-indien","13":"first","14":"instock","15":"purchasable","16":"product-type-simple"},"supplier_id":null,"supplier_sku":"Orgn-20","barcode":null,"atum_controlled":true,"out_stock_date":null,"out_stock_threshold":null,"inheritable":false,"inbound_stock":null,"stock_on_hold":0,"sold_today":0,"sales_last_days":0,"reserved_stock":null,"customer_returns":null,"warehouse_damage":null,"lost_in_post":null,"other_logs":null,"out_stock_days":0,"lost_sales":0,"has_location":null,"update_date":"2026-04-27T07:17:21","atum_locations":[],"atum_stock_status":"instock","restock_status":false,"low_stock_amount":"","sales_update_date":"2025-09-05T00:25:27","calc_backorders":null,"_links":{"self":[{"href":"https:\/\/aromasentia.com\/da\/wp-json\/wp\/v2\/product\/199926","targetHints":{"allow":["GET"]}}],"collection":[{"href":"https:\/\/aromasentia.com\/da\/wp-json\/wp\/v2\/product"}],"about":[{"href":"https:\/\/aromasentia.com\/da\/wp-json\/wp\/v2\/types\/product"}],"replies":[{"embeddable":true,"href":"https:\/\/aromasentia.com\/da\/wp-json\/wp\/v2\/comments?post=199926"}],"version-history":[{"count":0,"href":"https:\/\/aromasentia.com\/da\/wp-json\/wp\/v2\/product\/199926\/revisions"}],"wp:featuredmedia":[{"embeddable":true,"href":"https:\/\/aromasentia.com\/da\/wp-json\/wp\/v2\/media\/343624"}],"wp:attachment":[{"href":"https:\/\/aromasentia.com\/da\/wp-json\/wp\/v2\/media?parent=199926"}],"wp:term":[{"taxonomy":"product_brand","embeddable":true,"href":"https:\/\/aromasentia.com\/da\/wp-json\/wp\/v2\/product_brand?post=199926"},{"taxonomy":"product_cat","embeddable":true,"href":"https:\/\/aromasentia.com\/da\/wp-json\/wp\/v2\/product_cat?post=199926"},{"taxonomy":"product_tag","embeddable":true,"href":"https:\/\/aromasentia.com\/da\/wp-json\/wp\/v2\/product_tag?post=199926"}],"curies":[{"name":"wp","href":"https:\/\/api.w.org\/{rel}","templated":true}]}}