{"id":199913,"date":"2025-03-22T13:30:31","date_gmt":"2025-03-22T13:30:31","guid":{"rendered":"https:\/\/aromasentia.com\/product\/selenite-ritual-knife-chakra\/"},"modified":"2025-06-22T03:23:59","modified_gmt":"2025-06-22T03:23:59","slug":"ritualkniv-i-selenit-chakra","status":"publish","type":"product","link":"https:\/\/aromasentia.com\/da\/ritualkniv-i-selenit-chakra\/","title":{"rendered":"Ritualkniv I Selenit &#8211; Chakra"},"content":{"rendered":"<p><strong>Selenit-ceremoniknive p\u00e5 engros-salg<\/strong> er perfekte til alle esoteriske butikker. Disse ceremoniknive er fremstillet og indgraveret i h\u00e5nden, og de vil ogs\u00e5 v\u00e6re perfekte som en dekorativ genstand, uanset om det er hjemme eller p\u00e5 et kontor.&nbsp;<\/p>\n<p>Disse genstande er b\u00e5de dekorative, men de har ogs\u00e5 en st\u00e6rk esoterisk betydning. Selenitknive kan sk\u00e6re negative b\u00e5nd over, hvad enten det er til en anden person, en situation eller et sted, og de sk\u00e6rer symbolsk disse b\u00e5nd over, som forhindrer os i at komme videre.&nbsp;<\/p>\n<p>Hvis du allerede tilbyder selenitvarer, vil du ikke have problemer med at s\u00e6lge disse selenit-ceremoniknive.<\/p>\n<p><span class=\"fr-video fr-deletable fr-fvc fr-dvb fr-draggable fr-active\" contenteditable=\"false\" draggable=\"true\"><iframe loading=\"lazy\" width=\"640\" height=\"360\" src=\"https:\/\/www.youtube.com\/embed\/L8dNu8RUDE8?autoplay=1&#038;wmode=opaque&#038;rel=0\" frameborder=\"0\" allowfullscreen=\"\" class=\"fr-draggable\"><\/iframe><\/span><\/p>\n<p><\/p>\n<p><\/p>\n<p><\/p>\n<p><\/p>\n<p><\/p>\n","protected":false},"excerpt":{"rendered":"<p>Selenit-ceremoniknive p\u00e5 engros-salg er perfekte til alle esoteriske butikker. Disse ceremoniknive er fremstillet og indgraveret i h\u00e5nden, og de vil ogs\u00e5 v\u00e6re perfekte som en dekorativ genstand, uanset om det er hjemme eller p\u00e5 et kontor.&nbsp; Disse genstande er b\u00e5de dekorative, men de har ogs\u00e5 en st\u00e6rk esoterisk betydning. Selenitknive kan sk\u00e6re negative b\u00e5nd over, [&hellip;]<\/p>\n","protected":false},"featured_media":345775,"comment_status":"closed","ping_status":"open","template":"","meta":{"_angie_page":false},"product_brand":[],"product_cat":[6243,25222,6912],"product_tag":[],"class_list":{"0":"post-199913","1":"product","2":"type-product","3":"status-publish","4":"has-post-thumbnail","6":"product_cat-esoteriske-gaver","7":"product_cat-krystaller-og-sten","8":"product_cat-selenit","9":"pa_collection-selenite-ritual-knife-da","10":"pa_made-in-marokko","12":"first","13":"instock","14":"purchasable","15":"product-type-simple"},"supplier_id":null,"supplier_sku":"SelK-01","barcode":null,"atum_controlled":true,"out_stock_date":null,"out_stock_threshold":null,"inheritable":false,"inbound_stock":null,"stock_on_hold":0,"sold_today":0,"sales_last_days":0,"reserved_stock":null,"customer_returns":null,"warehouse_damage":null,"lost_in_post":null,"other_logs":null,"out_stock_days":0,"lost_sales":0,"has_location":null,"update_date":"2026-04-27T07:20:54","atum_locations":[],"atum_stock_status":"instock","restock_status":false,"low_stock_amount":"","sales_update_date":"2026-02-06T00:02:26","calc_backorders":null,"_links":{"self":[{"href":"https:\/\/aromasentia.com\/da\/wp-json\/wp\/v2\/product\/199913","targetHints":{"allow":["GET"]}}],"collection":[{"href":"https:\/\/aromasentia.com\/da\/wp-json\/wp\/v2\/product"}],"about":[{"href":"https:\/\/aromasentia.com\/da\/wp-json\/wp\/v2\/types\/product"}],"replies":[{"embeddable":true,"href":"https:\/\/aromasentia.com\/da\/wp-json\/wp\/v2\/comments?post=199913"}],"version-history":[{"count":0,"href":"https:\/\/aromasentia.com\/da\/wp-json\/wp\/v2\/product\/199913\/revisions"}],"wp:featuredmedia":[{"embeddable":true,"href":"https:\/\/aromasentia.com\/da\/wp-json\/wp\/v2\/media\/345775"}],"wp:attachment":[{"href":"https:\/\/aromasentia.com\/da\/wp-json\/wp\/v2\/media?parent=199913"}],"wp:term":[{"taxonomy":"product_brand","embeddable":true,"href":"https:\/\/aromasentia.com\/da\/wp-json\/wp\/v2\/product_brand?post=199913"},{"taxonomy":"product_cat","embeddable":true,"href":"https:\/\/aromasentia.com\/da\/wp-json\/wp\/v2\/product_cat?post=199913"},{"taxonomy":"product_tag","embeddable":true,"href":"https:\/\/aromasentia.com\/da\/wp-json\/wp\/v2\/product_tag?post=199913"}],"curies":[{"name":"wp","href":"https:\/\/api.w.org\/{rel}","templated":true}]}}