{"id":199908,"date":"2025-03-22T13:30:31","date_gmt":"2025-03-22T13:30:31","guid":{"rendered":"https:\/\/aromasentia.com\/product\/chakra-set-of-7-charging-plates\/"},"modified":"2025-06-22T03:23:57","modified_gmt":"2025-06-22T03:23:57","slug":"chakra-saet-med-7-opladningsplader","status":"publish","type":"product","link":"https:\/\/aromasentia.com\/da\/chakra-saet-med-7-opladningsplader\/","title":{"rendered":"Chakra S\u00e6t med 7 Opladningsplader"},"content":{"rendered":"<p>Vores <strong>Aroma Sentia Dropship Europe<\/strong> udvalg af <strong>Selenit-tallerkener<\/strong> vil v\u00e6re perfekte til din butik. Disse tallerkener er sk\u00e5ret og udsk\u00e5ret i h\u00e5nden; du vil is\u00e6r s\u00e6tte pris p\u00e5 den sans for detaljer.<\/p>\n<p style=\"text-align: justify;\"><strong>F\u00e5s i forskellige st\u00f8rrelser og designs<\/strong>, s\u00e5 hver af dine kunder kan finde det, de leder efter. <strong>Selenitsten er kendt for sine dyder og fordele for s\u00f8vn, da den renser den omgivende luft.<\/strong><\/p>\n<p style=\"text-align: justify;\">Hvis et af dine produkter inkluderer selenit, vil du helt sikkert opdage, at disse er s\u00e6rligt popul\u00e6re varer hos den brede offentlighed.<\/p>\n<p style=\"text-align: justify;\"><strong>St\u00f8rrelsen p\u00e5 det enkelte chakra er &#8211; 6 cm x 1,7 cm. <\/strong><\/p>\n<p style=\"text-align: justify;\"><strong><span style=\"color: rgb(141, 186, 216);\">Bestil nu og lav en smuk udstilling med disse unikke selenitplader,<\/span><\/strong><\/p>\n","protected":false},"excerpt":{"rendered":"<p>Vores Aroma Sentia Dropship Europe udvalg af Selenit-tallerkener vil v\u00e6re perfekte til din butik. Disse tallerkener er sk\u00e5ret og udsk\u00e5ret i h\u00e5nden; du vil is\u00e6r s\u00e6tte pris p\u00e5 den sans for detaljer. F\u00e5s i forskellige st\u00f8rrelser og designs, s\u00e5 hver af dine kunder kan finde det, de leder efter. Selenitsten er kendt for sine dyder [&hellip;]<\/p>\n","protected":false},"featured_media":345666,"comment_status":"closed","ping_status":"open","template":"","meta":{"_angie_page":false},"product_brand":[],"product_cat":[6243,6912],"product_tag":[],"class_list":{"0":"post-199908","1":"product","2":"type-product","3":"status-publish","4":"has-post-thumbnail","6":"product_cat-esoteriske-gaver","7":"product_cat-selenit","8":"pa_collection-selenite-plates-da","9":"pa_made-in-marokko","11":"first","12":"instock","13":"purchasable","14":"product-type-simple"},"supplier_id":null,"supplier_sku":"SelCP-12","barcode":null,"atum_controlled":true,"out_stock_date":null,"out_stock_threshold":null,"inheritable":false,"inbound_stock":null,"stock_on_hold":0,"sold_today":0,"sales_last_days":0,"reserved_stock":null,"customer_returns":null,"warehouse_damage":null,"lost_in_post":null,"other_logs":null,"out_stock_days":0,"lost_sales":0,"has_location":null,"update_date":"2026-04-27T07:20:54","atum_locations":[],"atum_stock_status":"instock","restock_status":false,"low_stock_amount":"","sales_update_date":"2026-01-30T01:24:32","calc_backorders":null,"_links":{"self":[{"href":"https:\/\/aromasentia.com\/da\/wp-json\/wp\/v2\/product\/199908","targetHints":{"allow":["GET"]}}],"collection":[{"href":"https:\/\/aromasentia.com\/da\/wp-json\/wp\/v2\/product"}],"about":[{"href":"https:\/\/aromasentia.com\/da\/wp-json\/wp\/v2\/types\/product"}],"replies":[{"embeddable":true,"href":"https:\/\/aromasentia.com\/da\/wp-json\/wp\/v2\/comments?post=199908"}],"version-history":[{"count":0,"href":"https:\/\/aromasentia.com\/da\/wp-json\/wp\/v2\/product\/199908\/revisions"}],"wp:featuredmedia":[{"embeddable":true,"href":"https:\/\/aromasentia.com\/da\/wp-json\/wp\/v2\/media\/345666"}],"wp:attachment":[{"href":"https:\/\/aromasentia.com\/da\/wp-json\/wp\/v2\/media?parent=199908"}],"wp:term":[{"taxonomy":"product_brand","embeddable":true,"href":"https:\/\/aromasentia.com\/da\/wp-json\/wp\/v2\/product_brand?post=199908"},{"taxonomy":"product_cat","embeddable":true,"href":"https:\/\/aromasentia.com\/da\/wp-json\/wp\/v2\/product_cat?post=199908"},{"taxonomy":"product_tag","embeddable":true,"href":"https:\/\/aromasentia.com\/da\/wp-json\/wp\/v2\/product_tag?post=199908"}],"curies":[{"name":"wp","href":"https:\/\/api.w.org\/{rel}","templated":true}]}}