{"id":199892,"date":"2025-03-22T13:30:31","date_gmt":"2025-03-22T13:30:31","guid":{"rendered":"https:\/\/aromasentia.com\/product\/selenite-cylinder-candle-holder-20-cm\/"},"modified":"2025-06-22T03:23:49","modified_gmt":"2025-06-22T03:23:49","slug":"selenite-cylinder-lysestage-20-cm","status":"publish","type":"product","link":"https:\/\/aromasentia.com\/da\/selenite-cylinder-lysestage-20-cm\/","title":{"rendered":"Selenite Cylinder Lysestage &#8211; 20 cm"},"content":{"rendered":"<p>Selenit, som er en slags gennemsigtig krystal, tillader stearinlysets flamme at blafre let gennem lysestagens v\u00e6gge. Kanterne p\u00e5 lysestagerne er ru, hvilket er naturligt for selenit.<\/p>\n<p><\/p>\n<p>Selenit-lysestager er skinnende og nogle gange med hvidere omr\u00e5der. Toppen af hver lysestage er poleret, og undersiden er sk\u00e5ret flad.<\/p>\n<p><\/p>\n<p>St\u00f8rrelser: Diameter 8 cm, H\u00f8jde 20 cm<\/p>\n","protected":false},"excerpt":{"rendered":"<p>Selenit, som er en slags gennemsigtig krystal, tillader stearinlysets flamme at blafre let gennem lysestagens v\u00e6gge. Kanterne p\u00e5 lysestagerne er ru, hvilket er naturligt for selenit. Selenit-lysestager er skinnende og nogle gange med hvidere omr\u00e5der. Toppen af hver lysestage er poleret, og undersiden er sk\u00e5ret flad. St\u00f8rrelser: Diameter 8 cm, H\u00f8jde 20 cm<\/p>\n","protected":false},"featured_media":345394,"comment_status":"closed","ping_status":"open","template":"","meta":{"_angie_page":false},"product_brand":[],"product_cat":[6243,25222,6912],"product_tag":[],"class_list":{"0":"post-199892","1":"product","2":"type-product","3":"status-publish","4":"has-post-thumbnail","6":"product_cat-esoteriske-gaver","7":"product_cat-krystaller-og-sten","8":"product_cat-selenit","9":"pa_collection-selenite-candle-holders-da","10":"pa_made-in-marokko","12":"first","13":"instock","14":"purchasable","15":"product-type-simple"},"supplier_id":null,"supplier_sku":"SelCH-05","barcode":null,"atum_controlled":true,"out_stock_date":null,"out_stock_threshold":null,"inheritable":false,"inbound_stock":null,"stock_on_hold":0,"sold_today":0,"sales_last_days":0,"reserved_stock":null,"customer_returns":null,"warehouse_damage":null,"lost_in_post":null,"other_logs":null,"out_stock_days":0,"lost_sales":0,"has_location":null,"update_date":"2026-04-27T07:20:48","atum_locations":[],"atum_stock_status":"instock","restock_status":false,"low_stock_amount":"","sales_update_date":"2026-01-20T05:13:57","calc_backorders":null,"_links":{"self":[{"href":"https:\/\/aromasentia.com\/da\/wp-json\/wp\/v2\/product\/199892","targetHints":{"allow":["GET"]}}],"collection":[{"href":"https:\/\/aromasentia.com\/da\/wp-json\/wp\/v2\/product"}],"about":[{"href":"https:\/\/aromasentia.com\/da\/wp-json\/wp\/v2\/types\/product"}],"replies":[{"embeddable":true,"href":"https:\/\/aromasentia.com\/da\/wp-json\/wp\/v2\/comments?post=199892"}],"version-history":[{"count":0,"href":"https:\/\/aromasentia.com\/da\/wp-json\/wp\/v2\/product\/199892\/revisions"}],"wp:featuredmedia":[{"embeddable":true,"href":"https:\/\/aromasentia.com\/da\/wp-json\/wp\/v2\/media\/345394"}],"wp:attachment":[{"href":"https:\/\/aromasentia.com\/da\/wp-json\/wp\/v2\/media?parent=199892"}],"wp:term":[{"taxonomy":"product_brand","embeddable":true,"href":"https:\/\/aromasentia.com\/da\/wp-json\/wp\/v2\/product_brand?post=199892"},{"taxonomy":"product_cat","embeddable":true,"href":"https:\/\/aromasentia.com\/da\/wp-json\/wp\/v2\/product_cat?post=199892"},{"taxonomy":"product_tag","embeddable":true,"href":"https:\/\/aromasentia.com\/da\/wp-json\/wp\/v2\/product_tag?post=199892"}],"curies":[{"name":"wp","href":"https:\/\/api.w.org\/{rel}","templated":true}]}}