{"id":199886,"date":"2025-03-22T13:30:31","date_gmt":"2025-03-22T13:30:31","guid":{"rendered":"https:\/\/aromasentia.com\/product\/selenite-block-lamp-25cm-chakra-lamp\/"},"modified":"2025-06-22T03:23:46","modified_gmt":"2025-06-22T03:23:46","slug":"selenit-bloklampe-25-cm-chakra-lampe","status":"publish","type":"product","link":"https:\/\/aromasentia.com\/da\/selenit-bloklampe-25-cm-chakra-lampe\/","title":{"rendered":"Selenit Bloklampe 25 cm &#8211; Chakra-Lampe"},"content":{"rendered":"<p><strong>Selenitbloklampe 25 cm &#8211; Chakra<\/strong> er perfekt til alle dine kunder, der elsker esoterisme eller genstande med dyder.<\/p>\n<p>Disse lamper er fremstillet af naturlig selenitsten, de sk\u00e6res derefter i blokke og dekoreres i h\u00e5nden for et helt fantastisk resultat!<\/p>\n<p>Selenitbloklampen m\u00e5ler cirka 25 cm, den <strong>leveres med et kabel (EU-type) og en p\u00e6re, s\u00e5 du kan s\u00e6lge dem direkte og nemt<\/strong><strong>.<\/strong><\/p>\n<p>Selenit er kendt for sine rensende egenskaber og for at fremme en afslappende s\u00f8vn, s\u00e5 de vil v\u00e6re perfekte til dine kunders stuer eller f.eks. som sengelampe p\u00e5 et natbord.<\/p>\n<p>NB: Hver lampe er unik. P\u00e5 grund af varens art og dens fremstillingsproces kan designene variere.<\/p>\n<p><strong><span style=\"color: rgb(141, 186, 216);\">\u00d8g dit salg med denne unikke selenitbloklampe, bestil nu.<\/span><\/strong><\/p>\n","protected":false},"excerpt":{"rendered":"<p>Selenitbloklampe 25 cm &#8211; Chakra er perfekt til alle dine kunder, der elsker esoterisme eller genstande med dyder. Disse lamper er fremstillet af naturlig selenitsten, de sk\u00e6res derefter i blokke og dekoreres i h\u00e5nden for et helt fantastisk resultat! Selenitbloklampen m\u00e5ler cirka 25 cm, den leveres med et kabel (EU-type) og en p\u00e6re, s\u00e5 du [&hellip;]<\/p>\n","protected":false},"featured_media":345292,"comment_status":"closed","ping_status":"open","template":"","meta":{"_angie_page":false},"product_brand":[],"product_cat":[6243,25222,6912],"product_tag":[],"class_list":{"0":"post-199886","1":"product","2":"type-product","3":"status-publish","4":"has-post-thumbnail","6":"product_cat-esoteriske-gaver","7":"product_cat-krystaller-og-sten","8":"product_cat-selenit","9":"pa_collection-selenite-block-lamp-da","10":"pa_made-in-marokko","12":"first","13":"instock","14":"purchasable","15":"product-type-simple"},"supplier_id":null,"supplier_sku":"SelBL-01","barcode":null,"atum_controlled":true,"out_stock_date":null,"out_stock_threshold":null,"inheritable":false,"inbound_stock":null,"stock_on_hold":0,"sold_today":0,"sales_last_days":0,"reserved_stock":null,"customer_returns":null,"warehouse_damage":null,"lost_in_post":null,"other_logs":null,"out_stock_days":0,"lost_sales":0,"has_location":null,"update_date":"2026-04-27T07:20:48","atum_locations":[],"atum_stock_status":"instock","restock_status":false,"low_stock_amount":"","sales_update_date":"2025-09-05T00:25:53","calc_backorders":null,"_links":{"self":[{"href":"https:\/\/aromasentia.com\/da\/wp-json\/wp\/v2\/product\/199886","targetHints":{"allow":["GET"]}}],"collection":[{"href":"https:\/\/aromasentia.com\/da\/wp-json\/wp\/v2\/product"}],"about":[{"href":"https:\/\/aromasentia.com\/da\/wp-json\/wp\/v2\/types\/product"}],"replies":[{"embeddable":true,"href":"https:\/\/aromasentia.com\/da\/wp-json\/wp\/v2\/comments?post=199886"}],"version-history":[{"count":0,"href":"https:\/\/aromasentia.com\/da\/wp-json\/wp\/v2\/product\/199886\/revisions"}],"wp:featuredmedia":[{"embeddable":true,"href":"https:\/\/aromasentia.com\/da\/wp-json\/wp\/v2\/media\/345292"}],"wp:attachment":[{"href":"https:\/\/aromasentia.com\/da\/wp-json\/wp\/v2\/media?parent=199886"}],"wp:term":[{"taxonomy":"product_brand","embeddable":true,"href":"https:\/\/aromasentia.com\/da\/wp-json\/wp\/v2\/product_brand?post=199886"},{"taxonomy":"product_cat","embeddable":true,"href":"https:\/\/aromasentia.com\/da\/wp-json\/wp\/v2\/product_cat?post=199886"},{"taxonomy":"product_tag","embeddable":true,"href":"https:\/\/aromasentia.com\/da\/wp-json\/wp\/v2\/product_tag?post=199886"}],"curies":[{"name":"wp","href":"https:\/\/api.w.org\/{rel}","templated":true}]}}