{"id":199881,"date":"2025-03-22T13:30:31","date_gmt":"2025-03-22T13:30:31","guid":{"rendered":"https:\/\/aromasentia.com\/product\/selenite-hex-bowl-10cm\/"},"modified":"2025-06-22T03:23:43","modified_gmt":"2025-06-22T03:23:43","slug":"selenit-sekskantet-skaal-10cm","status":"publish","type":"product","link":"https:\/\/aromasentia.com\/da\/selenit-sekskantet-skaal-10cm\/","title":{"rendered":"Selenit Sekskantet Sk\u00e5l &#8211; 10cm"},"content":{"rendered":"<p><strong>Selenite Hex Bo<\/strong><strong>wl<\/strong> er et smukt og unikt stykke boligindretning, som b\u00e5de er funktionelt og \u00e6stetisk tiltalende. Denne sekskantede sk\u00e5l er lavet af naturlig selenit, et gennemsigtigt mineral med beroligende egenskaber, og m\u00e5ler 10 cm i diameter og er perfekt til at opbevare sm\u00e5 nipsgenstande, smykker eller andre sm\u00e5ting.<\/p>\n<p>Selenitsk\u00e5lens glatte overflade tilf\u00f8jer et strejf af elegance til ethvert rum, og de naturlige variationer i stenen g\u00f8r hvert stykke til et unikum. Selenit menes ogs\u00e5 at have helbredende egenskaber og bruges ofte til meditation og energiarbejde.<\/p>\n<p>Den sekskantede form p\u00e5 denne selenitsk\u00e5l giver et interessant og moderne pr\u00e6g til ethvert rum, og den kan bruges til alt fra sm\u00e5 krystaller til s\u00e6rlige nipsgenstande. Dens lille st\u00f8rrelse g\u00f8r den perfekt til brug p\u00e5 et natbord eller et skrivebord, og dens unikke form g\u00f8r den til en i\u00f8jnefaldende tilf\u00f8jelse til ethvert rum.<\/p>\n<p>Selenite Hex Bowl er et unikt og meningsfuldt stykke boligindretning, der vil forbedre ethvert rum med sin naturlige sk\u00f8nhed. Den er ogs\u00e5 en god gave til alle, der s\u00e6tter pris p\u00e5 kraften i helbredende krystaller eller moderne og unik boligindretning.<\/p>\n","protected":false},"excerpt":{"rendered":"<p>Selenite Hex Bowl er et smukt og unikt stykke boligindretning, som b\u00e5de er funktionelt og \u00e6stetisk tiltalende. Denne sekskantede sk\u00e5l er lavet af naturlig selenit, et gennemsigtigt mineral med beroligende egenskaber, og m\u00e5ler 10 cm i diameter og er perfekt til at opbevare sm\u00e5 nipsgenstande, smykker eller andre sm\u00e5ting. Selenitsk\u00e5lens glatte overflade tilf\u00f8jer et strejf [&hellip;]<\/p>\n","protected":false},"featured_media":345103,"comment_status":"closed","ping_status":"open","template":"","meta":{"_angie_page":false},"product_brand":[],"product_cat":[5591,6920,25222,6912],"product_tag":[],"class_list":{"0":"post-199881","1":"product","2":"type-product","3":"status-publish","4":"has-post-thumbnail","6":"product_cat-hjem-og-have","7":"product_cat-inspiration","8":"product_cat-krystaller-og-sten","9":"product_cat-selenit","10":"pa_collection-selenite-bowls-da","11":"pa_made-in-marokko","13":"first","14":"instock","15":"purchasable","16":"product-type-simple"},"supplier_id":null,"supplier_sku":"SelB-10","barcode":null,"atum_controlled":true,"out_stock_date":null,"out_stock_threshold":null,"inheritable":false,"inbound_stock":null,"stock_on_hold":0,"sold_today":0,"sales_last_days":0,"reserved_stock":null,"customer_returns":null,"warehouse_damage":null,"lost_in_post":null,"other_logs":null,"out_stock_days":0,"lost_sales":0,"has_location":null,"update_date":"2026-05-04T00:04:58","atum_locations":[],"atum_stock_status":"instock","restock_status":false,"low_stock_amount":"","sales_update_date":"2026-02-06T00:01:29","calc_backorders":null,"_links":{"self":[{"href":"https:\/\/aromasentia.com\/da\/wp-json\/wp\/v2\/product\/199881","targetHints":{"allow":["GET"]}}],"collection":[{"href":"https:\/\/aromasentia.com\/da\/wp-json\/wp\/v2\/product"}],"about":[{"href":"https:\/\/aromasentia.com\/da\/wp-json\/wp\/v2\/types\/product"}],"replies":[{"embeddable":true,"href":"https:\/\/aromasentia.com\/da\/wp-json\/wp\/v2\/comments?post=199881"}],"version-history":[{"count":0,"href":"https:\/\/aromasentia.com\/da\/wp-json\/wp\/v2\/product\/199881\/revisions"}],"wp:featuredmedia":[{"embeddable":true,"href":"https:\/\/aromasentia.com\/da\/wp-json\/wp\/v2\/media\/345103"}],"wp:attachment":[{"href":"https:\/\/aromasentia.com\/da\/wp-json\/wp\/v2\/media?parent=199881"}],"wp:term":[{"taxonomy":"product_brand","embeddable":true,"href":"https:\/\/aromasentia.com\/da\/wp-json\/wp\/v2\/product_brand?post=199881"},{"taxonomy":"product_cat","embeddable":true,"href":"https:\/\/aromasentia.com\/da\/wp-json\/wp\/v2\/product_cat?post=199881"},{"taxonomy":"product_tag","embeddable":true,"href":"https:\/\/aromasentia.com\/da\/wp-json\/wp\/v2\/product_tag?post=199881"}],"curies":[{"name":"wp","href":"https:\/\/api.w.org\/{rel}","templated":true}]}}