{"id":199877,"date":"2025-03-22T13:30:31","date_gmt":"2025-03-22T13:30:31","guid":{"rendered":"https:\/\/aromasentia.com\/product\/selenite-moon-bowl-15cm\/"},"modified":"2025-06-22T03:23:41","modified_gmt":"2025-06-22T03:23:41","slug":"selenit-maaneskaal-15-cm","status":"publish","type":"product","link":"https:\/\/aromasentia.com\/da\/selenit-maaneskaal-15-cm\/","title":{"rendered":"Selenit m\u00e5nesk\u00e5l &#8211; 15 cm"},"content":{"rendered":"<p><strong>Selenite Moon Bowl<\/strong> er et unikt og mystisk stykke boligindretning lavet af naturlig selenit, et gennemskinneligt mineral med beroligende og lindrende egenskaber. Sk\u00e5len er formet som en halvm\u00e5ne og m\u00e5ler 15 cm i diameter.<\/p>\n<p>Selenitsk\u00e5lens glatte overflade tilf\u00f8jer et strejf af elegance til ethvert rum, og de naturlige variationer i stenen g\u00f8r hvert stykke unikt. Selenit menes ogs\u00e5 at have helbredende egenskaber og bruges ofte til meditation og energiarbejde.<\/p>\n<p>Selenitsk\u00e5lens halvm\u00e5neform giver en himmelsk og magisk fornemmelse til ethvert rum, og den kan bruges til at holde alt fra sm\u00e5 krystaller til specielle nipsgenstande. Den kan ogs\u00e5 bruges i ritualer eller ceremonier i forbindelse med m\u00e5nens faser eller til at s\u00e6tte intentioner i forbindelse med at manifestere overflod og v\u00e6kst.<\/p>\n<p>Selenite Moon Bowl er et unikt og meningsfuldt stykke boligindretning, der vil forbedre ethvert rum med sin naturlige sk\u00f8nhed og sine mystiske egenskaber. Den er ogs\u00e5 en god gave til alle, der s\u00e6tter pris p\u00e5 de spirituelle og mystiske aspekter af livet, eller som \u00f8nsker at tilf\u00f8je et strejf af himmelsk energi til deres indretning.<\/p>\n","protected":false},"excerpt":{"rendered":"<p>Selenite Moon Bowl er et unikt og mystisk stykke boligindretning lavet af naturlig selenit, et gennemskinneligt mineral med beroligende og lindrende egenskaber. Sk\u00e5len er formet som en halvm\u00e5ne og m\u00e5ler 15 cm i diameter. Selenitsk\u00e5lens glatte overflade tilf\u00f8jer et strejf af elegance til ethvert rum, og de naturlige variationer i stenen g\u00f8r hvert stykke unikt. [&hellip;]<\/p>\n","protected":false},"featured_media":344931,"comment_status":"closed","ping_status":"open","template":"","meta":{"_angie_page":false},"product_brand":[],"product_cat":[5591,6920,25222,6912],"product_tag":[],"class_list":{"0":"post-199877","1":"product","2":"type-product","3":"status-publish","4":"has-post-thumbnail","6":"product_cat-hjem-og-have","7":"product_cat-inspiration","8":"product_cat-krystaller-og-sten","9":"product_cat-selenit","10":"pa_collection-selenite-bowls-da","11":"pa_made-in-marokko","13":"first","14":"instock","15":"purchasable","16":"product-type-simple"},"supplier_id":null,"supplier_sku":"SelB-06","barcode":null,"atum_controlled":true,"out_stock_date":null,"out_stock_threshold":null,"inheritable":false,"inbound_stock":null,"stock_on_hold":0,"sold_today":0,"sales_last_days":0,"reserved_stock":null,"customer_returns":null,"warehouse_damage":null,"lost_in_post":null,"other_logs":null,"out_stock_days":0,"lost_sales":0,"has_location":null,"update_date":"2026-04-27T07:20:42","atum_locations":[],"atum_stock_status":"instock","restock_status":false,"low_stock_amount":"","sales_update_date":"2026-01-30T01:24:22","calc_backorders":null,"_links":{"self":[{"href":"https:\/\/aromasentia.com\/da\/wp-json\/wp\/v2\/product\/199877","targetHints":{"allow":["GET"]}}],"collection":[{"href":"https:\/\/aromasentia.com\/da\/wp-json\/wp\/v2\/product"}],"about":[{"href":"https:\/\/aromasentia.com\/da\/wp-json\/wp\/v2\/types\/product"}],"replies":[{"embeddable":true,"href":"https:\/\/aromasentia.com\/da\/wp-json\/wp\/v2\/comments?post=199877"}],"version-history":[{"count":0,"href":"https:\/\/aromasentia.com\/da\/wp-json\/wp\/v2\/product\/199877\/revisions"}],"wp:featuredmedia":[{"embeddable":true,"href":"https:\/\/aromasentia.com\/da\/wp-json\/wp\/v2\/media\/344931"}],"wp:attachment":[{"href":"https:\/\/aromasentia.com\/da\/wp-json\/wp\/v2\/media?parent=199877"}],"wp:term":[{"taxonomy":"product_brand","embeddable":true,"href":"https:\/\/aromasentia.com\/da\/wp-json\/wp\/v2\/product_brand?post=199877"},{"taxonomy":"product_cat","embeddable":true,"href":"https:\/\/aromasentia.com\/da\/wp-json\/wp\/v2\/product_cat?post=199877"},{"taxonomy":"product_tag","embeddable":true,"href":"https:\/\/aromasentia.com\/da\/wp-json\/wp\/v2\/product_tag?post=199877"}],"curies":[{"name":"wp","href":"https:\/\/api.w.org\/{rel}","templated":true}]}}