{"id":199874,"date":"2025-03-22T13:30:31","date_gmt":"2025-03-22T13:30:31","guid":{"rendered":"https:\/\/aromasentia.com\/product\/selenite-heart-bowl-10cm\/"},"modified":"2025-06-22T03:23:40","modified_gmt":"2025-06-22T03:23:40","slug":"selenit-hjerte-skaal-10cm","status":"publish","type":"product","link":"https:\/\/aromasentia.com\/da\/selenit-hjerte-skaal-10cm\/","title":{"rendered":"Selenit Hjerte Sk\u00e5l &#8211; 10cm"},"content":{"rendered":"<p><strong>Selenite Heart Bowl<\/strong> er et smukt og unikt stykke boligindretning, som b\u00e5de er funktionelt og \u00e6stetisk tiltalende. Denne hjerteformede sk\u00e5l er lavet af naturlig selenit, et gennemsigtigt mineral med beroligende egenskaber, og m\u00e5ler 10 cm i diameter og er perfekt til at opbevare sm\u00e5 nipsgenstande, smykker eller andre sm\u00e5ting.<\/p>\n<p>Selenitsk\u00e5lens glatte overflade tilf\u00f8jer et strejf af elegance til ethvert rum, og de naturlige variationer i stenen g\u00f8r hvert enkelt stykke unikt. Selenit menes ogs\u00e5 at have helbredende egenskaber og bruges ofte i meditation og energiarbejde.<\/p>\n<p>Hjerteformen p\u00e5 denne selenitsk\u00e5l g\u00f8r den til en s\u00e6rlig bet\u00e6nksom gave til en elsket, en ven eller et familiemedlem. Den kan bruges til at holde sentimentale nipsgenstande, s\u00e5som smykker eller sm\u00e5 minder, eller til blot at tilf\u00f8je et strejf af sk\u00f8nhed og ro til et rum.<\/p>\n<p>Selenit-hjertesk\u00e5len er et unikt og meningsfuldt stykke boligindretning, der vil forbedre ethvert rum med sin naturlige sk\u00f8nhed.<\/p>\n","protected":false},"excerpt":{"rendered":"<p>Selenite Heart Bowl er et smukt og unikt stykke boligindretning, som b\u00e5de er funktionelt og \u00e6stetisk tiltalende. Denne hjerteformede sk\u00e5l er lavet af naturlig selenit, et gennemsigtigt mineral med beroligende egenskaber, og m\u00e5ler 10 cm i diameter og er perfekt til at opbevare sm\u00e5 nipsgenstande, smykker eller andre sm\u00e5ting. Selenitsk\u00e5lens glatte overflade tilf\u00f8jer et strejf [&hellip;]<\/p>\n","protected":false},"featured_media":344784,"comment_status":"closed","ping_status":"open","template":"","meta":{"_angie_page":false},"product_brand":[],"product_cat":[5591,6920,25222,6912],"product_tag":[],"class_list":{"0":"post-199874","1":"product","2":"type-product","3":"status-publish","4":"has-post-thumbnail","6":"product_cat-hjem-og-have","7":"product_cat-inspiration","8":"product_cat-krystaller-og-sten","9":"product_cat-selenit","10":"pa_collection-selenite-bowls-da","11":"pa_made-in-marokko","13":"first","14":"instock","15":"purchasable","16":"product-type-simple"},"supplier_id":null,"supplier_sku":"SelB-03","barcode":null,"atum_controlled":true,"out_stock_date":null,"out_stock_threshold":null,"inheritable":false,"inbound_stock":null,"stock_on_hold":0,"sold_today":0,"sales_last_days":0,"reserved_stock":null,"customer_returns":null,"warehouse_damage":null,"lost_in_post":null,"other_logs":null,"out_stock_days":0,"lost_sales":0,"has_location":null,"update_date":"2026-05-04T00:04:58","atum_locations":[],"atum_stock_status":"instock","restock_status":false,"low_stock_amount":"","sales_update_date":"2025-09-05T00:25:43","calc_backorders":null,"_links":{"self":[{"href":"https:\/\/aromasentia.com\/da\/wp-json\/wp\/v2\/product\/199874","targetHints":{"allow":["GET"]}}],"collection":[{"href":"https:\/\/aromasentia.com\/da\/wp-json\/wp\/v2\/product"}],"about":[{"href":"https:\/\/aromasentia.com\/da\/wp-json\/wp\/v2\/types\/product"}],"replies":[{"embeddable":true,"href":"https:\/\/aromasentia.com\/da\/wp-json\/wp\/v2\/comments?post=199874"}],"version-history":[{"count":0,"href":"https:\/\/aromasentia.com\/da\/wp-json\/wp\/v2\/product\/199874\/revisions"}],"wp:featuredmedia":[{"embeddable":true,"href":"https:\/\/aromasentia.com\/da\/wp-json\/wp\/v2\/media\/344784"}],"wp:attachment":[{"href":"https:\/\/aromasentia.com\/da\/wp-json\/wp\/v2\/media?parent=199874"}],"wp:term":[{"taxonomy":"product_brand","embeddable":true,"href":"https:\/\/aromasentia.com\/da\/wp-json\/wp\/v2\/product_brand?post=199874"},{"taxonomy":"product_cat","embeddable":true,"href":"https:\/\/aromasentia.com\/da\/wp-json\/wp\/v2\/product_cat?post=199874"},{"taxonomy":"product_tag","embeddable":true,"href":"https:\/\/aromasentia.com\/da\/wp-json\/wp\/v2\/product_tag?post=199874"}],"curies":[{"name":"wp","href":"https:\/\/api.w.org\/{rel}","templated":true}]}}