{"id":199856,"date":"2025-03-22T13:30:39","date_gmt":"2025-03-22T13:30:39","guid":{"rendered":"https:\/\/aromasentia.com\/product\/selenite-heart-3-4cm\/"},"modified":"2025-06-22T03:23:30","modified_gmt":"2025-06-22T03:23:30","slug":"selenit-hjerte-3-4-cm","status":"publish","type":"product","link":"https:\/\/aromasentia.com\/da\/selenit-hjerte-3-4-cm\/","title":{"rendered":"Selenit Hjerte &#8211; 3-4 cm"},"content":{"rendered":"<p><strong>Grosshandel med selenithjerte<\/strong><\/p>\n<p style=\"text-align: justify;\">Det er almindeligt accepteret, at selenit er en af de mest kraftfulde krystaller til healing. Den har ogs\u00e5 forbindelse til det tredje \u00f8je, kronen og de \u00e6teriske chakraer. Nogle siger, at den fremmer renhed og \u00e6rlighed. Det siges, at den tvinger den person, der holder den, til at v\u00e6re \u00e6rlig over for sig selv.&nbsp;<\/p>\n<p style=\"text-align: justify;\">Selenithjertets st\u00f8rrelse: L\u00e6ngde 4 cm, diameter 3 cm<\/p>\n<p>.<\/p>\n","protected":false},"excerpt":{"rendered":"<p>Grosshandel med selenithjerte Det er almindeligt accepteret, at selenit er en af de mest kraftfulde krystaller til healing. Den har ogs\u00e5 forbindelse til det tredje \u00f8je, kronen og de \u00e6teriske chakraer. Nogle siger, at den fremmer renhed og \u00e6rlighed. Det siges, at den tvinger den person, der holder den, til at v\u00e6re \u00e6rlig over for [&hellip;]<\/p>\n","protected":false},"featured_media":346815,"comment_status":"closed","ping_status":"open","template":"","meta":{"_angie_page":false},"product_brand":[],"product_cat":[5591,6920,25222,6912],"product_tag":[],"class_list":{"0":"post-199856","1":"product","2":"type-product","3":"status-publish","4":"has-post-thumbnail","6":"product_cat-hjem-og-have","7":"product_cat-inspiration","8":"product_cat-krystaller-og-sten","9":"product_cat-selenit","10":"pa_collection-selenite-wands-da","11":"pa_made-in-marokko","13":"first","14":"instock","15":"purchasable","16":"product-type-simple"},"supplier_id":null,"supplier_sku":"SelW-16","barcode":null,"atum_controlled":true,"out_stock_date":null,"out_stock_threshold":null,"inheritable":false,"inbound_stock":null,"stock_on_hold":0,"sold_today":0,"sales_last_days":0,"reserved_stock":null,"customer_returns":null,"warehouse_damage":null,"lost_in_post":null,"other_logs":null,"out_stock_days":0,"lost_sales":0,"has_location":null,"update_date":"2026-04-27T07:21:08","atum_locations":[],"atum_stock_status":"instock","restock_status":false,"low_stock_amount":"","sales_update_date":"2025-09-05T00:26:11","calc_backorders":null,"_links":{"self":[{"href":"https:\/\/aromasentia.com\/da\/wp-json\/wp\/v2\/product\/199856","targetHints":{"allow":["GET"]}}],"collection":[{"href":"https:\/\/aromasentia.com\/da\/wp-json\/wp\/v2\/product"}],"about":[{"href":"https:\/\/aromasentia.com\/da\/wp-json\/wp\/v2\/types\/product"}],"replies":[{"embeddable":true,"href":"https:\/\/aromasentia.com\/da\/wp-json\/wp\/v2\/comments?post=199856"}],"version-history":[{"count":0,"href":"https:\/\/aromasentia.com\/da\/wp-json\/wp\/v2\/product\/199856\/revisions"}],"wp:featuredmedia":[{"embeddable":true,"href":"https:\/\/aromasentia.com\/da\/wp-json\/wp\/v2\/media\/346815"}],"wp:attachment":[{"href":"https:\/\/aromasentia.com\/da\/wp-json\/wp\/v2\/media?parent=199856"}],"wp:term":[{"taxonomy":"product_brand","embeddable":true,"href":"https:\/\/aromasentia.com\/da\/wp-json\/wp\/v2\/product_brand?post=199856"},{"taxonomy":"product_cat","embeddable":true,"href":"https:\/\/aromasentia.com\/da\/wp-json\/wp\/v2\/product_cat?post=199856"},{"taxonomy":"product_tag","embeddable":true,"href":"https:\/\/aromasentia.com\/da\/wp-json\/wp\/v2\/product_tag?post=199856"}],"curies":[{"name":"wp","href":"https:\/\/api.w.org\/{rel}","templated":true}]}}