{"id":199852,"date":"2025-03-22T13:30:39","date_gmt":"2025-03-22T13:30:39","guid":{"rendered":"https:\/\/aromasentia.com\/product\/selenite-stick-raw-crystal-natural-stone-7-10cm\/"},"modified":"2025-06-22T03:23:29","modified_gmt":"2025-06-22T03:23:29","slug":"selenite-stick-raa-krystal-natursten-7-10cm","status":"publish","type":"product","link":"https:\/\/aromasentia.com\/da\/selenite-stick-raa-krystal-natursten-7-10cm\/","title":{"rendered":"Selenite Stick R\u00e5 Krystal &#8211; Natursten 7-10cm"},"content":{"rendered":"<p><span style=\"color: rgb(75, 80, 88);\"><strong>1x Selenitstang R\u00e5 Krystal &#8211; Natursten 7-10cm<\/strong> stammer fra bjergene i Marokko.<\/span><\/p>\n<p><span style=\"color: rgb(75, 80, 88);\">Krystallen fik sit navn fra den gr\u00e6ske m\u00e5negudinde &#8211; Selene &#8211; og du kan se hvorfor&#8230; den m\u00e5de, disse naturlige m\u00e6lkeagtige sten bryder lys p\u00e5, er fuldst\u00e6ndig m\u00e5neformet.<\/span><\/p>\n<p><span style=\"color: rgb(75, 80, 88);\"><strong>Fordele:<\/strong> Det er generelt accepteret, at Selenit er en af de mest kraftfulde krystaller til healing. Den forbinder ogs\u00e5 med det tredje \u00f8je, krone- og \u00e6teriske chakraer. Nogle siger, at den fremmer renhed og \u00e6rlighed. Det siges, at det tvinger den person, der holder det, til at v\u00e6re \u00e6rlig over for sig selv.<\/span><\/p>\n<p><span style=\"color: rgb(141, 186, 216);\"><strong>Tilf\u00f8j dette smukke produkt af fantastisk Selenit for at \u00f8ge dit salg til m\u00e5nen og tilbage.<\/strong><\/span><\/p>\n","protected":false},"excerpt":{"rendered":"<p>1x Selenitstang R\u00e5 Krystal &#8211; Natursten 7-10cm stammer fra bjergene i Marokko. Krystallen fik sit navn fra den gr\u00e6ske m\u00e5negudinde &#8211; Selene &#8211; og du kan se hvorfor&#8230; den m\u00e5de, disse naturlige m\u00e6lkeagtige sten bryder lys p\u00e5, er fuldst\u00e6ndig m\u00e5neformet. Fordele: Det er generelt accepteret, at Selenit er en af de mest kraftfulde krystaller til [&hellip;]<\/p>\n","protected":false},"featured_media":346683,"comment_status":"closed","ping_status":"open","template":"","meta":{"_angie_page":false},"product_brand":[],"product_cat":[5591,6920,25222,6912],"product_tag":[],"class_list":{"0":"post-199852","1":"product","2":"type-product","3":"status-publish","4":"has-post-thumbnail","6":"product_cat-hjem-og-have","7":"product_cat-inspiration","8":"product_cat-krystaller-og-sten","9":"product_cat-selenit","10":"pa_collection-selenite-wands-da","11":"pa_made-in-marokko","13":"first","14":"instock","15":"purchasable","16":"product-type-simple"},"supplier_id":null,"supplier_sku":"SelW-12","barcode":null,"atum_controlled":true,"out_stock_date":null,"out_stock_threshold":null,"inheritable":false,"inbound_stock":null,"stock_on_hold":0,"sold_today":0,"sales_last_days":0,"reserved_stock":null,"customer_returns":null,"warehouse_damage":null,"lost_in_post":null,"other_logs":null,"out_stock_days":0,"lost_sales":0,"has_location":null,"update_date":"2026-05-04T00:04:58","atum_locations":[],"atum_stock_status":"instock","restock_status":false,"low_stock_amount":"","sales_update_date":"2025-09-05T00:26:10","calc_backorders":null,"_links":{"self":[{"href":"https:\/\/aromasentia.com\/da\/wp-json\/wp\/v2\/product\/199852","targetHints":{"allow":["GET"]}}],"collection":[{"href":"https:\/\/aromasentia.com\/da\/wp-json\/wp\/v2\/product"}],"about":[{"href":"https:\/\/aromasentia.com\/da\/wp-json\/wp\/v2\/types\/product"}],"replies":[{"embeddable":true,"href":"https:\/\/aromasentia.com\/da\/wp-json\/wp\/v2\/comments?post=199852"}],"version-history":[{"count":0,"href":"https:\/\/aromasentia.com\/da\/wp-json\/wp\/v2\/product\/199852\/revisions"}],"wp:featuredmedia":[{"embeddable":true,"href":"https:\/\/aromasentia.com\/da\/wp-json\/wp\/v2\/media\/346683"}],"wp:attachment":[{"href":"https:\/\/aromasentia.com\/da\/wp-json\/wp\/v2\/media?parent=199852"}],"wp:term":[{"taxonomy":"product_brand","embeddable":true,"href":"https:\/\/aromasentia.com\/da\/wp-json\/wp\/v2\/product_brand?post=199852"},{"taxonomy":"product_cat","embeddable":true,"href":"https:\/\/aromasentia.com\/da\/wp-json\/wp\/v2\/product_cat?post=199852"},{"taxonomy":"product_tag","embeddable":true,"href":"https:\/\/aromasentia.com\/da\/wp-json\/wp\/v2\/product_tag?post=199852"}],"curies":[{"name":"wp","href":"https:\/\/api.w.org\/{rel}","templated":true}]}}