{"id":199848,"date":"2025-03-22T13:30:39","date_gmt":"2025-03-22T13:30:39","guid":{"rendered":"https:\/\/aromasentia.com\/product\/selenite-palm-stone-8-cm\/"},"modified":"2025-06-22T03:23:27","modified_gmt":"2025-06-22T03:23:27","slug":"selenit-palme-sten-8cm","status":"publish","type":"product","link":"https:\/\/aromasentia.com\/da\/selenit-palme-sten-8cm\/","title":{"rendered":"Selenit Palme Sten &#8211; 8cm"},"content":{"rendered":"<p><span style=\"color: rgb(75, 80, 88);\">Det er generelt accepteret, at <strong>Selenit Palmesten &#8211; 8 cm<\/strong> er en af de mest kraftfulde krystaller til healing.<\/span><\/p>\n<p><span style=\"color: rgb(75, 80, 88);\"><strong>Fordele:<\/strong> Den forbinder sig til det tredje \u00f8je, krone- og \u00e6teriske chakraer. Nogle siger, at <strong>den fremmer renhed og \u00e6rlighed<\/strong><strong>. Det siges, at det tvinger personen, der holder den, til at v\u00e6re \u00e6rlig over for sig selv.<\/span><\/p>\n<p><\/p>\n<p><strong>St\u00f8rrelsen p\u00e5 Selenitpalmestenen:<\/strong> H\u00f8jde 6,5 cm, l\u00e6ngde 5 cm, bredde 1,5 cm<\/p>\n<p><span style=\"color: rgb(141, 186, 216);\"><strong>Hver Selenit er dannet af naturen, s\u00e5 den er helt unik.<br \/>NB: St\u00f8rrelsen p\u00e5 palmestenene kan variere en smule.<\/strong><\/span> <\/p>\n","protected":false},"excerpt":{"rendered":"<p>Det er generelt accepteret, at Selenit Palmesten &#8211; 8 cm er en af de mest kraftfulde krystaller til healing. Fordele: Den forbinder sig til det tredje \u00f8je, krone- og \u00e6teriske chakraer. Nogle siger, at den fremmer renhed og \u00e6rlighed. Det siges, at det tvinger personen, der holder den, til at v\u00e6re \u00e6rlig over for sig [&hellip;]<\/p>\n","protected":false},"featured_media":346511,"comment_status":"closed","ping_status":"open","template":"","meta":{"_angie_page":false},"product_brand":[],"product_cat":[5591,6920,25222,6912],"product_tag":[],"class_list":{"0":"post-199848","1":"product","2":"type-product","3":"status-publish","4":"has-post-thumbnail","6":"product_cat-hjem-og-have","7":"product_cat-inspiration","8":"product_cat-krystaller-og-sten","9":"product_cat-selenit","10":"pa_collection-selenite-wands-da","11":"pa_made-in-marokko","13":"first","14":"instock","15":"purchasable","16":"product-type-simple"},"supplier_id":null,"supplier_sku":"SelW-08","barcode":null,"atum_controlled":true,"out_stock_date":null,"out_stock_threshold":null,"inheritable":false,"inbound_stock":null,"stock_on_hold":0,"sold_today":0,"sales_last_days":0,"reserved_stock":null,"customer_returns":null,"warehouse_damage":null,"lost_in_post":null,"other_logs":null,"out_stock_days":0,"lost_sales":0,"has_location":null,"update_date":"2026-05-04T00:04:58","atum_locations":[],"atum_stock_status":"instock","restock_status":false,"low_stock_amount":"","sales_update_date":"2025-09-05T00:26:08","calc_backorders":null,"_links":{"self":[{"href":"https:\/\/aromasentia.com\/da\/wp-json\/wp\/v2\/product\/199848","targetHints":{"allow":["GET"]}}],"collection":[{"href":"https:\/\/aromasentia.com\/da\/wp-json\/wp\/v2\/product"}],"about":[{"href":"https:\/\/aromasentia.com\/da\/wp-json\/wp\/v2\/types\/product"}],"replies":[{"embeddable":true,"href":"https:\/\/aromasentia.com\/da\/wp-json\/wp\/v2\/comments?post=199848"}],"version-history":[{"count":0,"href":"https:\/\/aromasentia.com\/da\/wp-json\/wp\/v2\/product\/199848\/revisions"}],"wp:featuredmedia":[{"embeddable":true,"href":"https:\/\/aromasentia.com\/da\/wp-json\/wp\/v2\/media\/346511"}],"wp:attachment":[{"href":"https:\/\/aromasentia.com\/da\/wp-json\/wp\/v2\/media?parent=199848"}],"wp:term":[{"taxonomy":"product_brand","embeddable":true,"href":"https:\/\/aromasentia.com\/da\/wp-json\/wp\/v2\/product_brand?post=199848"},{"taxonomy":"product_cat","embeddable":true,"href":"https:\/\/aromasentia.com\/da\/wp-json\/wp\/v2\/product_cat?post=199848"},{"taxonomy":"product_tag","embeddable":true,"href":"https:\/\/aromasentia.com\/da\/wp-json\/wp\/v2\/product_tag?post=199848"}],"curies":[{"name":"wp","href":"https:\/\/api.w.org\/{rel}","templated":true}]}}