{"id":199833,"date":"2025-03-22T13:30:39","date_gmt":"2025-03-22T13:30:39","guid":{"rendered":"https:\/\/aromasentia.com\/product\/natural-selenite-tower-10-cm\/"},"modified":"2025-06-22T03:23:19","modified_gmt":"2025-06-22T03:23:19","slug":"selenittaarn-10cm","status":"publish","type":"product","link":"https:\/\/aromasentia.com\/da\/selenittaarn-10cm\/","title":{"rendered":"Selenitt\u00e5rn &#8211; 10cm"},"content":{"rendered":"<p>Selenit er en rigelig sten kendt som Satin Spar p\u00e5 grund af den m\u00e6lkeagtige glans, der skinner fra overfladen. Den er ogs\u00e5 kendt som \u00f8rkenrose eller gipsblomst.<\/p>\n<p><\/p>\n<p>Selenitprodukter er markeret med st\u00f8rrelser for at give en grov id\u00e9 om st\u00f8rrelsen. Hver sten er helt unik.<\/p>\n<p><\/p>\n<p>St\u00f8rrelser: H: 10 cm, B: 3,5 cm, v\u00e6gt 200 g.<\/p>\n","protected":false},"excerpt":{"rendered":"<p>Selenit er en rigelig sten kendt som Satin Spar p\u00e5 grund af den m\u00e6lkeagtige glans, der skinner fra overfladen. Den er ogs\u00e5 kendt som \u00f8rkenrose eller gipsblomst. Selenitprodukter er markeret med st\u00f8rrelser for at give en grov id\u00e9 om st\u00f8rrelsen. Hver sten er helt unik. St\u00f8rrelser: H: 10 cm, B: 3,5 cm, v\u00e6gt 200 g.<\/p>\n","protected":false},"featured_media":346200,"comment_status":"closed","ping_status":"open","template":"","meta":{"_angie_page":false},"product_brand":[],"product_cat":[6243,25222,6912],"product_tag":[],"class_list":{"0":"post-199833","1":"product","2":"type-product","3":"status-publish","4":"has-post-thumbnail","6":"product_cat-esoteriske-gaver","7":"product_cat-krystaller-og-sten","8":"product_cat-selenit","9":"pa_collection-selenite-towers-da","10":"pa_made-in-marokko","12":"first","13":"instock","14":"purchasable","15":"product-type-simple"},"supplier_id":null,"supplier_sku":"SelT-02","barcode":null,"atum_controlled":true,"out_stock_date":null,"out_stock_threshold":null,"inheritable":false,"inbound_stock":null,"stock_on_hold":0,"sold_today":0,"sales_last_days":0,"reserved_stock":null,"customer_returns":null,"warehouse_damage":null,"lost_in_post":null,"other_logs":null,"out_stock_days":0,"lost_sales":0,"has_location":null,"update_date":"2026-04-27T07:21:00","atum_locations":[],"atum_stock_status":"instock","restock_status":false,"low_stock_amount":"","sales_update_date":"2026-02-06T00:01:59","calc_backorders":null,"_links":{"self":[{"href":"https:\/\/aromasentia.com\/da\/wp-json\/wp\/v2\/product\/199833","targetHints":{"allow":["GET"]}}],"collection":[{"href":"https:\/\/aromasentia.com\/da\/wp-json\/wp\/v2\/product"}],"about":[{"href":"https:\/\/aromasentia.com\/da\/wp-json\/wp\/v2\/types\/product"}],"replies":[{"embeddable":true,"href":"https:\/\/aromasentia.com\/da\/wp-json\/wp\/v2\/comments?post=199833"}],"version-history":[{"count":0,"href":"https:\/\/aromasentia.com\/da\/wp-json\/wp\/v2\/product\/199833\/revisions"}],"wp:featuredmedia":[{"embeddable":true,"href":"https:\/\/aromasentia.com\/da\/wp-json\/wp\/v2\/media\/346200"}],"wp:attachment":[{"href":"https:\/\/aromasentia.com\/da\/wp-json\/wp\/v2\/media?parent=199833"}],"wp:term":[{"taxonomy":"product_brand","embeddable":true,"href":"https:\/\/aromasentia.com\/da\/wp-json\/wp\/v2\/product_brand?post=199833"},{"taxonomy":"product_cat","embeddable":true,"href":"https:\/\/aromasentia.com\/da\/wp-json\/wp\/v2\/product_cat?post=199833"},{"taxonomy":"product_tag","embeddable":true,"href":"https:\/\/aromasentia.com\/da\/wp-json\/wp\/v2\/product_tag?post=199833"}],"curies":[{"name":"wp","href":"https:\/\/api.w.org\/{rel}","templated":true}]}}