{"id":199830,"date":"2025-03-22T13:30:39","date_gmt":"2025-03-22T13:30:39","guid":{"rendered":"https:\/\/aromasentia.com\/product\/natural-selenite-tower-lamp-20-cm\/"},"modified":"2025-06-22T03:23:18","modified_gmt":"2025-06-22T03:23:18","slug":"naturlig-selenit-taarnlampe-20-cm","status":"publish","type":"product","link":"https:\/\/aromasentia.com\/da\/naturlig-selenit-taarnlampe-20-cm\/","title":{"rendered":"Naturlig Selenit T\u00e5rnlampe &#8211; 20 cm"},"content":{"rendered":"<p><strong>Inkluderer kabel og p\u00e6re.<\/strong><\/p>\n<p>Selenitlamper er kendt for deres rensende og helbredende evner og kan hj\u00e6lpe med at fjerne negativ energi fra b\u00e5de vores chakraer og det omgivende milj\u00f8. Selenit er en sten for klarhed og vejledning, der giver st\u00f8tte til at &#8220;klare dit sind&#8221;, sk\u00e6rpe din bevidsthed og give dig mulighed for at se sandheden ved at forbinde dig til en h\u00f8jere bevidsthed.<\/p>\n<p>Selenits blide helbredende egenskaber kan bruges til at beskytte mod negativ energi og skabe et trygt og roligt rum med en fredelig atmosf\u00e6re. Selenit renser krystaller og fornyer deres energi. Selenit har ogs\u00e5 beroligende egenskaber, hvilket g\u00f8r den ideel til meditation eller spirituelt arbejde.<\/p>\n<p>Selenit\u00e5rnlamper er virkelig smukke naturlige krystaller og en fantastisk gaveid\u00e9.<\/p>\n","protected":false},"excerpt":{"rendered":"<p>Inkluderer kabel og p\u00e6re. Selenitlamper er kendt for deres rensende og helbredende evner og kan hj\u00e6lpe med at fjerne negativ energi fra b\u00e5de vores chakraer og det omgivende milj\u00f8. Selenit er en sten for klarhed og vejledning, der giver st\u00f8tte til at &#8220;klare dit sind&#8221;, sk\u00e6rpe din bevidsthed og give dig mulighed for at se [&hellip;]<\/p>\n","protected":false},"featured_media":346141,"comment_status":"closed","ping_status":"open","template":"","meta":{"_angie_page":false},"product_brand":[],"product_cat":[6243,25222,6912],"product_tag":[],"class_list":{"0":"post-199830","1":"product","2":"type-product","3":"status-publish","4":"has-post-thumbnail","6":"product_cat-esoteriske-gaver","7":"product_cat-krystaller-og-sten","8":"product_cat-selenit","9":"pa_collection-natural-selenite-tower-lamps-da","10":"pa_made-in-storbritannien","12":"first","13":"instock","14":"purchasable","15":"product-type-simple"},"supplier_id":null,"supplier_sku":"SelLp-02","barcode":null,"atum_controlled":true,"out_stock_date":null,"out_stock_threshold":null,"inheritable":false,"inbound_stock":null,"stock_on_hold":0,"sold_today":0,"sales_last_days":0,"reserved_stock":null,"customer_returns":null,"warehouse_damage":null,"lost_in_post":null,"other_logs":null,"out_stock_days":0,"lost_sales":0,"has_location":null,"update_date":"2026-04-27T07:20:54","atum_locations":[],"atum_stock_status":"instock","restock_status":false,"low_stock_amount":"","sales_update_date":"2025-09-05T00:25:59","calc_backorders":null,"_links":{"self":[{"href":"https:\/\/aromasentia.com\/da\/wp-json\/wp\/v2\/product\/199830","targetHints":{"allow":["GET"]}}],"collection":[{"href":"https:\/\/aromasentia.com\/da\/wp-json\/wp\/v2\/product"}],"about":[{"href":"https:\/\/aromasentia.com\/da\/wp-json\/wp\/v2\/types\/product"}],"replies":[{"embeddable":true,"href":"https:\/\/aromasentia.com\/da\/wp-json\/wp\/v2\/comments?post=199830"}],"version-history":[{"count":0,"href":"https:\/\/aromasentia.com\/da\/wp-json\/wp\/v2\/product\/199830\/revisions"}],"wp:featuredmedia":[{"embeddable":true,"href":"https:\/\/aromasentia.com\/da\/wp-json\/wp\/v2\/media\/346141"}],"wp:attachment":[{"href":"https:\/\/aromasentia.com\/da\/wp-json\/wp\/v2\/media?parent=199830"}],"wp:term":[{"taxonomy":"product_brand","embeddable":true,"href":"https:\/\/aromasentia.com\/da\/wp-json\/wp\/v2\/product_brand?post=199830"},{"taxonomy":"product_cat","embeddable":true,"href":"https:\/\/aromasentia.com\/da\/wp-json\/wp\/v2\/product_cat?post=199830"},{"taxonomy":"product_tag","embeddable":true,"href":"https:\/\/aromasentia.com\/da\/wp-json\/wp\/v2\/product_tag?post=199830"}],"curies":[{"name":"wp","href":"https:\/\/api.w.org\/{rel}","templated":true}]}}